{"id":4331,"date":"2025-07-21T15:18:54","date_gmt":"2025-07-21T13:18:54","guid":{"rendered":"https:\/\/www.apagcosyst.com\/?page_id=4331"},"modified":"2025-08-21T12:41:00","modified_gmt":"2025-08-21T10:41:00","slug":"industrielle-automatisierung","status":"publish","type":"page","link":"https:\/\/www.apagcosyst.com\/de\/technologien-loesungen\/industrielle-automatisierung\/","title":{"rendered":"Industrielle Automatisierung"},"content":{"rendered":"<h2>Ma\u00dfgeschneiderte Automatisierungsl\u00f6sungen f\u00fcr die Elektronikfertigung<\/h2>\n<div class=\"text-aligncenter alignright\" style=\"position: relative; z-index: 1;\"><a class=\"lightbox\" style=\"line-height: 0;\" href=\"\/wp-content\/uploads\/industrial_automation_brochure.png\"><img class=\"size-thumbnail wp-image-1840\" title=\"Industrial Automation Brochure\" src=\"\/wp-content\/uploads\/industrial_automation_brochure_mini.png\" alt=\"Industrial Automation Brochure\" width=\"320\" data-wp-editing=\"1\" \/><\/a><\/p>\n<p style=\"margin: 0;\">Click to Enlarge<\/p>\n<\/div>\n<p>Bei APAGCoSyst entwickeln wir individuelle Automatisierungsl\u00f6sungen, die auf die hohen Anforderungen der Serienfertigung von Elektronik abgestimmt sind. Unsere automatisierten Systeme sind darauf ausgelegt, die Ausbeute zu steigern, Kosten zu senken und skalierbare Produktionsergebnisse zu liefern, die den sich wandelnden Anforderungen der Automobil-, Industrie- und Medizintechnik gerecht werden.<\/p>\n<p>Seit 2018 baut unser spezialisiertes Team f\u00fcr Industrielle Automatisierung intelligente Fertigungssysteme an unseren globalen Standorten \u2013 in Deutschland, Tschechien und Kanada. Ob f\u00fcr interne Prozesse oder externe Kunden: Wir decken den gesamten Prozess ab \u2013 von der Idee bis zur vollumf\u00e4nglichen Serienproduktion \u2013 und steigern die Effizienz in jeder Phase.<\/p>\n<p><iframe src=\"https:\/\/www.youtube.com\/embed\/rkqEUM4k7Iw?start=4\" width=\"100%\" height=\"450\" frameborder=\"0\" allowfullscreen=\"allowfullscreen\"><\/iframe><\/p>\n","protected":false},"excerpt":{"rendered":"<p>Ma\u00dfgeschneiderte Automatisierungsl\u00f6sungen f\u00fcr die Elektronikfertigung Click to Enlarge Bei APAGCoSyst entwickeln wir individuelle Automatisierungsl\u00f6sungen, die auf die hohen Anforderungen der Serienfertigung von Elektronik abgestimmt sind. Unsere automatisierten Systeme sind darauf ausgelegt, die Ausbeute zu steigern, Kosten zu senken und skalierbare Produktionsergebnisse zu liefern, die den sich wandelnden Anforderungen der Automobil-, Industrie- und Medizintechnik gerecht werden. [&hellip;]<\/p>\n","protected":false},"author":31,"featured_media":0,"parent":1579,"menu_order":0,"comment_status":"closed","ping_status":"closed","template":"","meta":{"inline_featured_image":false},"acf":[],"yoast_head":"<!-- This site is optimized with the Yoast SEO plugin v19.11 - https:\/\/yoast.com\/wordpress\/plugins\/seo\/ -->\n<title>Industrielle Automatisierung - APAGCoSyst<\/title>\n<meta name=\"robots\" content=\"index, follow, max-snippet:-1, max-image-preview:large, max-video-preview:-1\" \/>\n<link rel=\"canonical\" href=\"https:\/\/www.apagcosyst.com\/de\/technologien-loesungen\/industrielle-automatisierung\/\" \/>\n<meta property=\"og:locale\" content=\"de_DE\" \/>\n<meta property=\"og:type\" content=\"article\" \/>\n<meta property=\"og:title\" content=\"Industrielle Automatisierung - APAGCoSyst\" \/>\n<meta property=\"og:description\" content=\"Ma\u00dfgeschneiderte Automatisierungsl\u00f6sungen f\u00fcr die Elektronikfertigung Click to Enlarge Bei APAGCoSyst entwickeln wir individuelle Automatisierungsl\u00f6sungen, die auf die hohen Anforderungen der Serienfertigung von Elektronik abgestimmt sind. Unsere automatisierten Systeme sind darauf ausgelegt, die Ausbeute zu steigern, Kosten zu senken und skalierbare Produktionsergebnisse zu liefern, die den sich wandelnden Anforderungen der Automobil-, Industrie- und Medizintechnik gerecht werden. [&hellip;]\" \/>\n<meta property=\"og:url\" content=\"https:\/\/www.apagcosyst.com\/de\/technologien-loesungen\/industrielle-automatisierung\/\" \/>\n<meta property=\"og:site_name\" content=\"APAGCoSyst\" \/>\n<meta property=\"article:modified_time\" content=\"2025-08-21T10:41:00+00:00\" \/>\n<meta name=\"twitter:label1\" content=\"Gesch\u00e4tzte Lesezeit\" \/>\n\t<meta name=\"twitter:data1\" content=\"1 Minute\" \/>\n<!-- \/ Yoast SEO plugin. -->","yoast_head_json":{"title":"Industrielle Automatisierung - APAGCoSyst","robots":{"index":"index","follow":"follow","max-snippet":"max-snippet:-1","max-image-preview":"max-image-preview:large","max-video-preview":"max-video-preview:-1"},"canonical":"https:\/\/www.apagcosyst.com\/de\/technologien-loesungen\/industrielle-automatisierung\/","og_locale":"de_DE","og_type":"article","og_title":"Industrielle Automatisierung - APAGCoSyst","og_description":"Ma\u00dfgeschneiderte Automatisierungsl\u00f6sungen f\u00fcr die Elektronikfertigung Click to Enlarge Bei APAGCoSyst entwickeln wir individuelle Automatisierungsl\u00f6sungen, die auf die hohen Anforderungen der Serienfertigung von Elektronik abgestimmt sind. Unsere automatisierten Systeme sind darauf ausgelegt, die Ausbeute zu steigern, Kosten zu senken und skalierbare Produktionsergebnisse zu liefern, die den sich wandelnden Anforderungen der Automobil-, Industrie- und Medizintechnik gerecht werden. [&hellip;]","og_url":"https:\/\/www.apagcosyst.com\/de\/technologien-loesungen\/industrielle-automatisierung\/","og_site_name":"APAGCoSyst","article_modified_time":"2025-08-21T10:41:00+00:00","twitter_misc":{"Gesch\u00e4tzte Lesezeit":"1 Minute"},"schema":{"@context":"https:\/\/schema.org","@graph":[{"@type":"WebPage","@id":"https:\/\/www.apagcosyst.com\/de\/technologien-loesungen\/industrielle-automatisierung\/","url":"https:\/\/www.apagcosyst.com\/de\/technologien-loesungen\/industrielle-automatisierung\/","name":"Industrielle Automatisierung - APAGCoSyst","isPartOf":{"@id":"https:\/\/www.apagcosyst.com\/de\/#website"},"datePublished":"2025-07-21T13:18:54+00:00","dateModified":"2025-08-21T10:41:00+00:00","breadcrumb":{"@id":"https:\/\/www.apagcosyst.com\/de\/technologien-loesungen\/industrielle-automatisierung\/#breadcrumb"},"inLanguage":"de-DE","potentialAction":[{"@type":"ReadAction","target":["https:\/\/www.apagcosyst.com\/de\/technologien-loesungen\/industrielle-automatisierung\/"]}]},{"@type":"BreadcrumbList","@id":"https:\/\/www.apagcosyst.com\/de\/technologien-loesungen\/industrielle-automatisierung\/#breadcrumb","itemListElement":[{"@type":"ListItem","position":1,"name":"Home","item":"https:\/\/www.apagcosyst.com\/de\/"},{"@type":"ListItem","position":2,"name":"Technologien &#038; L\u00f6sungen","item":"https:\/\/www.apagcosyst.com\/de\/technologien-loesungen\/"},{"@type":"ListItem","position":3,"name":"Industrielle Automatisierung"}]},{"@type":"WebSite","@id":"https:\/\/www.apagcosyst.com\/de\/#website","url":"https:\/\/www.apagcosyst.com\/de\/","name":"APAGCoSyst","description":"","potentialAction":[{"@type":"SearchAction","target":{"@type":"EntryPoint","urlTemplate":"https:\/\/www.apagcosyst.com\/de\/?s={search_term_string}"},"query-input":"required name=search_term_string"}],"inLanguage":"de-DE"}]}},"featured_image_src":null,"featured_image_src_square":null,"_links":{"self":[{"href":"https:\/\/www.apagcosyst.com\/de\/wp-json\/wp\/v2\/pages\/4331"}],"collection":[{"href":"https:\/\/www.apagcosyst.com\/de\/wp-json\/wp\/v2\/pages"}],"about":[{"href":"https:\/\/www.apagcosyst.com\/de\/wp-json\/wp\/v2\/types\/page"}],"author":[{"embeddable":true,"href":"https:\/\/www.apagcosyst.com\/de\/wp-json\/wp\/v2\/users\/31"}],"replies":[{"embeddable":true,"href":"https:\/\/www.apagcosyst.com\/de\/wp-json\/wp\/v2\/comments?post=4331"}],"version-history":[{"count":0,"href":"https:\/\/www.apagcosyst.com\/de\/wp-json\/wp\/v2\/pages\/4331\/revisions"}],"up":[{"embeddable":true,"href":"https:\/\/www.apagcosyst.com\/de\/wp-json\/wp\/v2\/pages\/1579"}],"wp:attachment":[{"href":"https:\/\/www.apagcosyst.com\/de\/wp-json\/wp\/v2\/media?parent=4331"}],"curies":[{"name":"wp","href":"https:\/\/api.w.org\/{rel}","templated":true}]}}