{"id":4018,"date":"2023-02-09T11:45:09","date_gmt":"2023-02-09T10:45:09","guid":{"rendered":"https:\/\/www.apagcosyst.com\/technologien-loesungen\/ems-production-automation\/"},"modified":"2025-07-23T11:13:20","modified_gmt":"2025-07-23T09:13:20","slug":"ems-production-automation","status":"publish","type":"page","link":"https:\/\/www.apagcosyst.com\/de\/technologien-loesungen\/ems-production-automation\/","title":{"rendered":"EMS"},"content":{"rendered":"<p>APAGCoSyst entwirft, entwickelt und fertigt Produkte nach individualisierten Konzepten f\u00fcr die Bed\u00fcrfnisse ihrer Kunden. Unsere flexible und reaktionsschnelle Produktion ist innovativ, mit qualitativ hochwertigen Produkten, von den einfachen best\u00fcckten Leiterplatten bis hin zu verkapselten Produktkomponenten (packaged product components). Zus\u00e4tzlich zu unserem au\u00dfergew\u00f6hnlichen Lieferkettenmanagement verf\u00fcgen wir \u00fcber ein engagiertes Forschungs- und Entwicklungsteam (vom Hardware- und Schaltkreisdesign \u00fcber Embedded Software, mechanisches und optisches Design bis hin zur Testspezifikation) und mit Ihnen zusammenarbeiten kann, um Ihre Ideen zum Leben zu erwecken! Erfahren Sie mehr \u00fcber unsere F&amp;E-Dienstleistungen hier auf unserer Website.<\/p>\n<h2>EMS \u2013 kundenspezifische Elektronikfertigung<\/h2>\n<div class=\"alignright text-aligncenter\" style=\"position: relative; z-index: 1; text-align: center;\"><a class=\"lightbox\" style=\"line-height: 0;\" href=\"\/wp-content\/uploads\/EMS-Automation.png\" rel=\"attachment wp-att-1840\"><br \/>\n<img class=\"additional-align size-thumbnail wp-image-1840\" title=\"EMS &amp; Automation\" src=\"\/wp-content\/uploads\/EMS-Automation-crop.png\" alt=\"EMS &amp; Automation\" width=\"320\" height=\"341\" \/><br \/>\n<\/a><\/p>\n<p style=\"margin: 0;\">Click to Enlarge<\/p>\n<\/div>\n<p>APAGCoSyst ist der f\u00fchrende Lieferant von elektronischen Komponenten f\u00fcr die Automobil-, Medizin- und andere Industrien. Wir bedienen ein breites Spektrum von Kunden in einer Vielzahl von Branchen und bieten die folgenden Dienstleistungen im Bereich der kundenspezifischen Elektronikfertigung an:<\/p>\n<ul>\n<li>Hochgeschwindigkeits-Pr\u00e4zisionsbest\u00fcckungslinien<\/li>\n<li>Eine Reihe von THT-Technologien, einschlie\u00dflich Selektiv- und Roboterl\u00f6ten unter Stickstoffschutzatmosph\u00e4re<\/li>\n<li>Komplexe 100%ige Testm\u00f6glichkeiten (In-Circuit-Tests und Funktionstests)<\/li>\n<li>Kundenspezifische automatisierte Linien, die von unserem Unternehmen nach Kundenw\u00fcnschen entworfen und hergestellt werden<\/li>\n<li>PCB-Finishing-Prozesse, einschlie\u00dflich Conformal Coating und Verguss<\/li>\n<\/ul>\n<p>Das Team von APAGCoSyst macht keine Abstriche bei der Qualit\u00e4t f\u00fcr eine bestimmte Branche und bietet seinen Kunden einen gleichbleibend hohen Qualit\u00e4tsstandard. Wir haben uns den Ruf erworben, einfach herzustellende und kosteng\u00fcnstige Komponenten zu entwickeln, ohne Kompromisse bei der Qualit\u00e4t einzugehen.<\/p>\n<p>Jedes APAGCoSyst-Produkt wird zu 100 % getestet, erf\u00fcllt oder \u00fcbertrifft die strengsten Industriestandards und wird zu den geringstm\u00f6glichen Kosten hergestellt, um die h\u00f6chste Qualit\u00e4t zu erreichen, unabh\u00e4ngig von der Branche oder dem Verwendungszweck.<\/p>\n","protected":false},"excerpt":{"rendered":"<p>APAGCoSyst entwirft, entwickelt und fertigt Produkte nach individualisierten Konzepten f\u00fcr die Bed\u00fcrfnisse ihrer Kunden. Unsere flexible und reaktionsschnelle Produktion ist innovativ, mit qualitativ hochwertigen Produkten, von den einfachen best\u00fcckten Leiterplatten bis hin zu verkapselten Produktkomponenten (packaged product components). Zus\u00e4tzlich zu unserem au\u00dfergew\u00f6hnlichen Lieferkettenmanagement verf\u00fcgen wir \u00fcber ein engagiertes Forschungs- und Entwicklungsteam (vom Hardware- und Schaltkreisdesign [&hellip;]<\/p>\n","protected":false},"author":27,"featured_media":0,"parent":1579,"menu_order":0,"comment_status":"closed","ping_status":"closed","template":"","meta":{"inline_featured_image":false},"acf":[],"yoast_head":"<!-- This site is optimized with the Yoast SEO plugin v19.11 - https:\/\/yoast.com\/wordpress\/plugins\/seo\/ -->\n<title>EMS - APAGCoSyst<\/title>\n<meta name=\"robots\" content=\"index, follow, max-snippet:-1, max-image-preview:large, max-video-preview:-1\" \/>\n<link rel=\"canonical\" href=\"https:\/\/www.apagcosyst.com\/de\/technologien-loesungen\/ems-production-automation\/\" \/>\n<meta property=\"og:locale\" content=\"de_DE\" \/>\n<meta property=\"og:type\" content=\"article\" \/>\n<meta property=\"og:title\" content=\"EMS - APAGCoSyst\" \/>\n<meta property=\"og:description\" content=\"APAGCoSyst entwirft, entwickelt und fertigt Produkte nach individualisierten Konzepten f\u00fcr die Bed\u00fcrfnisse ihrer Kunden. Unsere flexible und reaktionsschnelle Produktion ist innovativ, mit qualitativ hochwertigen Produkten, von den einfachen best\u00fcckten Leiterplatten bis hin zu verkapselten Produktkomponenten (packaged product components). Zus\u00e4tzlich zu unserem au\u00dfergew\u00f6hnlichen Lieferkettenmanagement verf\u00fcgen wir \u00fcber ein engagiertes Forschungs- und Entwicklungsteam (vom Hardware- und Schaltkreisdesign [&hellip;]\" \/>\n<meta property=\"og:url\" content=\"https:\/\/www.apagcosyst.com\/de\/technologien-loesungen\/ems-production-automation\/\" \/>\n<meta property=\"og:site_name\" content=\"APAGCoSyst\" \/>\n<meta property=\"article:modified_time\" content=\"2025-07-23T09:13:20+00:00\" \/>\n<meta name=\"twitter:label1\" content=\"Gesch\u00e4tzte Lesezeit\" \/>\n\t<meta name=\"twitter:data1\" content=\"1 Minute\" \/>\n<!-- \/ Yoast SEO plugin. -->","yoast_head_json":{"title":"EMS - APAGCoSyst","robots":{"index":"index","follow":"follow","max-snippet":"max-snippet:-1","max-image-preview":"max-image-preview:large","max-video-preview":"max-video-preview:-1"},"canonical":"https:\/\/www.apagcosyst.com\/de\/technologien-loesungen\/ems-production-automation\/","og_locale":"de_DE","og_type":"article","og_title":"EMS - APAGCoSyst","og_description":"APAGCoSyst entwirft, entwickelt und fertigt Produkte nach individualisierten Konzepten f\u00fcr die Bed\u00fcrfnisse ihrer Kunden. Unsere flexible und reaktionsschnelle Produktion ist innovativ, mit qualitativ hochwertigen Produkten, von den einfachen best\u00fcckten Leiterplatten bis hin zu verkapselten Produktkomponenten (packaged product components). Zus\u00e4tzlich zu unserem au\u00dfergew\u00f6hnlichen Lieferkettenmanagement verf\u00fcgen wir \u00fcber ein engagiertes Forschungs- und Entwicklungsteam (vom Hardware- und Schaltkreisdesign [&hellip;]","og_url":"https:\/\/www.apagcosyst.com\/de\/technologien-loesungen\/ems-production-automation\/","og_site_name":"APAGCoSyst","article_modified_time":"2025-07-23T09:13:20+00:00","twitter_misc":{"Gesch\u00e4tzte Lesezeit":"1 Minute"},"schema":{"@context":"https:\/\/schema.org","@graph":[{"@type":"WebPage","@id":"https:\/\/www.apagcosyst.com\/de\/technologien-loesungen\/ems-production-automation\/","url":"https:\/\/www.apagcosyst.com\/de\/technologien-loesungen\/ems-production-automation\/","name":"EMS - APAGCoSyst","isPartOf":{"@id":"https:\/\/www.apagcosyst.com\/de\/#website"},"datePublished":"2023-02-09T10:45:09+00:00","dateModified":"2025-07-23T09:13:20+00:00","breadcrumb":{"@id":"https:\/\/www.apagcosyst.com\/de\/technologien-loesungen\/ems-production-automation\/#breadcrumb"},"inLanguage":"de-DE","potentialAction":[{"@type":"ReadAction","target":["https:\/\/www.apagcosyst.com\/de\/technologien-loesungen\/ems-production-automation\/"]}]},{"@type":"BreadcrumbList","@id":"https:\/\/www.apagcosyst.com\/de\/technologien-loesungen\/ems-production-automation\/#breadcrumb","itemListElement":[{"@type":"ListItem","position":1,"name":"Home","item":"https:\/\/www.apagcosyst.com\/de\/"},{"@type":"ListItem","position":2,"name":"Technologien &#038; L\u00f6sungen","item":"https:\/\/www.apagcosyst.com\/de\/technologien-loesungen\/"},{"@type":"ListItem","position":3,"name":"EMS"}]},{"@type":"WebSite","@id":"https:\/\/www.apagcosyst.com\/de\/#website","url":"https:\/\/www.apagcosyst.com\/de\/","name":"APAGCoSyst","description":"","potentialAction":[{"@type":"SearchAction","target":{"@type":"EntryPoint","urlTemplate":"https:\/\/www.apagcosyst.com\/de\/?s={search_term_string}"},"query-input":"required name=search_term_string"}],"inLanguage":"de-DE"}]}},"featured_image_src":null,"featured_image_src_square":null,"_links":{"self":[{"href":"https:\/\/www.apagcosyst.com\/de\/wp-json\/wp\/v2\/pages\/4018"}],"collection":[{"href":"https:\/\/www.apagcosyst.com\/de\/wp-json\/wp\/v2\/pages"}],"about":[{"href":"https:\/\/www.apagcosyst.com\/de\/wp-json\/wp\/v2\/types\/page"}],"author":[{"embeddable":true,"href":"https:\/\/www.apagcosyst.com\/de\/wp-json\/wp\/v2\/users\/27"}],"replies":[{"embeddable":true,"href":"https:\/\/www.apagcosyst.com\/de\/wp-json\/wp\/v2\/comments?post=4018"}],"version-history":[{"count":0,"href":"https:\/\/www.apagcosyst.com\/de\/wp-json\/wp\/v2\/pages\/4018\/revisions"}],"up":[{"embeddable":true,"href":"https:\/\/www.apagcosyst.com\/de\/wp-json\/wp\/v2\/pages\/1579"}],"wp:attachment":[{"href":"https:\/\/www.apagcosyst.com\/de\/wp-json\/wp\/v2\/media?parent=4018"}],"curies":[{"name":"wp","href":"https:\/\/api.w.org\/{rel}","templated":true}]}}