{"id":3978,"date":"2024-10-10T17:35:38","date_gmt":"2024-10-10T15:35:38","guid":{"rendered":"https:\/\/www.apagcosyst.com\/?page_id=3978"},"modified":"2024-10-14T09:11:27","modified_gmt":"2024-10-14T07:11:27","slug":"whistleblowing-politik","status":"publish","type":"page","link":"https:\/\/www.apagcosyst.com\/de\/unsere-gruppe\/whistleblowing-politik\/","title":{"rendered":"Whistleblowing-Politik"},"content":{"rendered":"<p>Bei APAGCoSyst sind wir bestrebt, einen transparenten und ethischen Arbeitsplatz zu schaffen. In \u00dcbereinstimmung mit dem Gesetz Nr. 171\/2023 Slg. \u00fcber den Schutz von Hinweisgebern haben wir ein Whistleblowing-System eingef\u00fchrt, um Mitarbeitern und anderen relevanten Personen eine sichere und vertrauliche M\u00f6glichkeit zu bieten, vermutetes Fehlverhalten, illegale Aktivit\u00e4ten oder andere Verst\u00f6\u00dfe zu melden, die die Merkmale der einschl\u00e4gigen Bestimmungen des Gesetzes zum Schutz von Hinweisgebern erf\u00fcllen.<\/p>\n<p>&nbsp;<\/p>\n<p><strong>Meldekan\u00e4le<\/strong><\/p>\n<p>Wir gew\u00e4hrleisten mehrere Meldewege f\u00fcr die Einreichung von Meldungen:<\/p>\n","protected":false},"excerpt":{"rendered":"<p>Bei APAGCoSyst sind wir bestrebt, einen transparenten und ethischen Arbeitsplatz zu schaffen. In \u00dcbereinstimmung mit dem Gesetz Nr. 171\/2023 Slg. \u00fcber den Schutz von Hinweisgebern haben wir ein Whistleblowing-System eingef\u00fchrt, um Mitarbeitern und anderen relevanten Personen eine sichere und vertrauliche M\u00f6glichkeit zu bieten, vermutetes Fehlverhalten, illegale Aktivit\u00e4ten oder andere Verst\u00f6\u00dfe zu melden, die die Merkmale [&hellip;]<\/p>\n","protected":false},"author":12,"featured_media":0,"parent":1553,"menu_order":0,"comment_status":"closed","ping_status":"closed","template":"","meta":{"inline_featured_image":false},"acf":[],"yoast_head":"<!-- This site is optimized with the Yoast SEO plugin v19.11 - https:\/\/yoast.com\/wordpress\/plugins\/seo\/ -->\n<title>Whistleblowing-Politik - APAGCoSyst<\/title>\n<meta name=\"robots\" content=\"index, follow, max-snippet:-1, max-image-preview:large, max-video-preview:-1\" \/>\n<link rel=\"canonical\" href=\"https:\/\/www.apagcosyst.com\/de\/unsere-gruppe\/whistleblowing-politik\/\" \/>\n<meta property=\"og:locale\" content=\"de_DE\" \/>\n<meta property=\"og:type\" content=\"article\" \/>\n<meta property=\"og:title\" content=\"Whistleblowing-Politik - APAGCoSyst\" \/>\n<meta property=\"og:description\" content=\"Bei APAGCoSyst sind wir bestrebt, einen transparenten und ethischen Arbeitsplatz zu schaffen. In \u00dcbereinstimmung mit dem Gesetz Nr. 171\/2023 Slg. \u00fcber den Schutz von Hinweisgebern haben wir ein Whistleblowing-System eingef\u00fchrt, um Mitarbeitern und anderen relevanten Personen eine sichere und vertrauliche M\u00f6glichkeit zu bieten, vermutetes Fehlverhalten, illegale Aktivit\u00e4ten oder andere Verst\u00f6\u00dfe zu melden, die die Merkmale [&hellip;]\" \/>\n<meta property=\"og:url\" content=\"https:\/\/www.apagcosyst.com\/de\/unsere-gruppe\/whistleblowing-politik\/\" \/>\n<meta property=\"og:site_name\" content=\"APAGCoSyst\" \/>\n<meta property=\"article:modified_time\" content=\"2024-10-14T07:11:27+00:00\" \/>\n<!-- \/ Yoast SEO plugin. -->","yoast_head_json":{"title":"Whistleblowing-Politik - APAGCoSyst","robots":{"index":"index","follow":"follow","max-snippet":"max-snippet:-1","max-image-preview":"max-image-preview:large","max-video-preview":"max-video-preview:-1"},"canonical":"https:\/\/www.apagcosyst.com\/de\/unsere-gruppe\/whistleblowing-politik\/","og_locale":"de_DE","og_type":"article","og_title":"Whistleblowing-Politik - APAGCoSyst","og_description":"Bei APAGCoSyst sind wir bestrebt, einen transparenten und ethischen Arbeitsplatz zu schaffen. In \u00dcbereinstimmung mit dem Gesetz Nr. 171\/2023 Slg. \u00fcber den Schutz von Hinweisgebern haben wir ein Whistleblowing-System eingef\u00fchrt, um Mitarbeitern und anderen relevanten Personen eine sichere und vertrauliche M\u00f6glichkeit zu bieten, vermutetes Fehlverhalten, illegale Aktivit\u00e4ten oder andere Verst\u00f6\u00dfe zu melden, die die Merkmale [&hellip;]","og_url":"https:\/\/www.apagcosyst.com\/de\/unsere-gruppe\/whistleblowing-politik\/","og_site_name":"APAGCoSyst","article_modified_time":"2024-10-14T07:11:27+00:00","schema":{"@context":"https:\/\/schema.org","@graph":[{"@type":"WebPage","@id":"https:\/\/www.apagcosyst.com\/de\/unsere-gruppe\/whistleblowing-politik\/","url":"https:\/\/www.apagcosyst.com\/de\/unsere-gruppe\/whistleblowing-politik\/","name":"Whistleblowing-Politik - APAGCoSyst","isPartOf":{"@id":"https:\/\/www.apagcosyst.com\/de\/#website"},"datePublished":"2024-10-10T15:35:38+00:00","dateModified":"2024-10-14T07:11:27+00:00","breadcrumb":{"@id":"https:\/\/www.apagcosyst.com\/de\/unsere-gruppe\/whistleblowing-politik\/#breadcrumb"},"inLanguage":"de-DE","potentialAction":[{"@type":"ReadAction","target":["https:\/\/www.apagcosyst.com\/de\/unsere-gruppe\/whistleblowing-politik\/"]}]},{"@type":"BreadcrumbList","@id":"https:\/\/www.apagcosyst.com\/de\/unsere-gruppe\/whistleblowing-politik\/#breadcrumb","itemListElement":[{"@type":"ListItem","position":1,"name":"Home","item":"https:\/\/www.apagcosyst.com\/de\/"},{"@type":"ListItem","position":2,"name":"\u00dcber uns","item":"https:\/\/www.apagcosyst.com\/de\/unsere-gruppe\/"},{"@type":"ListItem","position":3,"name":"Whistleblowing-Politik"}]},{"@type":"WebSite","@id":"https:\/\/www.apagcosyst.com\/de\/#website","url":"https:\/\/www.apagcosyst.com\/de\/","name":"APAGCoSyst","description":"","potentialAction":[{"@type":"SearchAction","target":{"@type":"EntryPoint","urlTemplate":"https:\/\/www.apagcosyst.com\/de\/?s={search_term_string}"},"query-input":"required name=search_term_string"}],"inLanguage":"de-DE"}]}},"featured_image_src":null,"featured_image_src_square":null,"_links":{"self":[{"href":"https:\/\/www.apagcosyst.com\/de\/wp-json\/wp\/v2\/pages\/3978"}],"collection":[{"href":"https:\/\/www.apagcosyst.com\/de\/wp-json\/wp\/v2\/pages"}],"about":[{"href":"https:\/\/www.apagcosyst.com\/de\/wp-json\/wp\/v2\/types\/page"}],"author":[{"embeddable":true,"href":"https:\/\/www.apagcosyst.com\/de\/wp-json\/wp\/v2\/users\/12"}],"replies":[{"embeddable":true,"href":"https:\/\/www.apagcosyst.com\/de\/wp-json\/wp\/v2\/comments?post=3978"}],"version-history":[{"count":0,"href":"https:\/\/www.apagcosyst.com\/de\/wp-json\/wp\/v2\/pages\/3978\/revisions"}],"up":[{"embeddable":true,"href":"https:\/\/www.apagcosyst.com\/de\/wp-json\/wp\/v2\/pages\/1553"}],"wp:attachment":[{"href":"https:\/\/www.apagcosyst.com\/de\/wp-json\/wp\/v2\/media?parent=3978"}],"curies":[{"name":"wp","href":"https:\/\/api.w.org\/{rel}","templated":true}]}}