{"id":3142,"date":"2021-12-21T14:38:04","date_gmt":"2021-12-21T14:38:04","guid":{"rendered":"https:\/\/www.medagcosyst.cz\/?page_id=3142"},"modified":"2026-04-16T13:00:48","modified_gmt":"2026-04-16T11:00:48","slug":"kabel-kabelbaeume","status":"publish","type":"page","link":"https:\/\/www.apagcosyst.com\/de\/fur-lieferanten\/kabel-kabelbaeume\/","title":{"rendered":"Kabel &#038; Kabelb\u00e4ume"},"content":{"rendered":"<p>APAGCoSyst sucht Lieferanten, die folgende F\u00e4higkeiten bieten k\u00f6nnen:<\/p>\n<p><strong>Kabel und Kabelb\u00e4ume:<\/strong><\/p>\n<ul>\n<li>Isolierte Einzel- und kunststoffummantelte Rundkabel (z.B. FLRY)<\/li>\n<li>Isolierte Flachbandkabel<\/li>\n<\/ul>\n<p><strong>Kabelb\u00e4ume:<\/strong><\/p>\n<ul>\n<li>Konfektionierte Kabelb\u00e4ume mit Rundkabel<\/li>\n<li>Konfektionierte Kabelb\u00e4ume mit Flachbandkabel<\/li>\n<\/ul>\n<p><strong>Produktion:<\/strong><\/p>\n<ul>\n<li>Hochautomatisiertes Schneiden, Crimpen, Konfektionieren, Wickeln und Testen von Kabeln und Kabelb\u00e4umen<\/li>\n<li>Umspritzen von Gurten<\/li>\n<li>Unterst\u00fctzung w\u00e4hrend der Entwicklungsphase von Kabelb\u00e4umen<\/li>\n<li>Rapid Prototyping<\/li>\n<\/ul>\n<p><strong>Kontakt:<\/strong> Herr Mihir Pandya (<a href=\"mailto:mihir.pandya@apagcosyst.com\">mihir.pandya@apagcosyst.com<\/a>)<\/p>\n","protected":false},"excerpt":{"rendered":"<p>APAGCoSyst sucht Lieferanten, die folgende F\u00e4higkeiten bieten k\u00f6nnen: Kabel und Kabelb\u00e4ume: Isolierte Einzel- und kunststoffummantelte Rundkabel (z.B. FLRY) Isolierte Flachbandkabel Kabelb\u00e4ume: Konfektionierte Kabelb\u00e4ume mit Rundkabel Konfektionierte Kabelb\u00e4ume mit Flachbandkabel Produktion: Hochautomatisiertes Schneiden, Crimpen, Konfektionieren, Wickeln und Testen von Kabeln und Kabelb\u00e4umen Umspritzen von Gurten Unterst\u00fctzung w\u00e4hrend der Entwicklungsphase von Kabelb\u00e4umen Rapid Prototyping Kontakt: Herr Mihir [&hellip;]<\/p>\n","protected":false},"author":12,"featured_media":0,"parent":1580,"menu_order":0,"comment_status":"closed","ping_status":"closed","template":"","meta":{"inline_featured_image":false},"acf":[],"yoast_head":"<!-- This site is optimized with the Yoast SEO plugin v19.11 - https:\/\/yoast.com\/wordpress\/plugins\/seo\/ -->\n<title>Kabel &amp; Kabelb\u00e4ume - APAGCoSyst<\/title>\n<meta name=\"robots\" content=\"noindex, nofollow\" \/>\n<meta property=\"og:locale\" content=\"de_DE\" \/>\n<meta property=\"og:type\" content=\"article\" \/>\n<meta property=\"og:title\" content=\"Kabel &amp; Kabelb\u00e4ume - APAGCoSyst\" \/>\n<meta property=\"og:description\" content=\"APAGCoSyst sucht Lieferanten, die folgende F\u00e4higkeiten bieten k\u00f6nnen: Kabel und Kabelb\u00e4ume: Isolierte Einzel- und kunststoffummantelte Rundkabel (z.B. FLRY) Isolierte Flachbandkabel Kabelb\u00e4ume: Konfektionierte Kabelb\u00e4ume mit Rundkabel Konfektionierte Kabelb\u00e4ume mit Flachbandkabel Produktion: Hochautomatisiertes Schneiden, Crimpen, Konfektionieren, Wickeln und Testen von Kabeln und Kabelb\u00e4umen Umspritzen von Gurten Unterst\u00fctzung w\u00e4hrend der Entwicklungsphase von Kabelb\u00e4umen Rapid Prototyping Kontakt: Herr Mihir [&hellip;]\" \/>\n<meta property=\"og:url\" content=\"https:\/\/www.apagcosyst.com\/de\/fur-lieferanten\/kabel-kabelbaeume\/\" \/>\n<meta property=\"og:site_name\" content=\"APAGCoSyst\" \/>\n<meta property=\"article:modified_time\" content=\"2026-04-16T11:00:48+00:00\" \/>\n<!-- \/ Yoast SEO plugin. -->","yoast_head_json":{"title":"Kabel & Kabelb\u00e4ume - APAGCoSyst","robots":{"index":"noindex","follow":"nofollow"},"og_locale":"de_DE","og_type":"article","og_title":"Kabel & Kabelb\u00e4ume - APAGCoSyst","og_description":"APAGCoSyst sucht Lieferanten, die folgende F\u00e4higkeiten bieten k\u00f6nnen: Kabel und Kabelb\u00e4ume: Isolierte Einzel- und kunststoffummantelte Rundkabel (z.B. FLRY) Isolierte Flachbandkabel Kabelb\u00e4ume: Konfektionierte Kabelb\u00e4ume mit Rundkabel Konfektionierte Kabelb\u00e4ume mit Flachbandkabel Produktion: Hochautomatisiertes Schneiden, Crimpen, Konfektionieren, Wickeln und Testen von Kabeln und Kabelb\u00e4umen Umspritzen von Gurten Unterst\u00fctzung w\u00e4hrend der Entwicklungsphase von Kabelb\u00e4umen Rapid Prototyping Kontakt: Herr Mihir [&hellip;]","og_url":"https:\/\/www.apagcosyst.com\/de\/fur-lieferanten\/kabel-kabelbaeume\/","og_site_name":"APAGCoSyst","article_modified_time":"2026-04-16T11:00:48+00:00","schema":{"@context":"https:\/\/schema.org","@graph":[{"@type":"WebPage","@id":"https:\/\/www.apagcosyst.com\/de\/fur-lieferanten\/kabel-kabelbaeume\/","url":"https:\/\/www.apagcosyst.com\/de\/fur-lieferanten\/kabel-kabelbaeume\/","name":"Kabel & Kabelb\u00e4ume - APAGCoSyst","isPartOf":{"@id":"https:\/\/www.apagcosyst.com\/de\/#website"},"datePublished":"2021-12-21T14:38:04+00:00","dateModified":"2026-04-16T11:00:48+00:00","breadcrumb":{"@id":"https:\/\/www.apagcosyst.com\/de\/fur-lieferanten\/kabel-kabelbaeume\/#breadcrumb"},"inLanguage":"de-DE","potentialAction":[{"@type":"ReadAction","target":["https:\/\/www.apagcosyst.com\/de\/fur-lieferanten\/kabel-kabelbaeume\/"]}]},{"@type":"BreadcrumbList","@id":"https:\/\/www.apagcosyst.com\/de\/fur-lieferanten\/kabel-kabelbaeume\/#breadcrumb","itemListElement":[{"@type":"ListItem","position":1,"name":"Home","item":"https:\/\/www.apagcosyst.com\/de\/"},{"@type":"ListItem","position":2,"name":"F\u00fcr Lieferanten","item":"https:\/\/www.apagcosyst.com\/de\/fur-lieferanten\/"},{"@type":"ListItem","position":3,"name":"Kabel &#038; Kabelb\u00e4ume"}]},{"@type":"WebSite","@id":"https:\/\/www.apagcosyst.com\/de\/#website","url":"https:\/\/www.apagcosyst.com\/de\/","name":"APAGCoSyst","description":"","potentialAction":[{"@type":"SearchAction","target":{"@type":"EntryPoint","urlTemplate":"https:\/\/www.apagcosyst.com\/de\/?s={search_term_string}"},"query-input":"required name=search_term_string"}],"inLanguage":"de-DE"}]}},"featured_image_src":null,"featured_image_src_square":null,"_links":{"self":[{"href":"https:\/\/www.apagcosyst.com\/de\/wp-json\/wp\/v2\/pages\/3142"}],"collection":[{"href":"https:\/\/www.apagcosyst.com\/de\/wp-json\/wp\/v2\/pages"}],"about":[{"href":"https:\/\/www.apagcosyst.com\/de\/wp-json\/wp\/v2\/types\/page"}],"author":[{"embeddable":true,"href":"https:\/\/www.apagcosyst.com\/de\/wp-json\/wp\/v2\/users\/12"}],"replies":[{"embeddable":true,"href":"https:\/\/www.apagcosyst.com\/de\/wp-json\/wp\/v2\/comments?post=3142"}],"version-history":[{"count":0,"href":"https:\/\/www.apagcosyst.com\/de\/wp-json\/wp\/v2\/pages\/3142\/revisions"}],"up":[{"embeddable":true,"href":"https:\/\/www.apagcosyst.com\/de\/wp-json\/wp\/v2\/pages\/1580"}],"wp:attachment":[{"href":"https:\/\/www.apagcosyst.com\/de\/wp-json\/wp\/v2\/media?parent=3142"}],"curies":[{"name":"wp","href":"https:\/\/api.w.org\/{rel}","templated":true}]}}