{"id":3140,"date":"2021-12-21T14:32:09","date_gmt":"2021-12-21T14:32:09","guid":{"rendered":"https:\/\/www.medagcosyst.cz\/?page_id=3140"},"modified":"2022-02-02T13:37:23","modified_gmt":"2022-02-02T13:37:23","slug":"imds","status":"publish","type":"page","link":"https:\/\/www.apagcosyst.com\/de\/fur-lieferanten\/imds\/","title":{"rendered":"IMDS"},"content":{"rendered":"<p>Jeder Lieferant ist verpflichtet im Rahmen der Erstbemusterung die Daten im Internationalen Materialdatensystem (IMDS) einzugeben resp. zu aktualisieren.<\/p>\n<p>Das International Material Data System (IMDS) ist das Materialdatensystem der Automobilindustrie. Urspr\u00fcnglich war es eine gemeinsame Entwicklung von Audi, BMW, Daimler, DXC, Ford, Opel, Porsche, VW und Volvo. Inzwischen sind weitere Hersteller hinzugekommen, und IMDS hat sich zu einem globalen Standard entwickelt, der von fast allen globalen OEMs verwendet wird. Mit weiteren Herstellern werden Gespr\u00e4che \u00fcber deren Teilnahme gef\u00fchrt.<\/p>\n<p>Im IMDS werden alle im Automobilbau verwendeten Materialien gesammelt, gepflegt, analysiert und archiviert. Mit IMDS ist es m\u00f6glich, den Verpflichtungen der Automobilhersteller und damit ihrer Zulieferer durch nationale und internationale Normen, Gesetze und Vorschriften nachzukommen.<\/p>\n<p>Jeder OEM kann ein spezielles Akzeptanzkriterium haben. Informieren Sie sich im International Material Data System \u00fcber die OEM-Abnahmekriterien und das MDS-Newsletter-Archiv.<\/p>\n<p><strong>APAG IMDS ID-N\u00b0 11545<\/strong><br \/>\n<strong>Email:<\/strong> <a href=\"mailto:SupplierIMDS@apagcosyst.com\">SupplierIMDS@apagcosyst.com<\/a><br \/>\n<strong>Contact:<\/strong> Herr Miroslav Dubec (<a href=\"mailto:miroslav.dubec@apagcosyst.com\">miroslav.dubec@apagcosyst.com<\/a>)<\/p>\n","protected":false},"excerpt":{"rendered":"<p>Jeder Lieferant ist verpflichtet im Rahmen der Erstbemusterung die Daten im Internationalen Materialdatensystem (IMDS) einzugeben resp. zu aktualisieren. Das International Material Data System (IMDS) ist das Materialdatensystem der Automobilindustrie. Urspr\u00fcnglich war es eine gemeinsame Entwicklung von Audi, BMW, Daimler, DXC, Ford, Opel, Porsche, VW und Volvo. Inzwischen sind weitere Hersteller hinzugekommen, und IMDS hat sich [&hellip;]<\/p>\n","protected":false},"author":12,"featured_media":0,"parent":1580,"menu_order":0,"comment_status":"closed","ping_status":"closed","template":"","meta":{"inline_featured_image":false},"acf":[],"yoast_head":"<!-- This site is optimized with the Yoast SEO plugin v19.11 - https:\/\/yoast.com\/wordpress\/plugins\/seo\/ -->\n<title>IMDS - APAGCoSyst<\/title>\n<meta name=\"robots\" content=\"index, follow, max-snippet:-1, max-image-preview:large, max-video-preview:-1\" \/>\n<link rel=\"canonical\" href=\"https:\/\/www.apagcosyst.com\/de\/fur-lieferanten\/imds\/\" \/>\n<meta property=\"og:locale\" content=\"de_DE\" \/>\n<meta property=\"og:type\" content=\"article\" \/>\n<meta property=\"og:title\" content=\"IMDS - APAGCoSyst\" \/>\n<meta property=\"og:description\" content=\"Jeder Lieferant ist verpflichtet im Rahmen der Erstbemusterung die Daten im Internationalen Materialdatensystem (IMDS) einzugeben resp. zu aktualisieren. Das International Material Data System (IMDS) ist das Materialdatensystem der Automobilindustrie. Urspr\u00fcnglich war es eine gemeinsame Entwicklung von Audi, BMW, Daimler, DXC, Ford, Opel, Porsche, VW und Volvo. Inzwischen sind weitere Hersteller hinzugekommen, und IMDS hat sich [&hellip;]\" \/>\n<meta property=\"og:url\" content=\"https:\/\/www.apagcosyst.com\/de\/fur-lieferanten\/imds\/\" \/>\n<meta property=\"og:site_name\" content=\"APAGCoSyst\" \/>\n<meta property=\"article:modified_time\" content=\"2022-02-02T13:37:23+00:00\" \/>\n<meta name=\"twitter:label1\" content=\"Gesch\u00e4tzte Lesezeit\" \/>\n\t<meta name=\"twitter:data1\" content=\"1 Minute\" \/>\n<!-- \/ Yoast SEO plugin. -->","yoast_head_json":{"title":"IMDS - APAGCoSyst","robots":{"index":"index","follow":"follow","max-snippet":"max-snippet:-1","max-image-preview":"max-image-preview:large","max-video-preview":"max-video-preview:-1"},"canonical":"https:\/\/www.apagcosyst.com\/de\/fur-lieferanten\/imds\/","og_locale":"de_DE","og_type":"article","og_title":"IMDS - APAGCoSyst","og_description":"Jeder Lieferant ist verpflichtet im Rahmen der Erstbemusterung die Daten im Internationalen Materialdatensystem (IMDS) einzugeben resp. zu aktualisieren. Das International Material Data System (IMDS) ist das Materialdatensystem der Automobilindustrie. Urspr\u00fcnglich war es eine gemeinsame Entwicklung von Audi, BMW, Daimler, DXC, Ford, Opel, Porsche, VW und Volvo. Inzwischen sind weitere Hersteller hinzugekommen, und IMDS hat sich [&hellip;]","og_url":"https:\/\/www.apagcosyst.com\/de\/fur-lieferanten\/imds\/","og_site_name":"APAGCoSyst","article_modified_time":"2022-02-02T13:37:23+00:00","twitter_misc":{"Gesch\u00e4tzte Lesezeit":"1 Minute"},"schema":{"@context":"https:\/\/schema.org","@graph":[{"@type":"WebPage","@id":"https:\/\/www.apagcosyst.com\/de\/fur-lieferanten\/imds\/","url":"https:\/\/www.apagcosyst.com\/de\/fur-lieferanten\/imds\/","name":"IMDS - APAGCoSyst","isPartOf":{"@id":"https:\/\/www.apagcosyst.com\/de\/#website"},"datePublished":"2021-12-21T14:32:09+00:00","dateModified":"2022-02-02T13:37:23+00:00","breadcrumb":{"@id":"https:\/\/www.apagcosyst.com\/de\/fur-lieferanten\/imds\/#breadcrumb"},"inLanguage":"de-DE","potentialAction":[{"@type":"ReadAction","target":["https:\/\/www.apagcosyst.com\/de\/fur-lieferanten\/imds\/"]}]},{"@type":"BreadcrumbList","@id":"https:\/\/www.apagcosyst.com\/de\/fur-lieferanten\/imds\/#breadcrumb","itemListElement":[{"@type":"ListItem","position":1,"name":"Home","item":"https:\/\/www.apagcosyst.com\/de\/"},{"@type":"ListItem","position":2,"name":"F\u00fcr Lieferanten","item":"https:\/\/www.apagcosyst.com\/de\/fur-lieferanten\/"},{"@type":"ListItem","position":3,"name":"IMDS"}]},{"@type":"WebSite","@id":"https:\/\/www.apagcosyst.com\/de\/#website","url":"https:\/\/www.apagcosyst.com\/de\/","name":"APAGCoSyst","description":"","potentialAction":[{"@type":"SearchAction","target":{"@type":"EntryPoint","urlTemplate":"https:\/\/www.apagcosyst.com\/de\/?s={search_term_string}"},"query-input":"required name=search_term_string"}],"inLanguage":"de-DE"}]}},"featured_image_src":null,"featured_image_src_square":null,"_links":{"self":[{"href":"https:\/\/www.apagcosyst.com\/de\/wp-json\/wp\/v2\/pages\/3140"}],"collection":[{"href":"https:\/\/www.apagcosyst.com\/de\/wp-json\/wp\/v2\/pages"}],"about":[{"href":"https:\/\/www.apagcosyst.com\/de\/wp-json\/wp\/v2\/types\/page"}],"author":[{"embeddable":true,"href":"https:\/\/www.apagcosyst.com\/de\/wp-json\/wp\/v2\/users\/12"}],"replies":[{"embeddable":true,"href":"https:\/\/www.apagcosyst.com\/de\/wp-json\/wp\/v2\/comments?post=3140"}],"version-history":[{"count":0,"href":"https:\/\/www.apagcosyst.com\/de\/wp-json\/wp\/v2\/pages\/3140\/revisions"}],"up":[{"embeddable":true,"href":"https:\/\/www.apagcosyst.com\/de\/wp-json\/wp\/v2\/pages\/1580"}],"wp:attachment":[{"href":"https:\/\/www.apagcosyst.com\/de\/wp-json\/wp\/v2\/media?parent=3140"}],"curies":[{"name":"wp","href":"https:\/\/api.w.org\/{rel}","templated":true}]}}