{"id":3134,"date":"2021-12-21T14:17:06","date_gmt":"2021-12-21T14:17:06","guid":{"rendered":"https:\/\/www.medagcosyst.cz\/?page_id=3134"},"modified":"2026-04-16T14:34:56","modified_gmt":"2026-04-16T12:34:56","slug":"commodity-leiterplatten-pcbs","status":"publish","type":"page","link":"https:\/\/www.apagcosyst.com\/de\/fur-lieferanten\/commodity-leiterplatten-pcbs\/","title":{"rendered":"Leiterplatten (PCBs)"},"content":{"rendered":"<p>APAGCoSyst arbeitet mit Preferred Supplier Panels. Dar\u00fcber hinaus k\u00f6nnen PCB-Hersteller Informationen zu optimalen Layouts f\u00fcr kundenspezifische Leiterplatten liefern.<\/p>\n<h3>Standardanforderungen:<\/h3>\n<ul>\n<li>Ein- oder doppelseitig, Durchgangsloch plattiert<\/li>\n<li>Muliflex- oder Rigifflex-Leiterplatten aus Polyimid<\/li>\n<li>Semiflex in FR4 als Alternative zu Polyimid<\/li>\n<li>Lieferung nur 100 % elektrisch gepr\u00fcft<\/li>\n<\/ul>\n<p><strong>Kontakt:<\/strong> Herr Klaus Wandler <a href=\"mailto:klaus.wandler@apagcosyst.com\">(klaus.wandler@apagcosyst.com)<\/a><\/p>\n","protected":false},"excerpt":{"rendered":"<p>APAGCoSyst arbeitet mit Preferred Supplier Panels. Dar\u00fcber hinaus k\u00f6nnen PCB-Hersteller Informationen zu optimalen Layouts f\u00fcr kundenspezifische Leiterplatten liefern. Standardanforderungen: Ein- oder doppelseitig, Durchgangsloch plattiert Muliflex- oder Rigifflex-Leiterplatten aus Polyimid Semiflex in FR4 als Alternative zu Polyimid Lieferung nur 100 % elektrisch gepr\u00fcft Kontakt: Herr Klaus Wandler (klaus.wandler@apagcosyst.com)<\/p>\n","protected":false},"author":12,"featured_media":0,"parent":1580,"menu_order":0,"comment_status":"closed","ping_status":"closed","template":"","meta":{"inline_featured_image":false},"acf":[],"yoast_head":"<!-- This site is optimized with the Yoast SEO plugin v19.11 - https:\/\/yoast.com\/wordpress\/plugins\/seo\/ -->\n<title>Leiterplatten (PCBs) - APAGCoSyst<\/title>\n<meta name=\"robots\" content=\"noindex, nofollow\" \/>\n<meta property=\"og:locale\" content=\"de_DE\" \/>\n<meta property=\"og:type\" content=\"article\" \/>\n<meta property=\"og:title\" content=\"Leiterplatten (PCBs) - APAGCoSyst\" \/>\n<meta property=\"og:description\" content=\"APAGCoSyst arbeitet mit Preferred Supplier Panels. Dar\u00fcber hinaus k\u00f6nnen PCB-Hersteller Informationen zu optimalen Layouts f\u00fcr kundenspezifische Leiterplatten liefern. Standardanforderungen: Ein- oder doppelseitig, Durchgangsloch plattiert Muliflex- oder Rigifflex-Leiterplatten aus Polyimid Semiflex in FR4 als Alternative zu Polyimid Lieferung nur 100 % elektrisch gepr\u00fcft Kontakt: Herr Klaus Wandler (klaus.wandler@apagcosyst.com)\" \/>\n<meta property=\"og:url\" content=\"https:\/\/www.apagcosyst.com\/de\/fur-lieferanten\/commodity-leiterplatten-pcbs\/\" \/>\n<meta property=\"og:site_name\" content=\"APAGCoSyst\" \/>\n<meta property=\"article:modified_time\" content=\"2026-04-16T12:34:56+00:00\" \/>\n<!-- \/ Yoast SEO plugin. -->","yoast_head_json":{"title":"Leiterplatten (PCBs) - APAGCoSyst","robots":{"index":"noindex","follow":"nofollow"},"og_locale":"de_DE","og_type":"article","og_title":"Leiterplatten (PCBs) - APAGCoSyst","og_description":"APAGCoSyst arbeitet mit Preferred Supplier Panels. Dar\u00fcber hinaus k\u00f6nnen PCB-Hersteller Informationen zu optimalen Layouts f\u00fcr kundenspezifische Leiterplatten liefern. Standardanforderungen: Ein- oder doppelseitig, Durchgangsloch plattiert Muliflex- oder Rigifflex-Leiterplatten aus Polyimid Semiflex in FR4 als Alternative zu Polyimid Lieferung nur 100 % elektrisch gepr\u00fcft Kontakt: Herr Klaus Wandler (klaus.wandler@apagcosyst.com)","og_url":"https:\/\/www.apagcosyst.com\/de\/fur-lieferanten\/commodity-leiterplatten-pcbs\/","og_site_name":"APAGCoSyst","article_modified_time":"2026-04-16T12:34:56+00:00","schema":{"@context":"https:\/\/schema.org","@graph":[{"@type":"WebPage","@id":"https:\/\/www.apagcosyst.com\/de\/fur-lieferanten\/commodity-leiterplatten-pcbs\/","url":"https:\/\/www.apagcosyst.com\/de\/fur-lieferanten\/commodity-leiterplatten-pcbs\/","name":"Leiterplatten (PCBs) - APAGCoSyst","isPartOf":{"@id":"https:\/\/www.apagcosyst.com\/de\/#website"},"datePublished":"2021-12-21T14:17:06+00:00","dateModified":"2026-04-16T12:34:56+00:00","breadcrumb":{"@id":"https:\/\/www.apagcosyst.com\/de\/fur-lieferanten\/commodity-leiterplatten-pcbs\/#breadcrumb"},"inLanguage":"de-DE","potentialAction":[{"@type":"ReadAction","target":["https:\/\/www.apagcosyst.com\/de\/fur-lieferanten\/commodity-leiterplatten-pcbs\/"]}]},{"@type":"BreadcrumbList","@id":"https:\/\/www.apagcosyst.com\/de\/fur-lieferanten\/commodity-leiterplatten-pcbs\/#breadcrumb","itemListElement":[{"@type":"ListItem","position":1,"name":"Home","item":"https:\/\/www.apagcosyst.com\/de\/"},{"@type":"ListItem","position":2,"name":"F\u00fcr Lieferanten","item":"https:\/\/www.apagcosyst.com\/de\/fur-lieferanten\/"},{"@type":"ListItem","position":3,"name":"Leiterplatten (PCBs)"}]},{"@type":"WebSite","@id":"https:\/\/www.apagcosyst.com\/de\/#website","url":"https:\/\/www.apagcosyst.com\/de\/","name":"APAGCoSyst","description":"","potentialAction":[{"@type":"SearchAction","target":{"@type":"EntryPoint","urlTemplate":"https:\/\/www.apagcosyst.com\/de\/?s={search_term_string}"},"query-input":"required name=search_term_string"}],"inLanguage":"de-DE"}]}},"featured_image_src":null,"featured_image_src_square":null,"_links":{"self":[{"href":"https:\/\/www.apagcosyst.com\/de\/wp-json\/wp\/v2\/pages\/3134"}],"collection":[{"href":"https:\/\/www.apagcosyst.com\/de\/wp-json\/wp\/v2\/pages"}],"about":[{"href":"https:\/\/www.apagcosyst.com\/de\/wp-json\/wp\/v2\/types\/page"}],"author":[{"embeddable":true,"href":"https:\/\/www.apagcosyst.com\/de\/wp-json\/wp\/v2\/users\/12"}],"replies":[{"embeddable":true,"href":"https:\/\/www.apagcosyst.com\/de\/wp-json\/wp\/v2\/comments?post=3134"}],"version-history":[{"count":0,"href":"https:\/\/www.apagcosyst.com\/de\/wp-json\/wp\/v2\/pages\/3134\/revisions"}],"up":[{"embeddable":true,"href":"https:\/\/www.apagcosyst.com\/de\/wp-json\/wp\/v2\/pages\/1580"}],"wp:attachment":[{"href":"https:\/\/www.apagcosyst.com\/de\/wp-json\/wp\/v2\/media?parent=3134"}],"curies":[{"name":"wp","href":"https:\/\/api.w.org\/{rel}","templated":true}]}}