{"id":3123,"date":"2021-12-21T13:44:13","date_gmt":"2021-12-21T13:44:13","guid":{"rendered":"https:\/\/www.medagcosyst.cz\/?page_id=3123"},"modified":"2026-04-16T13:17:43","modified_gmt":"2026-04-16T11:17:43","slug":"kunststoff-und-optische-teile","status":"publish","type":"page","link":"https:\/\/www.apagcosyst.com\/de\/fur-lieferanten\/kunststoff-und-optische-teile\/","title":{"rendered":"Kunststoff- und optische Teile"},"content":{"rendered":"<p>Wir suchen Lieferanten, die folgende F\u00e4higkeiten bieten k\u00f6nnen:<\/p>\n<p><strong>Transparente Teile:<\/strong><\/p>\n<ul>\n<li>Optische Teile<\/li>\n<li>Lichtleiter<\/li>\n<li>Linsen<\/li>\n<li>Materialien: PA, PC, PMMA, TPE usw.<\/li>\n<\/ul>\n<p><strong>Nicht transparente Teile:<\/strong><\/p>\n<ul>\n<li>Geh\u00e4use f\u00fcr sichtbare Anwendungen<\/li>\n<li>Materialien: ASA, PA, PC usw.<\/li>\n<\/ul>\n<p><strong>Produktion:<\/strong><\/p>\n<ul>\n<li>1k-, 2k-Formtechnik<\/li>\n<li>Oberfl\u00e4chenbehandlung<\/li>\n<li>Formenbau und Werkzeugbau<\/li>\n<li>Unterst\u00fctzung w\u00e4hrend der Entwicklungsphase von Kunststoffteilen<\/li>\n<li>Rapid-Prototyping<\/li>\n<\/ul>\n<p><strong>Kontakt: <\/strong>Herr Mihir Pandya (<a href=\"mailto:mihir.pandya@apagcosyst.com\">mihir.pandya@apagcosyst.com<\/a>)<\/p>\n","protected":false},"excerpt":{"rendered":"<p>Wir suchen Lieferanten, die folgende F\u00e4higkeiten bieten k\u00f6nnen: Transparente Teile: Optische Teile Lichtleiter Linsen Materialien: PA, PC, PMMA, TPE usw. Nicht transparente Teile: Geh\u00e4use f\u00fcr sichtbare Anwendungen Materialien: ASA, PA, PC usw. Produktion: 1k-, 2k-Formtechnik Oberfl\u00e4chenbehandlung Formenbau und Werkzeugbau Unterst\u00fctzung w\u00e4hrend der Entwicklungsphase von Kunststoffteilen Rapid-Prototyping Kontakt: Herr Mihir Pandya (mihir.pandya@apagcosyst.com)<\/p>\n","protected":false},"author":12,"featured_media":0,"parent":1580,"menu_order":0,"comment_status":"closed","ping_status":"closed","template":"","meta":{"inline_featured_image":false},"acf":[],"yoast_head":"<!-- This site is optimized with the Yoast SEO plugin v19.11 - https:\/\/yoast.com\/wordpress\/plugins\/seo\/ -->\n<title>Kunststoff- und optische Teile - APAGCoSyst<\/title>\n<meta name=\"robots\" content=\"index, follow, max-snippet:-1, max-image-preview:large, max-video-preview:-1\" \/>\n<link rel=\"canonical\" href=\"https:\/\/www.apagcosyst.com\/de\/fur-lieferanten\/kunststoff-und-optische-teile\/\" \/>\n<meta property=\"og:locale\" content=\"de_DE\" \/>\n<meta property=\"og:type\" content=\"article\" \/>\n<meta property=\"og:title\" content=\"Kunststoff- und optische Teile - APAGCoSyst\" \/>\n<meta property=\"og:description\" content=\"Wir suchen Lieferanten, die folgende F\u00e4higkeiten bieten k\u00f6nnen: Transparente Teile: Optische Teile Lichtleiter Linsen Materialien: PA, PC, PMMA, TPE usw. Nicht transparente Teile: Geh\u00e4use f\u00fcr sichtbare Anwendungen Materialien: ASA, PA, PC usw. Produktion: 1k-, 2k-Formtechnik Oberfl\u00e4chenbehandlung Formenbau und Werkzeugbau Unterst\u00fctzung w\u00e4hrend der Entwicklungsphase von Kunststoffteilen Rapid-Prototyping Kontakt: Herr Mihir Pandya (mihir.pandya@apagcosyst.com)\" \/>\n<meta property=\"og:url\" content=\"https:\/\/www.apagcosyst.com\/de\/fur-lieferanten\/kunststoff-und-optische-teile\/\" \/>\n<meta property=\"og:site_name\" content=\"APAGCoSyst\" \/>\n<meta property=\"article:modified_time\" content=\"2026-04-16T11:17:43+00:00\" \/>\n<meta name=\"twitter:label1\" content=\"Gesch\u00e4tzte Lesezeit\" \/>\n\t<meta name=\"twitter:data1\" content=\"1 Minute\" \/>\n<!-- \/ Yoast SEO plugin. -->","yoast_head_json":{"title":"Kunststoff- und optische Teile - APAGCoSyst","robots":{"index":"index","follow":"follow","max-snippet":"max-snippet:-1","max-image-preview":"max-image-preview:large","max-video-preview":"max-video-preview:-1"},"canonical":"https:\/\/www.apagcosyst.com\/de\/fur-lieferanten\/kunststoff-und-optische-teile\/","og_locale":"de_DE","og_type":"article","og_title":"Kunststoff- und optische Teile - APAGCoSyst","og_description":"Wir suchen Lieferanten, die folgende F\u00e4higkeiten bieten k\u00f6nnen: Transparente Teile: Optische Teile Lichtleiter Linsen Materialien: PA, PC, PMMA, TPE usw. Nicht transparente Teile: Geh\u00e4use f\u00fcr sichtbare Anwendungen Materialien: ASA, PA, PC usw. Produktion: 1k-, 2k-Formtechnik Oberfl\u00e4chenbehandlung Formenbau und Werkzeugbau Unterst\u00fctzung w\u00e4hrend der Entwicklungsphase von Kunststoffteilen Rapid-Prototyping Kontakt: Herr Mihir Pandya (mihir.pandya@apagcosyst.com)","og_url":"https:\/\/www.apagcosyst.com\/de\/fur-lieferanten\/kunststoff-und-optische-teile\/","og_site_name":"APAGCoSyst","article_modified_time":"2026-04-16T11:17:43+00:00","twitter_misc":{"Gesch\u00e4tzte Lesezeit":"1 Minute"},"schema":{"@context":"https:\/\/schema.org","@graph":[{"@type":"WebPage","@id":"https:\/\/www.apagcosyst.com\/de\/fur-lieferanten\/kunststoff-und-optische-teile\/","url":"https:\/\/www.apagcosyst.com\/de\/fur-lieferanten\/kunststoff-und-optische-teile\/","name":"Kunststoff- und optische Teile - APAGCoSyst","isPartOf":{"@id":"https:\/\/www.apagcosyst.com\/de\/#website"},"datePublished":"2021-12-21T13:44:13+00:00","dateModified":"2026-04-16T11:17:43+00:00","breadcrumb":{"@id":"https:\/\/www.apagcosyst.com\/de\/fur-lieferanten\/kunststoff-und-optische-teile\/#breadcrumb"},"inLanguage":"de-DE","potentialAction":[{"@type":"ReadAction","target":["https:\/\/www.apagcosyst.com\/de\/fur-lieferanten\/kunststoff-und-optische-teile\/"]}]},{"@type":"BreadcrumbList","@id":"https:\/\/www.apagcosyst.com\/de\/fur-lieferanten\/kunststoff-und-optische-teile\/#breadcrumb","itemListElement":[{"@type":"ListItem","position":1,"name":"Home","item":"https:\/\/www.apagcosyst.com\/de\/"},{"@type":"ListItem","position":2,"name":"F\u00fcr Lieferanten","item":"https:\/\/www.apagcosyst.com\/de\/fur-lieferanten\/"},{"@type":"ListItem","position":3,"name":"Kunststoff- und optische Teile"}]},{"@type":"WebSite","@id":"https:\/\/www.apagcosyst.com\/de\/#website","url":"https:\/\/www.apagcosyst.com\/de\/","name":"APAGCoSyst","description":"","potentialAction":[{"@type":"SearchAction","target":{"@type":"EntryPoint","urlTemplate":"https:\/\/www.apagcosyst.com\/de\/?s={search_term_string}"},"query-input":"required name=search_term_string"}],"inLanguage":"de-DE"}]}},"featured_image_src":null,"featured_image_src_square":null,"_links":{"self":[{"href":"https:\/\/www.apagcosyst.com\/de\/wp-json\/wp\/v2\/pages\/3123"}],"collection":[{"href":"https:\/\/www.apagcosyst.com\/de\/wp-json\/wp\/v2\/pages"}],"about":[{"href":"https:\/\/www.apagcosyst.com\/de\/wp-json\/wp\/v2\/types\/page"}],"author":[{"embeddable":true,"href":"https:\/\/www.apagcosyst.com\/de\/wp-json\/wp\/v2\/users\/12"}],"replies":[{"embeddable":true,"href":"https:\/\/www.apagcosyst.com\/de\/wp-json\/wp\/v2\/comments?post=3123"}],"version-history":[{"count":0,"href":"https:\/\/www.apagcosyst.com\/de\/wp-json\/wp\/v2\/pages\/3123\/revisions"}],"up":[{"embeddable":true,"href":"https:\/\/www.apagcosyst.com\/de\/wp-json\/wp\/v2\/pages\/1580"}],"wp:attachment":[{"href":"https:\/\/www.apagcosyst.com\/de\/wp-json\/wp\/v2\/media?parent=3123"}],"curies":[{"name":"wp","href":"https:\/\/api.w.org\/{rel}","templated":true}]}}