{"id":1580,"date":"2021-03-19T15:00:43","date_gmt":"2021-03-19T15:00:43","guid":{"rendered":"https:\/\/www.medagcosyst.cz\/?page_id=1580"},"modified":"2025-02-19T15:43:41","modified_gmt":"2025-02-19T14:43:41","slug":"fur-lieferanten","status":"publish","type":"page","link":"https:\/\/www.apagcosyst.com\/de\/fur-lieferanten\/","title":{"rendered":"F\u00fcr Lieferanten"},"content":{"rendered":"<p>Das Einkaufsvolumen der weltweiten APAG-Unternehmen liegt im Durchschnitt bei \u00fcber 40 Mio. \u20ac, wobei das gr\u00f6\u00dfte Segment auf Produktionsmaterialien und verschiedene Schl\u00fcsselmaterialien entf\u00e4llt, darunter Halbleiter, passive Bauelemente, Leiterplatten, Kunststoff- und optische Teile, Kabel und Kabelb\u00e4ume.<\/p>\n<h2>Anforderungen an Lieferanten<\/h2>\n<p>Wir binden unsere Lieferanten fr\u00fchzeitig in unsere Entwicklungs-, Produktions- und Gesch\u00e4ftsprozesse ein. So entsteht ein enger, intensiver Austausch von Know-how, Ideen und Expertise \u2013 und eine optimale Produktrealisierung. Im Gegenzug bieten wir unseren Lieferanten hervorragende Entwicklungschancen, attraktive Konditionen und langfristige Partnerschaften.<\/p>\n<p>Von unseren Lieferanten wird erwartet, dass sie die folgenden Anforderungen erf\u00fcllen:<\/p>\n<ul>\n<li>Strukturen und Logistik, die in der Lage sind, alle APAG-Standorte weltweit zu beliefern<\/li>\n<li>Hohe Wettbewerbsf\u00e4higkeit in Bezug auf Preis, Liefertreue und Flexibilit\u00e4t<\/li>\n<li>St\u00e4ndige Bereitschaft zur Kostensenkung, Kostentransparenz und Produktivit\u00e4tssteigerung<\/li>\n<li>Fokus auf Innovation und kontinuierliche Verbesserung von Produkten und Prozessen.<\/li>\n<li>Erfahrung mit Prototypenbau und damit verbundene Fachkenntnisse.<\/li>\n<li>Akzeptanz der APAG-Einkaufsbedingungen<\/li>\n<li>Null-Fehler-Prinzip f\u00fcr alle Lieferungen<\/li>\n<li>Einhaltung aller aktuellen Qualit\u00e4tsanforderungen<\/li>\n<li>F\u00e4higkeit zur Aktualisierung von Daten im Internationalen Materialdatensystem (IMDS)<\/li>\n<li>Elektronischer Datenaustausch kompatibel mit der APAG-Organisation<\/li>\n<li>Bereitschaft zur Abrechnung von Lieferungen\/Leistungen im Selbstfakturierungsverfahren.<\/li>\n<li>Ber\u00fccksichtigung der sozialen Verantwortung sowie des \u00f6konomischen und \u00f6kologischen Verhaltens im Sinne der Nachhaltigkeit, insbesondere in Bezug auf Luftqualit\u00e4t, Energieverbrauch, Treibhausgasemissionen, Bewirtschaftung nat\u00fcrlicher Ressourcen, Abfallverringerung sowie Wasserqualit\u00e4t und -verbrauch.<\/li>\n<li>Einhaltung aller geltenden Gesetze und Vorschriften, die bei der Erf\u00fcllung des Liefervertrags zu ber\u00fccksichtigen sind \u2013 insbesondere Gesetze zur Bek\u00e4mpfung von Korruption und Geldw\u00e4sche, Wettbewerbs- und Kartellrecht, Exportkontrolle und Steuerrecht<\/li>\n<li>Der Lieferant darf nicht wissentlich Produkte anbieten, die Rohstoffe enthalten, die unter Verletzung der Menschenrechte, durch Korruption oder ethnische Gewalt beschafft wurden oder die negative Auswirkungen auf die Umwelt haben.<\/li>\n<li>Bei der Beschaffung von Rohstoffen wie Zinn, Wolfram, Tantal oder Gold muss der Lieferant mit bew\u00e4hrten und konfliktfreien Rohstoffproduzenten und Raffinerien zusammenarbeiten.<\/li>\n<\/ul>\n<p><strong>Generell erwartet die APAG von seinen Lieferanten, dass sie alle oben genannten Grunds\u00e4tze entlang der gesamten Wertsch\u00f6pfungskette ber\u00fccksichtigen.<\/strong><\/p>\n","protected":false},"excerpt":{"rendered":"<p>Das Einkaufsvolumen der weltweiten APAG-Unternehmen liegt im Durchschnitt bei \u00fcber 40 Mio. \u20ac, wobei das gr\u00f6\u00dfte Segment auf Produktionsmaterialien und verschiedene Schl\u00fcsselmaterialien entf\u00e4llt, darunter Halbleiter, passive Bauelemente, Leiterplatten, Kunststoff- und optische Teile, Kabel und Kabelb\u00e4ume. Anforderungen an Lieferanten Wir binden unsere Lieferanten fr\u00fchzeitig in unsere Entwicklungs-, Produktions- und Gesch\u00e4ftsprozesse ein. So entsteht ein enger, intensiver [&hellip;]<\/p>\n","protected":false},"author":12,"featured_media":0,"parent":0,"menu_order":0,"comment_status":"closed","ping_status":"closed","template":"","meta":{"inline_featured_image":false},"acf":[],"yoast_head":"<!-- This site is optimized with the Yoast SEO plugin v19.11 - https:\/\/yoast.com\/wordpress\/plugins\/seo\/ -->\n<title>F\u00fcr Lieferanten - APAGCoSyst<\/title>\n<meta name=\"robots\" content=\"index, follow, max-snippet:-1, max-image-preview:large, max-video-preview:-1\" \/>\n<link rel=\"canonical\" href=\"https:\/\/www.apagcosyst.com\/de\/fur-lieferanten\/\" \/>\n<meta property=\"og:locale\" content=\"de_DE\" \/>\n<meta property=\"og:type\" content=\"article\" \/>\n<meta property=\"og:title\" content=\"F\u00fcr Lieferanten - APAGCoSyst\" \/>\n<meta property=\"og:description\" content=\"Das Einkaufsvolumen der weltweiten APAG-Unternehmen liegt im Durchschnitt bei \u00fcber 40 Mio. \u20ac, wobei das gr\u00f6\u00dfte Segment auf Produktionsmaterialien und verschiedene Schl\u00fcsselmaterialien entf\u00e4llt, darunter Halbleiter, passive Bauelemente, Leiterplatten, Kunststoff- und optische Teile, Kabel und Kabelb\u00e4ume. Anforderungen an Lieferanten Wir binden unsere Lieferanten fr\u00fchzeitig in unsere Entwicklungs-, Produktions- und Gesch\u00e4ftsprozesse ein. So entsteht ein enger, intensiver [&hellip;]\" \/>\n<meta property=\"og:url\" content=\"https:\/\/www.apagcosyst.com\/de\/fur-lieferanten\/\" \/>\n<meta property=\"og:site_name\" content=\"APAGCoSyst\" \/>\n<meta property=\"article:modified_time\" content=\"2025-02-19T14:43:41+00:00\" \/>\n<meta name=\"twitter:label1\" content=\"Gesch\u00e4tzte Lesezeit\" \/>\n\t<meta name=\"twitter:data1\" content=\"2 Minuten\" \/>\n<!-- \/ Yoast SEO plugin. -->","yoast_head_json":{"title":"F\u00fcr Lieferanten - APAGCoSyst","robots":{"index":"index","follow":"follow","max-snippet":"max-snippet:-1","max-image-preview":"max-image-preview:large","max-video-preview":"max-video-preview:-1"},"canonical":"https:\/\/www.apagcosyst.com\/de\/fur-lieferanten\/","og_locale":"de_DE","og_type":"article","og_title":"F\u00fcr Lieferanten - APAGCoSyst","og_description":"Das Einkaufsvolumen der weltweiten APAG-Unternehmen liegt im Durchschnitt bei \u00fcber 40 Mio. \u20ac, wobei das gr\u00f6\u00dfte Segment auf Produktionsmaterialien und verschiedene Schl\u00fcsselmaterialien entf\u00e4llt, darunter Halbleiter, passive Bauelemente, Leiterplatten, Kunststoff- und optische Teile, Kabel und Kabelb\u00e4ume. Anforderungen an Lieferanten Wir binden unsere Lieferanten fr\u00fchzeitig in unsere Entwicklungs-, Produktions- und Gesch\u00e4ftsprozesse ein. So entsteht ein enger, intensiver [&hellip;]","og_url":"https:\/\/www.apagcosyst.com\/de\/fur-lieferanten\/","og_site_name":"APAGCoSyst","article_modified_time":"2025-02-19T14:43:41+00:00","twitter_misc":{"Gesch\u00e4tzte Lesezeit":"2 Minuten"},"schema":{"@context":"https:\/\/schema.org","@graph":[{"@type":"WebPage","@id":"https:\/\/www.apagcosyst.com\/de\/fur-lieferanten\/","url":"https:\/\/www.apagcosyst.com\/de\/fur-lieferanten\/","name":"F\u00fcr Lieferanten - APAGCoSyst","isPartOf":{"@id":"https:\/\/www.apagcosyst.com\/de\/#website"},"datePublished":"2021-03-19T15:00:43+00:00","dateModified":"2025-02-19T14:43:41+00:00","breadcrumb":{"@id":"https:\/\/www.apagcosyst.com\/de\/fur-lieferanten\/#breadcrumb"},"inLanguage":"de-DE","potentialAction":[{"@type":"ReadAction","target":["https:\/\/www.apagcosyst.com\/de\/fur-lieferanten\/"]}]},{"@type":"BreadcrumbList","@id":"https:\/\/www.apagcosyst.com\/de\/fur-lieferanten\/#breadcrumb","itemListElement":[{"@type":"ListItem","position":1,"name":"Home","item":"https:\/\/www.apagcosyst.com\/de\/"},{"@type":"ListItem","position":2,"name":"F\u00fcr Lieferanten"}]},{"@type":"WebSite","@id":"https:\/\/www.apagcosyst.com\/de\/#website","url":"https:\/\/www.apagcosyst.com\/de\/","name":"APAGCoSyst","description":"","potentialAction":[{"@type":"SearchAction","target":{"@type":"EntryPoint","urlTemplate":"https:\/\/www.apagcosyst.com\/de\/?s={search_term_string}"},"query-input":"required name=search_term_string"}],"inLanguage":"de-DE"}]}},"featured_image_src":null,"featured_image_src_square":null,"_links":{"self":[{"href":"https:\/\/www.apagcosyst.com\/de\/wp-json\/wp\/v2\/pages\/1580"}],"collection":[{"href":"https:\/\/www.apagcosyst.com\/de\/wp-json\/wp\/v2\/pages"}],"about":[{"href":"https:\/\/www.apagcosyst.com\/de\/wp-json\/wp\/v2\/types\/page"}],"author":[{"embeddable":true,"href":"https:\/\/www.apagcosyst.com\/de\/wp-json\/wp\/v2\/users\/12"}],"replies":[{"embeddable":true,"href":"https:\/\/www.apagcosyst.com\/de\/wp-json\/wp\/v2\/comments?post=1580"}],"version-history":[{"count":0,"href":"https:\/\/www.apagcosyst.com\/de\/wp-json\/wp\/v2\/pages\/1580\/revisions"}],"wp:attachment":[{"href":"https:\/\/www.apagcosyst.com\/de\/wp-json\/wp\/v2\/media?parent=1580"}],"curies":[{"name":"wp","href":"https:\/\/api.w.org\/{rel}","templated":true}]}}