{"id":1578,"date":"2021-03-19T14:59:59","date_gmt":"2021-03-19T14:59:59","guid":{"rendered":"https:\/\/www.medagcosyst.cz\/?page_id=1578"},"modified":"2021-11-29T13:23:33","modified_gmt":"2021-11-29T13:23:33","slug":"nutzungsbedingungen","status":"publish","type":"page","link":"https:\/\/www.apagcosyst.com\/de\/nutzungsbedingungen\/","title":{"rendered":"Nutzungsbedingungen"},"content":{"rendered":"<p>Zuletzt aktualisiert:: <strong> 22. M\u00e4rz 2021 <\/strong><\/p>\n<p>Bitte lesen Sie die Nutzungsbedingungen ( \u201eBedingungen\u201c, \u201eNutzungsbedingungen\u201c) sorgf\u00e4ltig durch, bevor Sie die von APAGCoSyst (\u201euns\u201c,\u201ewir\u201c oder \u201eunser\u201c) betriebene Website www.apagcosyst.com (der \u201eDienst\u201c) nutzen.<\/p>\n<p>Ihr Zugang und die Nutzung unserer Homepage setzt voraus, dass Sie die vorliegenden Bedingungen akzeptieren und einhalten. Diese Bedingungen gelten f\u00fcr alle Besucher, Nutzer und andere, die auf den Dienst (hier:unsere Homepage u.a.) zugreifen oder ihn nutzen.<\/p>\n<p>Durch den Zugriff auf unsere Homepage oder deren Nutzung erkl\u00e4ren Sie sich mit diesen Bedingungen einverstanden. Wenn Sie mit irgendeinem Teil der Bedingungen nicht einverstanden sind, d\u00fcrfen Sie nicht auf den Dienst (hier: Homepage u.a.)  zugreifen.<\/p>\n<h2>Geistiges Eigentum <\/h2>\n<p>Die Homepage und ihre Inhalte, Merkmale und Funktionen sind und bleiben das ausschlie\u00dfliche Eigentum von <strong>APAGCoSyst<\/strong> und seinen Lizenzgebern.<\/p>\n<h2>Links zu anderen Websites<\/h2>\n<p>Unsere Homepage kann Links zu Websites oder Diensten Dritter enthalten, die nicht im Besitz oder unter der Kontrolle von APAGCoSyst sind.<\/p>\n<p><strong>APAGCoSyst<\/strong> hat keine Kontrolle \u00fcber den Inhalt und \u00fcbernimmt keine Verantwortung f\u00fcr den Inhalt, die Datenschutzrichtlinien oder die Vorgehensweisen von Websites oder Diensten Dritter. Sie erkennen ferner an und stimmen zu, dass APAGCoSyst weder direkt noch indirekt f\u00fcr Sch\u00e4den oder Verluste verantwortlich oder haftbar ist, die durch oder in Verbindung mit der Nutzung von oder dem Vertrauen auf solche Inhalte, Waren oder Dienstleistungen, die auf oder \u00fcber solche Websites oder Dienste verf\u00fcgbar sind, entstehen oder angeblich entstehen.<\/p>\n<p>Wir empfehlen Ihnen dringend, die Gesch\u00e4ftsbedingungen und Datenschutzrichtlinien aller Websites oder Dienste Dritter, die Sie besuchen, zu lesen.<\/p>\n<h2>Beendigung <\/h2>\n<p>Wir k\u00f6nnen den Zugang zu unserem Dienst sofort und ohne Vorank\u00fcndigung oder Haftung beenden oder aussetzen, aus welchem Grund auch immer, einschlie\u00dflich und ohne Einschr\u00e4nkung, wenn Sie gegen die Bedingungen versto\u00dfen.<\/p>\n<p>Alle Bestimmungen dieser Bedingungen, die ihrer Natur nach die Beendigung \u00fcberdauern sollten, \u00fcberdauern die Beendigung, einschlie\u00dflich, aber nicht beschr\u00e4nkt auf Eigentumsbestimmungen, Gew\u00e4hrleistungsausschl\u00fcsse, Entsch\u00e4digungen und Haftungsbeschr\u00e4nkungen.<\/p>\n<h2>Haftungsausschluss<\/h2>\n<p>Die Nutzung des Dienstes erfolgt auf Ihr eigenes Risiko. Die Homepage wird auf einer \u201eWIE GEHABT\u201c- und \u201eWIE VERF\u00dcGBAR\u201c-Basis bereitgestellt. Die Homepage wird ohne jegliche ausdr\u00fcckliche oder stillschweigende Garantie zur Verf\u00fcgung gestellt, einschlie\u00dflich, aber nicht beschr\u00e4nkt auf stillschweigende Garantien der Marktkonformit\u00e4t, der Eignung f\u00fcr einen bestimmten Zweck, der Nichtverletzung von Rechten Dritter oder des Verlaufs der Leistung.<\/p>\n<h2>Anwendbares Recht<\/h2>\n<p>Diese Bedingungen unterliegen den Gesetzen der Vereinigten Staaten von Amerika, ohne R\u00fccksicht auf die Bestimmungen des Kollisionsrechts.<\/p>\n<p>Die evtl. Unm\u00f6glichkeit der Durchsetzung eines Rechts oder eine Bestimmung dieser Bedingungen gilt nicht als Verzicht auf diese Rechte. Sollte eine Bestimmung dieser Bedingungen von einem Gericht f\u00fcr ung\u00fcltig oder nicht durchsetzbar erkl\u00e4rt werden, bleiben die \u00fcbrigen Bestimmungen dieser Bedingungen in Kraft. Diese Bedingungen stellen die gesamte Vereinbarung zwischen uns in Bezug auf unseren Dienst dar und ersetzen alle fr\u00fcheren Vereinbarungen zwischen uns in Bezug auf den Dienst.<\/p>\n<h2>\u00c4nderungen<\/h2>\n<p>Wir behalten uns das Recht vor, diese Bedingungen jederzeit nach eigenem Ermessen zu \u00e4ndern oder zu ersetzen. Wenn eine \u00c4nderung wesentlich ist, werden wir versuchen, diese mindestens 30 Tage vor Inkrafttreten der neuen Bedingungen anzuk\u00fcndigen. Was eine wesentliche \u00c4nderung darstellt, wird nach unserem alleinigen Ermessen festgelegt.<\/p>\n<p>Indem Sie nach Inkrafttreten dieser \u00c4nderungen weiterhin auf unseren Dienst zugreifen oder ihn nutzen, erkl\u00e4ren Sie sich mit den \u00fcberarbeiteten Bedingungen einverstanden. Wenn Sie mit den neuen Bedingungen nicht einverstanden sind, beenden Sie bitte die Nutzung des Dienstes.<\/p>\n<h2>Kontaktieren Sie uns<\/h2>\n<p>Wenn Sie Fragen zu diesen Nutzungsbedingungen haben, wenden Sie sich bitte <strong> <a href=\"\/de\/kontaktiere-uns\/\"> an uns <\/a> <\/strong><\/p>\n","protected":false},"excerpt":{"rendered":"<p>Zuletzt aktualisiert:: 22. M\u00e4rz 2021 Bitte lesen Sie die Nutzungsbedingungen ( \u201eBedingungen\u201c, \u201eNutzungsbedingungen\u201c) sorgf\u00e4ltig durch, bevor Sie die von APAGCoSyst (\u201euns\u201c,\u201ewir\u201c oder \u201eunser\u201c) betriebene Website www.apagcosyst.com (der \u201eDienst\u201c) nutzen. Ihr Zugang und die Nutzung unserer Homepage setzt voraus, dass Sie die vorliegenden Bedingungen akzeptieren und einhalten. Diese Bedingungen gelten f\u00fcr alle Besucher, Nutzer und andere, [&hellip;]<\/p>\n","protected":false},"author":12,"featured_media":0,"parent":0,"menu_order":0,"comment_status":"closed","ping_status":"closed","template":"","meta":{"inline_featured_image":false},"acf":[],"yoast_head":"<!-- This site is optimized with the Yoast SEO plugin v19.11 - https:\/\/yoast.com\/wordpress\/plugins\/seo\/ -->\n<title>Nutzungsbedingungen - APAGCoSyst<\/title>\n<meta name=\"robots\" content=\"index, follow, max-snippet:-1, max-image-preview:large, max-video-preview:-1\" \/>\n<link rel=\"canonical\" href=\"https:\/\/www.apagcosyst.com\/de\/nutzungsbedingungen\/\" \/>\n<meta property=\"og:locale\" content=\"de_DE\" \/>\n<meta property=\"og:type\" content=\"article\" \/>\n<meta property=\"og:title\" content=\"Nutzungsbedingungen - APAGCoSyst\" \/>\n<meta property=\"og:description\" content=\"Zuletzt aktualisiert:: 22. M\u00e4rz 2021 Bitte lesen Sie die Nutzungsbedingungen ( \u201eBedingungen\u201c, \u201eNutzungsbedingungen\u201c) sorgf\u00e4ltig durch, bevor Sie die von APAGCoSyst (\u201euns\u201c,\u201ewir\u201c oder \u201eunser\u201c) betriebene Website www.apagcosyst.com (der \u201eDienst\u201c) nutzen. Ihr Zugang und die Nutzung unserer Homepage setzt voraus, dass Sie die vorliegenden Bedingungen akzeptieren und einhalten. Diese Bedingungen gelten f\u00fcr alle Besucher, Nutzer und andere, [&hellip;]\" \/>\n<meta property=\"og:url\" content=\"https:\/\/www.apagcosyst.com\/de\/nutzungsbedingungen\/\" \/>\n<meta property=\"og:site_name\" content=\"APAGCoSyst\" \/>\n<meta property=\"article:modified_time\" content=\"2021-11-29T13:23:33+00:00\" \/>\n<meta name=\"twitter:label1\" content=\"Gesch\u00e4tzte Lesezeit\" \/>\n\t<meta name=\"twitter:data1\" content=\"3 Minuten\" \/>\n<!-- \/ Yoast SEO plugin. -->","yoast_head_json":{"title":"Nutzungsbedingungen - APAGCoSyst","robots":{"index":"index","follow":"follow","max-snippet":"max-snippet:-1","max-image-preview":"max-image-preview:large","max-video-preview":"max-video-preview:-1"},"canonical":"https:\/\/www.apagcosyst.com\/de\/nutzungsbedingungen\/","og_locale":"de_DE","og_type":"article","og_title":"Nutzungsbedingungen - APAGCoSyst","og_description":"Zuletzt aktualisiert:: 22. M\u00e4rz 2021 Bitte lesen Sie die Nutzungsbedingungen ( \u201eBedingungen\u201c, \u201eNutzungsbedingungen\u201c) sorgf\u00e4ltig durch, bevor Sie die von APAGCoSyst (\u201euns\u201c,\u201ewir\u201c oder \u201eunser\u201c) betriebene Website www.apagcosyst.com (der \u201eDienst\u201c) nutzen. Ihr Zugang und die Nutzung unserer Homepage setzt voraus, dass Sie die vorliegenden Bedingungen akzeptieren und einhalten. Diese Bedingungen gelten f\u00fcr alle Besucher, Nutzer und andere, [&hellip;]","og_url":"https:\/\/www.apagcosyst.com\/de\/nutzungsbedingungen\/","og_site_name":"APAGCoSyst","article_modified_time":"2021-11-29T13:23:33+00:00","twitter_misc":{"Gesch\u00e4tzte Lesezeit":"3 Minuten"},"schema":{"@context":"https:\/\/schema.org","@graph":[{"@type":"WebPage","@id":"https:\/\/www.apagcosyst.com\/de\/nutzungsbedingungen\/","url":"https:\/\/www.apagcosyst.com\/de\/nutzungsbedingungen\/","name":"Nutzungsbedingungen - APAGCoSyst","isPartOf":{"@id":"https:\/\/www.apagcosyst.com\/de\/#website"},"datePublished":"2021-03-19T14:59:59+00:00","dateModified":"2021-11-29T13:23:33+00:00","breadcrumb":{"@id":"https:\/\/www.apagcosyst.com\/de\/nutzungsbedingungen\/#breadcrumb"},"inLanguage":"de-DE","potentialAction":[{"@type":"ReadAction","target":["https:\/\/www.apagcosyst.com\/de\/nutzungsbedingungen\/"]}]},{"@type":"BreadcrumbList","@id":"https:\/\/www.apagcosyst.com\/de\/nutzungsbedingungen\/#breadcrumb","itemListElement":[{"@type":"ListItem","position":1,"name":"Home","item":"https:\/\/www.apagcosyst.com\/de\/"},{"@type":"ListItem","position":2,"name":"Nutzungsbedingungen"}]},{"@type":"WebSite","@id":"https:\/\/www.apagcosyst.com\/de\/#website","url":"https:\/\/www.apagcosyst.com\/de\/","name":"APAGCoSyst","description":"","potentialAction":[{"@type":"SearchAction","target":{"@type":"EntryPoint","urlTemplate":"https:\/\/www.apagcosyst.com\/de\/?s={search_term_string}"},"query-input":"required name=search_term_string"}],"inLanguage":"de-DE"}]}},"featured_image_src":null,"featured_image_src_square":null,"_links":{"self":[{"href":"https:\/\/www.apagcosyst.com\/de\/wp-json\/wp\/v2\/pages\/1578"}],"collection":[{"href":"https:\/\/www.apagcosyst.com\/de\/wp-json\/wp\/v2\/pages"}],"about":[{"href":"https:\/\/www.apagcosyst.com\/de\/wp-json\/wp\/v2\/types\/page"}],"author":[{"embeddable":true,"href":"https:\/\/www.apagcosyst.com\/de\/wp-json\/wp\/v2\/users\/12"}],"replies":[{"embeddable":true,"href":"https:\/\/www.apagcosyst.com\/de\/wp-json\/wp\/v2\/comments?post=1578"}],"version-history":[{"count":0,"href":"https:\/\/www.apagcosyst.com\/de\/wp-json\/wp\/v2\/pages\/1578\/revisions"}],"wp:attachment":[{"href":"https:\/\/www.apagcosyst.com\/de\/wp-json\/wp\/v2\/media?parent=1578"}],"curies":[{"name":"wp","href":"https:\/\/api.w.org\/{rel}","templated":true}]}}