{"id":1577,"date":"2021-03-19T14:58:35","date_gmt":"2021-03-19T14:58:35","guid":{"rendered":"https:\/\/www.medagcosyst.cz\/?page_id=1577"},"modified":"2021-11-30T14:31:05","modified_gmt":"2021-11-30T14:31:05","slug":"datenschutz-bestimmungen","status":"publish","type":"page","link":"https:\/\/www.apagcosyst.com\/de\/datenschutz-bestimmungen\/","title":{"rendered":"Datenschutz-Bestimmungen"},"content":{"rendered":"<p><a href=\"\/\/www.apagcosyst.com\/de\/\"> <strong>APAGCoSyst<\/strong> <\/a> respektiert Ihre Privatsph\u00e4re und den Zweck, zu dem die Besucher unserer Website uns Informationen zur Verf\u00fcgung stellen. Wir geben keine der erhobenen Daten an Dritte weiter, verkaufen oder vermieten sie und beabsichtigen auch nicht, dies in Zukunft zu tun.<\/p>\n<h3> Erhobene Daten <\/h3>\n<p>Wenn Sie Informationen anfordern oder an uns senden, senden Sie eine E-Mail \u00fcber die Funktion &#8222;E-Mail an: <a href=\"mailto:info@apagcosyst.com\"> info@apagcosyst.com <\/a>&#8220; oder f\u00fcllen Sie eine &#8220; <a href=\"\/\/www.apagcosyst.com\/de\/\"> Kontaktformular <\/a> k\u00f6nnen wir Ihre E-Mail-Adresse sowie alle anderen von Ihnen angegebenen Informationen speichern. Diese Informationen k\u00f6nnen verwendet werden, um Sie in Zukunft per Post, E-Mail oder Telefon zu kontaktieren und Informationen \u00fcber unsere L\u00f6sungen oder Dienstleistungen zu \u00fcbermitteln, von denen wir glauben, dass sie Ihnen zugute kommen k\u00f6nnten. Ihre E-Mail-Adresse und andere von Ihnen angegebene Informationen werden nicht an Dritte verkauft.<\/p>\n<h3> Von anderen erhobene Daten <\/h3>\n<p>Dieser Hinweis bezieht sich nur auf die APAGCoSyst-Website und nicht auf Websites, auf die Benutzer \u00fcber Links von unserer Website zugreifen. APAGCoSyst ist nicht verantwortlich f\u00fcr die Informationserhebungspolitik anderer Websites, noch f\u00fcr die Praktiken, die von Websites angewandt werden, die mit unserer Website verlinkt sind, noch f\u00fcr die darin enthaltenen Informationen oder Inhalte. Oft werden Links zu anderen Websites nur als Hinweis auf Informationen zu Themen angeboten, die f\u00fcr unsere Besucher n\u00fctzlich sein k\u00f6nnten. Den Nutzern wird empfohlen, die Datenschutzrichtlinien anderer Websites zu \u00fcberpr\u00fcfen.<\/p>\n<h3> Cookies <\/h3>\n<p>Die APAGCoSyst-Website verwendet keine Cookies. Aktualisieren, Korrigieren und L\u00f6schen pers\u00f6nlicher Daten Wenn Sie m\u00f6chten, dass Ihre pers\u00f6nlichen Daten aus unseren Unterlagen entfernt werden, senden Sie bitte eine E-Mail mit dem Betreff \u201ePers\u00f6nliche Daten entfernen\u201c.<\/p>\n<h3> Gesetzlich vorgeschriebene Offenlegung von Informationen <\/h3>\n<p>APAGCoSyst kann Informationen offenlegen, wenn dies gesetzlich vorgeschrieben ist. mit anderen Worten, wenn wir nach Treu und Glauben glauben, dass das Gesetz dies erfordert oder zum Schutz unserer gesetzlichen Rechte.<\/p>\n<h3> Regelm\u00e4\u00dfige Richtlinien\u00e4nderungen <\/h3>\n<p>Bitte beachten Sie, dass APAGCoSyst von Zeit zu Zeit seine Datenschutzpraktiken \u00fcberpr\u00fcft (d. H. Um Technologie- und \/ oder rechtliche \u00c4nderungen nachzuverfolgen) und dass diese Praktiken \u00c4nderungen unterliegen. Um sicherzustellen, dass Sie weiterhin mit der aktuellsten Version unserer Datenschutzrichtlinie vertraut sind, setzen Sie bitte ein Lesezeichen und \u00fcberpr\u00fcfen Sie diese Seite regelm\u00e4\u00dfig.<\/p>\n<p>Diese Richtlinienerkl\u00e4rung wird im Namen von APAGCoSyst abgegeben und gilt ab dem 22. M\u00e4rz 2021. Diese Erkl\u00e4rung stellt keine Vereinbarung zwischen APAGCoSyst und den Benutzern her und begr\u00fcndet als solche keine gesetzlichen Rechte f\u00fcr eine Partei.<\/p>\n<p><strong> Kontaktieren Sie uns: <\/strong><br \/>\nEuropa: <a href=\"tel:41448026700\"> +41.44.802.67.00 <\/a><br \/>\nNordamerika: <a href=\"tel:15867441994\"> +1.586.744.1994 <\/a><\/p>\n<p><strong> APAGCoSyst <\/strong><br \/>\nZentrum Staldenbach 13<br \/>\n8808 Pf\u00e4ffikon<br \/>\nSchweiz<\/p>\n<p>E-Mail: <a href=\"mailto:info@apagcosyst.com\"> info@apagcosyst.com <\/a><br \/>\nWebsite: <a href=\"\/\/www.apagcosyst.com\/de\/\"> www.apagcosyst.com <\/a><\/p>\n","protected":false},"excerpt":{"rendered":"<p>APAGCoSyst respektiert Ihre Privatsph\u00e4re und den Zweck, zu dem die Besucher unserer Website uns Informationen zur Verf\u00fcgung stellen. Wir geben keine der erhobenen Daten an Dritte weiter, verkaufen oder vermieten sie und beabsichtigen auch nicht, dies in Zukunft zu tun. Erhobene Daten Wenn Sie Informationen anfordern oder an uns senden, senden Sie eine E-Mail \u00fcber [&hellip;]<\/p>\n","protected":false},"author":12,"featured_media":0,"parent":0,"menu_order":0,"comment_status":"open","ping_status":"open","template":"","meta":{"inline_featured_image":false},"acf":[],"yoast_head":"<!-- This site is optimized with the Yoast SEO plugin v19.11 - https:\/\/yoast.com\/wordpress\/plugins\/seo\/ -->\n<title>Datenschutz-Bestimmungen - APAGCoSyst<\/title>\n<meta name=\"robots\" content=\"index, follow, max-snippet:-1, max-image-preview:large, max-video-preview:-1\" \/>\n<link rel=\"canonical\" href=\"https:\/\/www.apagcosyst.com\/de\/datenschutz-bestimmungen\/\" \/>\n<meta property=\"og:locale\" content=\"de_DE\" \/>\n<meta property=\"og:type\" content=\"article\" \/>\n<meta property=\"og:title\" content=\"Datenschutz-Bestimmungen - APAGCoSyst\" \/>\n<meta property=\"og:description\" content=\"APAGCoSyst respektiert Ihre Privatsph\u00e4re und den Zweck, zu dem die Besucher unserer Website uns Informationen zur Verf\u00fcgung stellen. Wir geben keine der erhobenen Daten an Dritte weiter, verkaufen oder vermieten sie und beabsichtigen auch nicht, dies in Zukunft zu tun. Erhobene Daten Wenn Sie Informationen anfordern oder an uns senden, senden Sie eine E-Mail \u00fcber [&hellip;]\" \/>\n<meta property=\"og:url\" content=\"https:\/\/www.apagcosyst.com\/de\/datenschutz-bestimmungen\/\" \/>\n<meta property=\"og:site_name\" content=\"APAGCoSyst\" \/>\n<meta property=\"article:modified_time\" content=\"2021-11-30T14:31:05+00:00\" \/>\n<meta name=\"twitter:label1\" content=\"Gesch\u00e4tzte Lesezeit\" \/>\n\t<meta name=\"twitter:data1\" content=\"2 Minuten\" \/>\n<!-- \/ Yoast SEO plugin. -->","yoast_head_json":{"title":"Datenschutz-Bestimmungen - APAGCoSyst","robots":{"index":"index","follow":"follow","max-snippet":"max-snippet:-1","max-image-preview":"max-image-preview:large","max-video-preview":"max-video-preview:-1"},"canonical":"https:\/\/www.apagcosyst.com\/de\/datenschutz-bestimmungen\/","og_locale":"de_DE","og_type":"article","og_title":"Datenschutz-Bestimmungen - APAGCoSyst","og_description":"APAGCoSyst respektiert Ihre Privatsph\u00e4re und den Zweck, zu dem die Besucher unserer Website uns Informationen zur Verf\u00fcgung stellen. Wir geben keine der erhobenen Daten an Dritte weiter, verkaufen oder vermieten sie und beabsichtigen auch nicht, dies in Zukunft zu tun. Erhobene Daten Wenn Sie Informationen anfordern oder an uns senden, senden Sie eine E-Mail \u00fcber [&hellip;]","og_url":"https:\/\/www.apagcosyst.com\/de\/datenschutz-bestimmungen\/","og_site_name":"APAGCoSyst","article_modified_time":"2021-11-30T14:31:05+00:00","twitter_misc":{"Gesch\u00e4tzte Lesezeit":"2 Minuten"},"schema":{"@context":"https:\/\/schema.org","@graph":[{"@type":"WebPage","@id":"https:\/\/www.apagcosyst.com\/de\/datenschutz-bestimmungen\/","url":"https:\/\/www.apagcosyst.com\/de\/datenschutz-bestimmungen\/","name":"Datenschutz-Bestimmungen - APAGCoSyst","isPartOf":{"@id":"https:\/\/www.apagcosyst.com\/de\/#website"},"datePublished":"2021-03-19T14:58:35+00:00","dateModified":"2021-11-30T14:31:05+00:00","breadcrumb":{"@id":"https:\/\/www.apagcosyst.com\/de\/datenschutz-bestimmungen\/#breadcrumb"},"inLanguage":"de-DE","potentialAction":[{"@type":"ReadAction","target":["https:\/\/www.apagcosyst.com\/de\/datenschutz-bestimmungen\/"]}]},{"@type":"BreadcrumbList","@id":"https:\/\/www.apagcosyst.com\/de\/datenschutz-bestimmungen\/#breadcrumb","itemListElement":[{"@type":"ListItem","position":1,"name":"Home","item":"https:\/\/www.apagcosyst.com\/de\/"},{"@type":"ListItem","position":2,"name":"Datenschutz-Bestimmungen"}]},{"@type":"WebSite","@id":"https:\/\/www.apagcosyst.com\/de\/#website","url":"https:\/\/www.apagcosyst.com\/de\/","name":"APAGCoSyst","description":"","potentialAction":[{"@type":"SearchAction","target":{"@type":"EntryPoint","urlTemplate":"https:\/\/www.apagcosyst.com\/de\/?s={search_term_string}"},"query-input":"required name=search_term_string"}],"inLanguage":"de-DE"}]}},"featured_image_src":null,"featured_image_src_square":null,"_links":{"self":[{"href":"https:\/\/www.apagcosyst.com\/de\/wp-json\/wp\/v2\/pages\/1577"}],"collection":[{"href":"https:\/\/www.apagcosyst.com\/de\/wp-json\/wp\/v2\/pages"}],"about":[{"href":"https:\/\/www.apagcosyst.com\/de\/wp-json\/wp\/v2\/types\/page"}],"author":[{"embeddable":true,"href":"https:\/\/www.apagcosyst.com\/de\/wp-json\/wp\/v2\/users\/12"}],"replies":[{"embeddable":true,"href":"https:\/\/www.apagcosyst.com\/de\/wp-json\/wp\/v2\/comments?post=1577"}],"version-history":[{"count":0,"href":"https:\/\/www.apagcosyst.com\/de\/wp-json\/wp\/v2\/pages\/1577\/revisions"}],"wp:attachment":[{"href":"https:\/\/www.apagcosyst.com\/de\/wp-json\/wp\/v2\/media?parent=1577"}],"curies":[{"name":"wp","href":"https:\/\/api.w.org\/{rel}","templated":true}]}}