{"id":1568,"date":"2021-03-19T14:33:19","date_gmt":"2021-03-19T14:33:19","guid":{"rendered":"https:\/\/www.medagcosyst.cz\/?page_id=1568"},"modified":"2024-11-21T13:06:00","modified_gmt":"2024-11-21T12:06:00","slug":"beleuchtung","status":"publish","type":"page","link":"https:\/\/www.apagcosyst.com\/de\/technologien-loesungen\/beleuchtung\/","title":{"rendered":"Beleuchtungsprodukte"},"content":{"rendered":"<div class=\"text-aligncenter alignright\" style=\"position: relative; z-index: 1;\">\n<a class=\"lightbox\" href=\"\/wp-content\/uploads\/Quality-Lighting-Capabilities.png\" style=\"line-height: 0;\"><img class=\"size-thumbnail wp-image-1840\" title=\"Quality Lighting Capabilities\" src=\"\/wp-content\/uploads\/Quality-Lighting-Capabilities-crop.png\" alt=\"Quality Lighting Capabilities\" width=\"320\" data-wp-editing=\"1\" \/><\/a><\/p>\n<p style=\"margin: 0;\">Click to Enlarge<\/p>\n<\/div>\n<p>APAGCoSyst liefert Elektronik- und Beleuchtungskomponenten f\u00fcr den Einsatz in den Branchen Automotive, Gesundheitswesen und Industrie. Unser erfahrenes Forschungs- und Entwicklungsteam ist darauf spezialisiert, kreative Ideen zum Leben zu erwecken. Wir entwerfen, entwickeln und produzieren einzigartige und komplexe L\u00f6sungen in unseren hochmodernen Entwicklungs- und Produktionsst\u00e4tten. Das Team von APAGCoSyst wird durch unsere Leitprinzipien in unserem CREDO befinden \u2013 die f\u00fcnf Grunds\u00e4tze: Respekt, Verpflichtung, Kreativit\u00e4t, Zusammenhalt und Charakter. Sie treiben uns an, bei jedem Projekt an dem wir beteiligt sind, exzellente Leistungen zu erbringen.<\/p>\n<blockquote class=\"blockquote-text-wrap\">\n<p class=\"bt-text\">Licht wird immer mehr zu einem Ausdrucksmittel f\u00fcr Marken und Design, und das Expertenteam von APAGCoSyst konzentriert sich auf die Umsetzung von Konzepten in die Praxis<\/p>\n<\/blockquote>\n<ul>\n<li>Hohe Lichtleistung<\/li>\n<li>Gleichm\u00e4\u00dfige Lichtverteilung<\/li>\n<li>Akkurate Farben<\/li>\n<li>Thermische Aspekte<\/li>\n<li>Schutz vor Wasser und Staub<\/li>\n<\/ul>\n<p>Die Experten von APAGCoSyst erarbeiten gemeinsam mit dem Kunden Konzepte und Entw\u00fcrfe und entwickeln und fertigen Lichtl\u00f6sungen, die das Design aufwerten, Details dezent akzentuieren und elegant und attraktiv wirken. Wir haben eine breite Palette von M\u00f6glichkeiten in der Lichtgestaltung und -produktion:<\/p>\n<ul>\n<li>Integration von Elektronik, Optik und Mechanik<\/li>\n<li>Entwurf von Lichtleitern und anderen optischen Teilen<\/li>\n<li>Licht-Simulation<\/li>\n<li>Schutzart bis zu IP67 (wasser- und staubgesch\u00fctzt)<\/li>\n<li>Integration von Steckern (z.B. Action-Pins) und Schaltern<\/li>\n<li>LED-Technologien (RGB, LED-Treiber, LIN oder direkt gesteuert)<\/li>\n<li>Oberfl\u00e4chenbehandlung (Silikon- und Polyurethan-Verguss, konforme Beschichtung\/Lackierung f\u00fcr Wetterschutz)<\/li>\n<li>Konstruktion und Montage von mechanischen Geh\u00e4usen<\/li>\n<li>Lichtlabor f\u00fcr Messungen und Validierung in der Entwicklungsphase<\/li>\n<li>Erfahrung im Projektmanagement zur Leitung interner und externer Teams<\/li>\n<\/ul>\n","protected":false},"excerpt":{"rendered":"<p>Click to Enlarge APAGCoSyst liefert Elektronik- und Beleuchtungskomponenten f\u00fcr den Einsatz in den Branchen Automotive, Gesundheitswesen und Industrie. Unser erfahrenes Forschungs- und Entwicklungsteam ist darauf spezialisiert, kreative Ideen zum Leben zu erwecken. Wir entwerfen, entwickeln und produzieren einzigartige und komplexe L\u00f6sungen in unseren hochmodernen Entwicklungs- und Produktionsst\u00e4tten. Das Team von APAGCoSyst wird durch unsere Leitprinzipien [&hellip;]<\/p>\n","protected":false},"author":12,"featured_media":0,"parent":1579,"menu_order":0,"comment_status":"closed","ping_status":"closed","template":"","meta":{"inline_featured_image":false},"acf":[],"yoast_head":"<!-- This site is optimized with the Yoast SEO plugin v19.11 - https:\/\/yoast.com\/wordpress\/plugins\/seo\/ -->\n<title>Beleuchtungsprodukte - APAGCoSyst<\/title>\n<meta name=\"robots\" content=\"index, follow, max-snippet:-1, max-image-preview:large, max-video-preview:-1\" \/>\n<link rel=\"canonical\" href=\"https:\/\/www.apagcosyst.com\/de\/technologien-loesungen\/beleuchtung\/\" \/>\n<meta property=\"og:locale\" content=\"de_DE\" \/>\n<meta property=\"og:type\" content=\"article\" \/>\n<meta property=\"og:title\" content=\"Beleuchtungsprodukte - APAGCoSyst\" \/>\n<meta property=\"og:description\" content=\"Click to Enlarge APAGCoSyst liefert Elektronik- und Beleuchtungskomponenten f\u00fcr den Einsatz in den Branchen Automotive, Gesundheitswesen und Industrie. Unser erfahrenes Forschungs- und Entwicklungsteam ist darauf spezialisiert, kreative Ideen zum Leben zu erwecken. Wir entwerfen, entwickeln und produzieren einzigartige und komplexe L\u00f6sungen in unseren hochmodernen Entwicklungs- und Produktionsst\u00e4tten. Das Team von APAGCoSyst wird durch unsere Leitprinzipien [&hellip;]\" \/>\n<meta property=\"og:url\" content=\"https:\/\/www.apagcosyst.com\/de\/technologien-loesungen\/beleuchtung\/\" \/>\n<meta property=\"og:site_name\" content=\"APAGCoSyst\" \/>\n<meta property=\"article:modified_time\" content=\"2024-11-21T12:06:00+00:00\" \/>\n<meta name=\"twitter:label1\" content=\"Gesch\u00e4tzte Lesezeit\" \/>\n\t<meta name=\"twitter:data1\" content=\"1 Minute\" \/>\n<!-- \/ Yoast SEO plugin. -->","yoast_head_json":{"title":"Beleuchtungsprodukte - APAGCoSyst","robots":{"index":"index","follow":"follow","max-snippet":"max-snippet:-1","max-image-preview":"max-image-preview:large","max-video-preview":"max-video-preview:-1"},"canonical":"https:\/\/www.apagcosyst.com\/de\/technologien-loesungen\/beleuchtung\/","og_locale":"de_DE","og_type":"article","og_title":"Beleuchtungsprodukte - APAGCoSyst","og_description":"Click to Enlarge APAGCoSyst liefert Elektronik- und Beleuchtungskomponenten f\u00fcr den Einsatz in den Branchen Automotive, Gesundheitswesen und Industrie. Unser erfahrenes Forschungs- und Entwicklungsteam ist darauf spezialisiert, kreative Ideen zum Leben zu erwecken. Wir entwerfen, entwickeln und produzieren einzigartige und komplexe L\u00f6sungen in unseren hochmodernen Entwicklungs- und Produktionsst\u00e4tten. Das Team von APAGCoSyst wird durch unsere Leitprinzipien [&hellip;]","og_url":"https:\/\/www.apagcosyst.com\/de\/technologien-loesungen\/beleuchtung\/","og_site_name":"APAGCoSyst","article_modified_time":"2024-11-21T12:06:00+00:00","twitter_misc":{"Gesch\u00e4tzte Lesezeit":"1 Minute"},"schema":{"@context":"https:\/\/schema.org","@graph":[{"@type":"WebPage","@id":"https:\/\/www.apagcosyst.com\/de\/technologien-loesungen\/beleuchtung\/","url":"https:\/\/www.apagcosyst.com\/de\/technologien-loesungen\/beleuchtung\/","name":"Beleuchtungsprodukte - APAGCoSyst","isPartOf":{"@id":"https:\/\/www.apagcosyst.com\/de\/#website"},"datePublished":"2021-03-19T14:33:19+00:00","dateModified":"2024-11-21T12:06:00+00:00","breadcrumb":{"@id":"https:\/\/www.apagcosyst.com\/de\/technologien-loesungen\/beleuchtung\/#breadcrumb"},"inLanguage":"de-DE","potentialAction":[{"@type":"ReadAction","target":["https:\/\/www.apagcosyst.com\/de\/technologien-loesungen\/beleuchtung\/"]}]},{"@type":"BreadcrumbList","@id":"https:\/\/www.apagcosyst.com\/de\/technologien-loesungen\/beleuchtung\/#breadcrumb","itemListElement":[{"@type":"ListItem","position":1,"name":"Home","item":"https:\/\/www.apagcosyst.com\/de\/"},{"@type":"ListItem","position":2,"name":"Technologien &#038; L\u00f6sungen","item":"https:\/\/www.apagcosyst.com\/de\/technologien-loesungen\/"},{"@type":"ListItem","position":3,"name":"Beleuchtungsprodukte"}]},{"@type":"WebSite","@id":"https:\/\/www.apagcosyst.com\/de\/#website","url":"https:\/\/www.apagcosyst.com\/de\/","name":"APAGCoSyst","description":"","potentialAction":[{"@type":"SearchAction","target":{"@type":"EntryPoint","urlTemplate":"https:\/\/www.apagcosyst.com\/de\/?s={search_term_string}"},"query-input":"required name=search_term_string"}],"inLanguage":"de-DE"}]}},"featured_image_src":null,"featured_image_src_square":null,"_links":{"self":[{"href":"https:\/\/www.apagcosyst.com\/de\/wp-json\/wp\/v2\/pages\/1568"}],"collection":[{"href":"https:\/\/www.apagcosyst.com\/de\/wp-json\/wp\/v2\/pages"}],"about":[{"href":"https:\/\/www.apagcosyst.com\/de\/wp-json\/wp\/v2\/types\/page"}],"author":[{"embeddable":true,"href":"https:\/\/www.apagcosyst.com\/de\/wp-json\/wp\/v2\/users\/12"}],"replies":[{"embeddable":true,"href":"https:\/\/www.apagcosyst.com\/de\/wp-json\/wp\/v2\/comments?post=1568"}],"version-history":[{"count":0,"href":"https:\/\/www.apagcosyst.com\/de\/wp-json\/wp\/v2\/pages\/1568\/revisions"}],"up":[{"embeddable":true,"href":"https:\/\/www.apagcosyst.com\/de\/wp-json\/wp\/v2\/pages\/1579"}],"wp:attachment":[{"href":"https:\/\/www.apagcosyst.com\/de\/wp-json\/wp\/v2\/media?parent=1568"}],"curies":[{"name":"wp","href":"https:\/\/api.w.org\/{rel}","templated":true}]}}