{"id":1563,"date":"2021-03-19T14:29:01","date_gmt":"2021-03-19T14:29:01","guid":{"rendered":"https:\/\/www.medagcosyst.cz\/?page_id=1563"},"modified":"2022-01-12T15:14:29","modified_gmt":"2022-01-12T15:14:29","slug":"visionen-werte","status":"publish","type":"page","link":"https:\/\/www.apagcosyst.com\/de\/unsere-gruppe\/visionen-werte\/","title":{"rendered":"Visionen &#038; Werte"},"content":{"rendered":"<h2><img class=\"alignright wp-image-2604 size-medium\" src=\"\/wp-content\/uploads\/\/Screen-Shot-2021-08-26-at-8.47.49-AM-500x333.png\" alt=\"apagcosyst visions and values\" width=\"500\" height=\"333\" srcset=\"https:\/\/www.apagcosyst.com\/wp-content\/uploads\/Screen-Shot-2021-08-26-at-8.47.49-AM-500x333.png 500w, https:\/\/www.apagcosyst.com\/wp-content\/uploads\/Screen-Shot-2021-08-26-at-8.47.49-AM-1024x683.png 1024w, https:\/\/www.apagcosyst.com\/wp-content\/uploads\/Screen-Shot-2021-08-26-at-8.47.49-AM-300x200.png 300w, https:\/\/www.apagcosyst.com\/wp-content\/uploads\/Screen-Shot-2021-08-26-at-8.47.49-AM-768x512.png 768w, https:\/\/www.apagcosyst.com\/wp-content\/uploads\/Screen-Shot-2021-08-26-at-8.47.49-AM.png 1458w\" sizes=\"(max-width: 709px) 85vw, (max-width: 909px) 67vw, (max-width: 1362px) 62vw, 840px\" \/>Unser Unternehmenscredo<\/h2>\n<p><strong>Die f\u00fcnf Grunds\u00e4tze<\/strong><\/p>\n<p>Wir sind stolz auf unsere Unternehmenswerte, die uns bei den t\u00e4glichen Entscheidungen leiten und als Grundlage f\u00fcr unsere j\u00e4hrlichen Mitarbeiterbewertungen dienen.<\/p>\n","protected":false},"excerpt":{"rendered":"<p>Unser Unternehmenscredo Die f\u00fcnf Grunds\u00e4tze Wir sind stolz auf unsere Unternehmenswerte, die uns bei den t\u00e4glichen Entscheidungen leiten und als Grundlage f\u00fcr unsere j\u00e4hrlichen Mitarbeiterbewertungen dienen.<\/p>\n","protected":false},"author":12,"featured_media":0,"parent":1553,"menu_order":0,"comment_status":"closed","ping_status":"closed","template":"","meta":{"inline_featured_image":false},"acf":[],"yoast_head":"<!-- This site is optimized with the Yoast SEO plugin v19.11 - https:\/\/yoast.com\/wordpress\/plugins\/seo\/ -->\n<title>Visionen &amp; Werte - APAGCoSyst<\/title>\n<meta name=\"robots\" content=\"index, follow, max-snippet:-1, max-image-preview:large, max-video-preview:-1\" \/>\n<link rel=\"canonical\" href=\"https:\/\/www.apagcosyst.com\/de\/unsere-gruppe\/visionen-werte\/\" \/>\n<meta property=\"og:locale\" content=\"de_DE\" \/>\n<meta property=\"og:type\" content=\"article\" \/>\n<meta property=\"og:title\" content=\"Visionen &amp; Werte - APAGCoSyst\" \/>\n<meta property=\"og:description\" content=\"Unser Unternehmenscredo Die f\u00fcnf Grunds\u00e4tze Wir sind stolz auf unsere Unternehmenswerte, die uns bei den t\u00e4glichen Entscheidungen leiten und als Grundlage f\u00fcr unsere j\u00e4hrlichen Mitarbeiterbewertungen dienen.\" \/>\n<meta property=\"og:url\" content=\"https:\/\/www.apagcosyst.com\/de\/unsere-gruppe\/visionen-werte\/\" \/>\n<meta property=\"og:site_name\" content=\"APAGCoSyst\" \/>\n<meta property=\"article:modified_time\" content=\"2022-01-12T15:14:29+00:00\" \/>\n<meta name=\"twitter:label1\" content=\"Gesch\u00e4tzte Lesezeit\" \/>\n\t<meta name=\"twitter:data1\" content=\"1 Minute\" \/>\n<!-- \/ Yoast SEO plugin. -->","yoast_head_json":{"title":"Visionen & Werte - APAGCoSyst","robots":{"index":"index","follow":"follow","max-snippet":"max-snippet:-1","max-image-preview":"max-image-preview:large","max-video-preview":"max-video-preview:-1"},"canonical":"https:\/\/www.apagcosyst.com\/de\/unsere-gruppe\/visionen-werte\/","og_locale":"de_DE","og_type":"article","og_title":"Visionen & Werte - APAGCoSyst","og_description":"Unser Unternehmenscredo Die f\u00fcnf Grunds\u00e4tze Wir sind stolz auf unsere Unternehmenswerte, die uns bei den t\u00e4glichen Entscheidungen leiten und als Grundlage f\u00fcr unsere j\u00e4hrlichen Mitarbeiterbewertungen dienen.","og_url":"https:\/\/www.apagcosyst.com\/de\/unsere-gruppe\/visionen-werte\/","og_site_name":"APAGCoSyst","article_modified_time":"2022-01-12T15:14:29+00:00","twitter_misc":{"Gesch\u00e4tzte Lesezeit":"1 Minute"},"schema":{"@context":"https:\/\/schema.org","@graph":[{"@type":"WebPage","@id":"https:\/\/www.apagcosyst.com\/de\/unsere-gruppe\/visionen-werte\/","url":"https:\/\/www.apagcosyst.com\/de\/unsere-gruppe\/visionen-werte\/","name":"Visionen & Werte - APAGCoSyst","isPartOf":{"@id":"https:\/\/www.apagcosyst.com\/de\/#website"},"datePublished":"2021-03-19T14:29:01+00:00","dateModified":"2022-01-12T15:14:29+00:00","breadcrumb":{"@id":"https:\/\/www.apagcosyst.com\/de\/unsere-gruppe\/visionen-werte\/#breadcrumb"},"inLanguage":"de-DE","potentialAction":[{"@type":"ReadAction","target":["https:\/\/www.apagcosyst.com\/de\/unsere-gruppe\/visionen-werte\/"]}]},{"@type":"BreadcrumbList","@id":"https:\/\/www.apagcosyst.com\/de\/unsere-gruppe\/visionen-werte\/#breadcrumb","itemListElement":[{"@type":"ListItem","position":1,"name":"Home","item":"https:\/\/www.apagcosyst.com\/de\/"},{"@type":"ListItem","position":2,"name":"\u00dcber uns","item":"https:\/\/www.apagcosyst.com\/de\/unsere-gruppe\/"},{"@type":"ListItem","position":3,"name":"Visionen &#038; Werte"}]},{"@type":"WebSite","@id":"https:\/\/www.apagcosyst.com\/de\/#website","url":"https:\/\/www.apagcosyst.com\/de\/","name":"APAGCoSyst","description":"","potentialAction":[{"@type":"SearchAction","target":{"@type":"EntryPoint","urlTemplate":"https:\/\/www.apagcosyst.com\/de\/?s={search_term_string}"},"query-input":"required name=search_term_string"}],"inLanguage":"de-DE"}]}},"featured_image_src":null,"featured_image_src_square":null,"_links":{"self":[{"href":"https:\/\/www.apagcosyst.com\/de\/wp-json\/wp\/v2\/pages\/1563"}],"collection":[{"href":"https:\/\/www.apagcosyst.com\/de\/wp-json\/wp\/v2\/pages"}],"about":[{"href":"https:\/\/www.apagcosyst.com\/de\/wp-json\/wp\/v2\/types\/page"}],"author":[{"embeddable":true,"href":"https:\/\/www.apagcosyst.com\/de\/wp-json\/wp\/v2\/users\/12"}],"replies":[{"embeddable":true,"href":"https:\/\/www.apagcosyst.com\/de\/wp-json\/wp\/v2\/comments?post=1563"}],"version-history":[{"count":0,"href":"https:\/\/www.apagcosyst.com\/de\/wp-json\/wp\/v2\/pages\/1563\/revisions"}],"up":[{"embeddable":true,"href":"https:\/\/www.apagcosyst.com\/de\/wp-json\/wp\/v2\/pages\/1553"}],"wp:attachment":[{"href":"https:\/\/www.apagcosyst.com\/de\/wp-json\/wp\/v2\/media?parent=1563"}],"curies":[{"name":"wp","href":"https:\/\/api.w.org\/{rel}","templated":true}]}}