{"id":1554,"date":"2021-03-19T14:27:06","date_gmt":"2021-03-19T14:27:06","guid":{"rendered":"https:\/\/www.medagcosyst.cz\/?page_id=1554"},"modified":"2026-01-29T15:28:27","modified_gmt":"2026-01-29T14:28:27","slug":"unternehmensgruppe","status":"publish","type":"page","link":"https:\/\/www.apagcosyst.com\/de\/unsere-gruppe\/unternehmensgruppe\/","title":{"rendered":"Unsere Gruppe"},"content":{"rendered":"<p style=\"text-align: left;\">APAGCoSyst wurde durch eine strategische Beteiligung von ANEVOLVE, einem Unternehmen der ANAND Group mit Sitz in Indien, weiter gest\u00e4rkt. ANEVOLVE hat eine Mehrheitsbeteiligung an APAGCoSyst \u00fcbernommen. Die Kanoria Group h\u00e4lt weiterhin eine bedeutende Minderheitsbeteiligung und sichert damit Kontinuit\u00e4t, Stabilit\u00e4t sowie die Wahrung der Werte, die das Unternehmen seit Jahrzehnten pr\u00e4gen. Diese Eigent\u00fcmerstruktur unterst\u00fctzt die langfristige Ausrichtung von APAGCoSyst bei gleichzeitiger Wahrung der unternehmerischen Unabh\u00e4ngigkeit, der Unternehmenskultur und der konsequenten Kundenorientierung.<\/p>\n","protected":false},"excerpt":{"rendered":"<p>APAGCoSyst wurde durch eine strategische Beteiligung von ANEVOLVE, einem Unternehmen der ANAND Group mit Sitz in Indien, weiter gest\u00e4rkt. ANEVOLVE hat eine Mehrheitsbeteiligung an APAGCoSyst \u00fcbernommen. Die Kanoria Group h\u00e4lt weiterhin eine bedeutende Minderheitsbeteiligung und sichert damit Kontinuit\u00e4t, Stabilit\u00e4t sowie die Wahrung der Werte, die das Unternehmen seit Jahrzehnten pr\u00e4gen. Diese Eigent\u00fcmerstruktur unterst\u00fctzt die langfristige [&hellip;]<\/p>\n","protected":false},"author":12,"featured_media":0,"parent":1553,"menu_order":0,"comment_status":"closed","ping_status":"closed","template":"","meta":{"inline_featured_image":false},"acf":[],"yoast_head":"<!-- This site is optimized with the Yoast SEO plugin v19.11 - https:\/\/yoast.com\/wordpress\/plugins\/seo\/ -->\n<title>Unsere Gruppe - APAGCoSyst<\/title>\n<meta name=\"robots\" content=\"index, follow, max-snippet:-1, max-image-preview:large, max-video-preview:-1\" \/>\n<link rel=\"canonical\" href=\"https:\/\/www.apagcosyst.com\/de\/unsere-gruppe\/unternehmensgruppe\/\" \/>\n<meta property=\"og:locale\" content=\"de_DE\" \/>\n<meta property=\"og:type\" content=\"article\" \/>\n<meta property=\"og:title\" content=\"Unsere Gruppe - APAGCoSyst\" \/>\n<meta property=\"og:description\" content=\"APAGCoSyst wurde durch eine strategische Beteiligung von ANEVOLVE, einem Unternehmen der ANAND Group mit Sitz in Indien, weiter gest\u00e4rkt. ANEVOLVE hat eine Mehrheitsbeteiligung an APAGCoSyst \u00fcbernommen. Die Kanoria Group h\u00e4lt weiterhin eine bedeutende Minderheitsbeteiligung und sichert damit Kontinuit\u00e4t, Stabilit\u00e4t sowie die Wahrung der Werte, die das Unternehmen seit Jahrzehnten pr\u00e4gen. Diese Eigent\u00fcmerstruktur unterst\u00fctzt die langfristige [&hellip;]\" \/>\n<meta property=\"og:url\" content=\"https:\/\/www.apagcosyst.com\/de\/unsere-gruppe\/unternehmensgruppe\/\" \/>\n<meta property=\"og:site_name\" content=\"APAGCoSyst\" \/>\n<meta property=\"article:modified_time\" content=\"2026-01-29T14:28:27+00:00\" \/>\n<!-- \/ Yoast SEO plugin. -->","yoast_head_json":{"title":"Unsere Gruppe - APAGCoSyst","robots":{"index":"index","follow":"follow","max-snippet":"max-snippet:-1","max-image-preview":"max-image-preview:large","max-video-preview":"max-video-preview:-1"},"canonical":"https:\/\/www.apagcosyst.com\/de\/unsere-gruppe\/unternehmensgruppe\/","og_locale":"de_DE","og_type":"article","og_title":"Unsere Gruppe - APAGCoSyst","og_description":"APAGCoSyst wurde durch eine strategische Beteiligung von ANEVOLVE, einem Unternehmen der ANAND Group mit Sitz in Indien, weiter gest\u00e4rkt. ANEVOLVE hat eine Mehrheitsbeteiligung an APAGCoSyst \u00fcbernommen. Die Kanoria Group h\u00e4lt weiterhin eine bedeutende Minderheitsbeteiligung und sichert damit Kontinuit\u00e4t, Stabilit\u00e4t sowie die Wahrung der Werte, die das Unternehmen seit Jahrzehnten pr\u00e4gen. Diese Eigent\u00fcmerstruktur unterst\u00fctzt die langfristige [&hellip;]","og_url":"https:\/\/www.apagcosyst.com\/de\/unsere-gruppe\/unternehmensgruppe\/","og_site_name":"APAGCoSyst","article_modified_time":"2026-01-29T14:28:27+00:00","schema":{"@context":"https:\/\/schema.org","@graph":[{"@type":"WebPage","@id":"https:\/\/www.apagcosyst.com\/de\/unsere-gruppe\/unternehmensgruppe\/","url":"https:\/\/www.apagcosyst.com\/de\/unsere-gruppe\/unternehmensgruppe\/","name":"Unsere Gruppe - APAGCoSyst","isPartOf":{"@id":"https:\/\/www.apagcosyst.com\/de\/#website"},"datePublished":"2021-03-19T14:27:06+00:00","dateModified":"2026-01-29T14:28:27+00:00","breadcrumb":{"@id":"https:\/\/www.apagcosyst.com\/de\/unsere-gruppe\/unternehmensgruppe\/#breadcrumb"},"inLanguage":"de-DE","potentialAction":[{"@type":"ReadAction","target":["https:\/\/www.apagcosyst.com\/de\/unsere-gruppe\/unternehmensgruppe\/"]}]},{"@type":"BreadcrumbList","@id":"https:\/\/www.apagcosyst.com\/de\/unsere-gruppe\/unternehmensgruppe\/#breadcrumb","itemListElement":[{"@type":"ListItem","position":1,"name":"Home","item":"https:\/\/www.apagcosyst.com\/de\/"},{"@type":"ListItem","position":2,"name":"\u00dcber uns","item":"https:\/\/www.apagcosyst.com\/de\/unsere-gruppe\/"},{"@type":"ListItem","position":3,"name":"Unsere Gruppe"}]},{"@type":"WebSite","@id":"https:\/\/www.apagcosyst.com\/de\/#website","url":"https:\/\/www.apagcosyst.com\/de\/","name":"APAGCoSyst","description":"","potentialAction":[{"@type":"SearchAction","target":{"@type":"EntryPoint","urlTemplate":"https:\/\/www.apagcosyst.com\/de\/?s={search_term_string}"},"query-input":"required name=search_term_string"}],"inLanguage":"de-DE"}]}},"featured_image_src":null,"featured_image_src_square":null,"_links":{"self":[{"href":"https:\/\/www.apagcosyst.com\/de\/wp-json\/wp\/v2\/pages\/1554"}],"collection":[{"href":"https:\/\/www.apagcosyst.com\/de\/wp-json\/wp\/v2\/pages"}],"about":[{"href":"https:\/\/www.apagcosyst.com\/de\/wp-json\/wp\/v2\/types\/page"}],"author":[{"embeddable":true,"href":"https:\/\/www.apagcosyst.com\/de\/wp-json\/wp\/v2\/users\/12"}],"replies":[{"embeddable":true,"href":"https:\/\/www.apagcosyst.com\/de\/wp-json\/wp\/v2\/comments?post=1554"}],"version-history":[{"count":0,"href":"https:\/\/www.apagcosyst.com\/de\/wp-json\/wp\/v2\/pages\/1554\/revisions"}],"up":[{"embeddable":true,"href":"https:\/\/www.apagcosyst.com\/de\/wp-json\/wp\/v2\/pages\/1553"}],"wp:attachment":[{"href":"https:\/\/www.apagcosyst.com\/de\/wp-json\/wp\/v2\/media?parent=1554"}],"curies":[{"name":"wp","href":"https:\/\/api.w.org\/{rel}","templated":true}]}}