{"id":4329,"date":"2025-07-21T15:04:52","date_gmt":"2025-07-21T13:04:52","guid":{"rendered":"https:\/\/www.apagcosyst.com\/?page_id=4329"},"modified":"2025-08-21T12:43:07","modified_gmt":"2025-08-21T10:43:07","slug":"prumyslova-automatizace-vyroby","status":"publish","type":"page","link":"https:\/\/www.apagcosyst.com\/cs\/technologie-a-reseni\/prumyslova-automatizace-vyroby\/","title":{"rendered":"Pr\u016fmyslov\u00e1 automatizace v\u00fdroby"},"content":{"rendered":"<h2>Zak\u00e1zkov\u00e1 \u0159e\u0161en\u00ed pro automatizovanou v\u00fdrobu elektroniky<\/h2>\n<div class=\"text-aligncenter alignright\" style=\"position: relative; z-index: 1;\"><a class=\"lightbox\" style=\"line-height: 0;\" href=\"\/wp-content\/uploads\/industrial_automation_brochure.png\"><img class=\"size-thumbnail wp-image-1840\" title=\"Industrial Automation Brochure\" src=\"\/wp-content\/uploads\/industrial_automation_brochure_mini.png\" alt=\"Industrial Automation Brochure\" width=\"320\" data-wp-editing=\"1\" \/><\/a><\/p>\n<p style=\"margin: 0;\">Click to Enlarge<\/p>\n<\/div>\n<p>Ve spole\u010dnosti APAGCoSyst vyv\u00edj\u00edme zak\u00e1zkov\u00e1 \u0159e\u0161en\u00ed pr\u016fmyslov\u00e9 automatizace p\u0159izp\u016fsoben\u00e1 n\u00e1ro\u010dn\u00fdm po\u017eadavk\u016fm velkos\u00e9riov\u00e9 v\u00fdroby elektroniky. Na\u0161e automatizovan\u00e9 syst\u00e9my jsou navr\u017eeny tak, aby zvy\u0161ovaly produktivitu, sni\u017eovaly n\u00e1klady a poskytovaly optim\u00e1ln\u00ed v\u00fdrobn\u00ed v\u00fdsledky, kter\u00e9 odpov\u00eddaj\u00ed neust\u00e1le se vyv\u00edjej\u00edc\u00edm pot\u0159eb\u00e1m automobilov\u00e9ho, pr\u016fmyslov\u00e9ho a zdravotnick\u00e9ho odv\u011btv\u00ed.<\/p>\n<p>Od roku 2018 buduje n\u00e1\u0161 specializovan\u00fd t\u00fdm pro pr\u016fmyslovou automatizaci inteligentn\u00ed v\u00fdrobn\u00ed syst\u00e9my po cel\u00e9m sv\u011bt\u011b &#8211; v N\u011bmecku, \u010cesk\u00e9 republice a Kanad\u011b. A\u0165 u\u017e pro na\u0161i intern\u00ed v\u00fdrobu, nebo extern\u00ed klienty, zaji\u0161\u0165ujeme cel\u00fd proces od konceptu a\u017e po plnohodnotnou v\u00fdrobu a zvy\u0161ujeme efektivitu v ka\u017ed\u00e9m kroku.<\/p>\n<p><iframe src=\"https:\/\/www.youtube.com\/embed\/rkqEUM4k7Iw?start=4\" width=\"100%\" height=\"450\" frameborder=\"0\" allowfullscreen=\"allowfullscreen\"><\/iframe><\/p>\n","protected":false},"excerpt":{"rendered":"<p>Zak\u00e1zkov\u00e1 \u0159e\u0161en\u00ed pro automatizovanou v\u00fdrobu elektroniky Click to Enlarge Ve spole\u010dnosti APAGCoSyst vyv\u00edj\u00edme zak\u00e1zkov\u00e1 \u0159e\u0161en\u00ed pr\u016fmyslov\u00e9 automatizace p\u0159izp\u016fsoben\u00e1 n\u00e1ro\u010dn\u00fdm po\u017eadavk\u016fm velkos\u00e9riov\u00e9 v\u00fdroby elektroniky. Na\u0161e automatizovan\u00e9 syst\u00e9my jsou navr\u017eeny tak, aby zvy\u0161ovaly produktivitu, sni\u017eovaly n\u00e1klady a poskytovaly optim\u00e1ln\u00ed v\u00fdrobn\u00ed v\u00fdsledky, kter\u00e9 odpov\u00eddaj\u00ed neust\u00e1le se vyv\u00edjej\u00edc\u00edm pot\u0159eb\u00e1m automobilov\u00e9ho, pr\u016fmyslov\u00e9ho a zdravotnick\u00e9ho odv\u011btv\u00ed. Od roku 2018 buduje n\u00e1\u0161 [&hellip;]<\/p>\n","protected":false},"author":31,"featured_media":0,"parent":1705,"menu_order":0,"comment_status":"closed","ping_status":"closed","template":"","meta":{"inline_featured_image":false},"acf":[],"yoast_head":"<!-- This site is optimized with the Yoast SEO plugin v19.11 - https:\/\/yoast.com\/wordpress\/plugins\/seo\/ -->\n<title>Pr\u016fmyslov\u00e1 automatizace v\u00fdroby - APAGCoSyst<\/title>\n<meta name=\"robots\" content=\"index, follow, max-snippet:-1, max-image-preview:large, max-video-preview:-1\" \/>\n<link rel=\"canonical\" href=\"https:\/\/www.apagcosyst.com\/cs\/technologie-a-reseni\/prumyslova-automatizace-vyroby\/\" \/>\n<meta property=\"og:locale\" content=\"cs_CZ\" \/>\n<meta property=\"og:type\" content=\"article\" \/>\n<meta property=\"og:title\" content=\"Pr\u016fmyslov\u00e1 automatizace v\u00fdroby - APAGCoSyst\" \/>\n<meta property=\"og:description\" content=\"Zak\u00e1zkov\u00e1 \u0159e\u0161en\u00ed pro automatizovanou v\u00fdrobu elektroniky Click to Enlarge Ve spole\u010dnosti APAGCoSyst vyv\u00edj\u00edme zak\u00e1zkov\u00e1 \u0159e\u0161en\u00ed pr\u016fmyslov\u00e9 automatizace p\u0159izp\u016fsoben\u00e1 n\u00e1ro\u010dn\u00fdm po\u017eadavk\u016fm velkos\u00e9riov\u00e9 v\u00fdroby elektroniky. Na\u0161e automatizovan\u00e9 syst\u00e9my jsou navr\u017eeny tak, aby zvy\u0161ovaly produktivitu, sni\u017eovaly n\u00e1klady a poskytovaly optim\u00e1ln\u00ed v\u00fdrobn\u00ed v\u00fdsledky, kter\u00e9 odpov\u00eddaj\u00ed neust\u00e1le se vyv\u00edjej\u00edc\u00edm pot\u0159eb\u00e1m automobilov\u00e9ho, pr\u016fmyslov\u00e9ho a zdravotnick\u00e9ho odv\u011btv\u00ed. Od roku 2018 buduje n\u00e1\u0161 [&hellip;]\" \/>\n<meta property=\"og:url\" content=\"https:\/\/www.apagcosyst.com\/cs\/technologie-a-reseni\/prumyslova-automatizace-vyroby\/\" \/>\n<meta property=\"og:site_name\" content=\"APAGCoSyst\" \/>\n<meta property=\"article:modified_time\" content=\"2025-08-21T10:43:07+00:00\" \/>\n<meta name=\"twitter:label1\" content=\"Odhadovan\u00e1 doba \u010dten\u00ed\" \/>\n\t<meta name=\"twitter:data1\" content=\"1 minuta\" \/>\n<!-- \/ Yoast SEO plugin. -->","yoast_head_json":{"title":"Pr\u016fmyslov\u00e1 automatizace v\u00fdroby - APAGCoSyst","robots":{"index":"index","follow":"follow","max-snippet":"max-snippet:-1","max-image-preview":"max-image-preview:large","max-video-preview":"max-video-preview:-1"},"canonical":"https:\/\/www.apagcosyst.com\/cs\/technologie-a-reseni\/prumyslova-automatizace-vyroby\/","og_locale":"cs_CZ","og_type":"article","og_title":"Pr\u016fmyslov\u00e1 automatizace v\u00fdroby - APAGCoSyst","og_description":"Zak\u00e1zkov\u00e1 \u0159e\u0161en\u00ed pro automatizovanou v\u00fdrobu elektroniky Click to Enlarge Ve spole\u010dnosti APAGCoSyst vyv\u00edj\u00edme zak\u00e1zkov\u00e1 \u0159e\u0161en\u00ed pr\u016fmyslov\u00e9 automatizace p\u0159izp\u016fsoben\u00e1 n\u00e1ro\u010dn\u00fdm po\u017eadavk\u016fm velkos\u00e9riov\u00e9 v\u00fdroby elektroniky. Na\u0161e automatizovan\u00e9 syst\u00e9my jsou navr\u017eeny tak, aby zvy\u0161ovaly produktivitu, sni\u017eovaly n\u00e1klady a poskytovaly optim\u00e1ln\u00ed v\u00fdrobn\u00ed v\u00fdsledky, kter\u00e9 odpov\u00eddaj\u00ed neust\u00e1le se vyv\u00edjej\u00edc\u00edm pot\u0159eb\u00e1m automobilov\u00e9ho, pr\u016fmyslov\u00e9ho a zdravotnick\u00e9ho odv\u011btv\u00ed. Od roku 2018 buduje n\u00e1\u0161 [&hellip;]","og_url":"https:\/\/www.apagcosyst.com\/cs\/technologie-a-reseni\/prumyslova-automatizace-vyroby\/","og_site_name":"APAGCoSyst","article_modified_time":"2025-08-21T10:43:07+00:00","twitter_misc":{"Odhadovan\u00e1 doba \u010dten\u00ed":"1 minuta"},"schema":{"@context":"https:\/\/schema.org","@graph":[{"@type":"WebPage","@id":"https:\/\/www.apagcosyst.com\/cs\/technologie-a-reseni\/prumyslova-automatizace-vyroby\/","url":"https:\/\/www.apagcosyst.com\/cs\/technologie-a-reseni\/prumyslova-automatizace-vyroby\/","name":"Pr\u016fmyslov\u00e1 automatizace v\u00fdroby - APAGCoSyst","isPartOf":{"@id":"https:\/\/www.apagcosyst.com\/cs\/#website"},"datePublished":"2025-07-21T13:04:52+00:00","dateModified":"2025-08-21T10:43:07+00:00","breadcrumb":{"@id":"https:\/\/www.apagcosyst.com\/cs\/technologie-a-reseni\/prumyslova-automatizace-vyroby\/#breadcrumb"},"inLanguage":"cs","potentialAction":[{"@type":"ReadAction","target":["https:\/\/www.apagcosyst.com\/cs\/technologie-a-reseni\/prumyslova-automatizace-vyroby\/"]}]},{"@type":"BreadcrumbList","@id":"https:\/\/www.apagcosyst.com\/cs\/technologie-a-reseni\/prumyslova-automatizace-vyroby\/#breadcrumb","itemListElement":[{"@type":"ListItem","position":1,"name":"Home","item":"https:\/\/www.apagcosyst.com\/cs\/"},{"@type":"ListItem","position":2,"name":"Technologie a \u0159e\u0161en\u00ed","item":"https:\/\/www.apagcosyst.com\/cs\/technologie-a-reseni\/"},{"@type":"ListItem","position":3,"name":"Pr\u016fmyslov\u00e1 automatizace v\u00fdroby"}]},{"@type":"WebSite","@id":"https:\/\/www.apagcosyst.com\/cs\/#website","url":"https:\/\/www.apagcosyst.com\/cs\/","name":"APAGCoSyst","description":"","potentialAction":[{"@type":"SearchAction","target":{"@type":"EntryPoint","urlTemplate":"https:\/\/www.apagcosyst.com\/cs\/?s={search_term_string}"},"query-input":"required name=search_term_string"}],"inLanguage":"cs"}]}},"featured_image_src":null,"featured_image_src_square":null,"_links":{"self":[{"href":"https:\/\/www.apagcosyst.com\/cs\/wp-json\/wp\/v2\/pages\/4329"}],"collection":[{"href":"https:\/\/www.apagcosyst.com\/cs\/wp-json\/wp\/v2\/pages"}],"about":[{"href":"https:\/\/www.apagcosyst.com\/cs\/wp-json\/wp\/v2\/types\/page"}],"author":[{"embeddable":true,"href":"https:\/\/www.apagcosyst.com\/cs\/wp-json\/wp\/v2\/users\/31"}],"replies":[{"embeddable":true,"href":"https:\/\/www.apagcosyst.com\/cs\/wp-json\/wp\/v2\/comments?post=4329"}],"version-history":[{"count":0,"href":"https:\/\/www.apagcosyst.com\/cs\/wp-json\/wp\/v2\/pages\/4329\/revisions"}],"up":[{"embeddable":true,"href":"https:\/\/www.apagcosyst.com\/cs\/wp-json\/wp\/v2\/pages\/1705"}],"wp:attachment":[{"href":"https:\/\/www.apagcosyst.com\/cs\/wp-json\/wp\/v2\/media?parent=4329"}],"curies":[{"name":"wp","href":"https:\/\/api.w.org\/{rel}","templated":true}]}}