{"id":3977,"date":"2024-10-10T17:36:58","date_gmt":"2024-10-10T15:36:58","guid":{"rendered":"https:\/\/www.apagcosyst.com\/?page_id=3977"},"modified":"2024-10-15T08:55:26","modified_gmt":"2024-10-15T06:55:26","slug":"politika-oznamovani-protipravniho-jednani","status":"publish","type":"page","link":"https:\/\/www.apagcosyst.com\/cs\/o-nas\/politika-oznamovani-protipravniho-jednani\/","title":{"rendered":"Politika Oznamov\u00e1n\u00ed Protipr\u00e1vn\u00edho Jedn\u00e1n\u00ed"},"content":{"rendered":"<p>Spole\u010dnost APAGCoSyst se zavazuje udr\u017eovat transparentn\u00ed a etick\u00e9 pracovn\u00ed prost\u0159ed\u00ed. V souladu se z\u00e1konem \u010d. 171\/2023 Sb. o ochran\u011b oznamovatel\u016f jsme zavedli syst\u00e9m pro oznamov\u00e1n\u00ed protipr\u00e1vn\u00edho jedn\u00e1n\u00ed, kter\u00fd zam\u011bstnanc\u016fm a dal\u0161\u00edm relevantn\u00edm osob\u00e1m poskytuje bezpe\u010dn\u00fd a d\u016fv\u011brn\u00fd zp\u016fsob, jak nahl\u00e1sit podez\u0159en\u00ed na protipr\u00e1vn\u00ed jedn\u00e1n\u00ed, neleg\u00e1ln\u00ed \u010dinnost nebo jin\u00e9 poru\u0161en\u00ed p\u0159edpis\u016f, kter\u00e9 napl\u0148uje znaky p\u0159\u00edslu\u0161n\u00fdch ustanoven\u00ed Z\u00e1kona o ochran\u011b oznamovatel\u016f.<\/p>\n<p><strong>Kan\u00e1ly pro pod\u00e1v\u00e1n\u00ed ozn\u00e1men\u00ed<\/strong><\/p>\n<p>Zaji\u0161\u0165ujeme n\u011bkolik kan\u00e1l\u016f pro pod\u00e1v\u00e1n\u00ed ozn\u00e1men\u00ed:<\/p>\n","protected":false},"excerpt":{"rendered":"<p>Spole\u010dnost APAGCoSyst se zavazuje udr\u017eovat transparentn\u00ed a etick\u00e9 pracovn\u00ed prost\u0159ed\u00ed. V souladu se z\u00e1konem \u010d. 171\/2023 Sb. o ochran\u011b oznamovatel\u016f jsme zavedli syst\u00e9m pro oznamov\u00e1n\u00ed protipr\u00e1vn\u00edho jedn\u00e1n\u00ed, kter\u00fd zam\u011bstnanc\u016fm a dal\u0161\u00edm relevantn\u00edm osob\u00e1m poskytuje bezpe\u010dn\u00fd a d\u016fv\u011brn\u00fd zp\u016fsob, jak nahl\u00e1sit podez\u0159en\u00ed na protipr\u00e1vn\u00ed jedn\u00e1n\u00ed, neleg\u00e1ln\u00ed \u010dinnost nebo jin\u00e9 poru\u0161en\u00ed p\u0159edpis\u016f, kter\u00e9 napl\u0148uje znaky p\u0159\u00edslu\u0161n\u00fdch ustanoven\u00ed [&hellip;]<\/p>\n","protected":false},"author":12,"featured_media":0,"parent":1659,"menu_order":0,"comment_status":"closed","ping_status":"closed","template":"","meta":{"inline_featured_image":false},"acf":[],"yoast_head":"<!-- This site is optimized with the Yoast SEO plugin v19.11 - https:\/\/yoast.com\/wordpress\/plugins\/seo\/ -->\n<title>Politika Oznamov\u00e1n\u00ed Protipr\u00e1vn\u00edho Jedn\u00e1n\u00ed - APAGCoSyst<\/title>\n<meta name=\"robots\" content=\"index, follow, max-snippet:-1, max-image-preview:large, max-video-preview:-1\" \/>\n<link rel=\"canonical\" href=\"https:\/\/www.apagcosyst.com\/cs\/o-nas\/politika-oznamovani-protipravniho-jednani\/\" \/>\n<meta property=\"og:locale\" content=\"cs_CZ\" \/>\n<meta property=\"og:type\" content=\"article\" \/>\n<meta property=\"og:title\" content=\"Politika Oznamov\u00e1n\u00ed Protipr\u00e1vn\u00edho Jedn\u00e1n\u00ed - APAGCoSyst\" \/>\n<meta property=\"og:description\" content=\"Spole\u010dnost APAGCoSyst se zavazuje udr\u017eovat transparentn\u00ed a etick\u00e9 pracovn\u00ed prost\u0159ed\u00ed. V souladu se z\u00e1konem \u010d. 171\/2023 Sb. o ochran\u011b oznamovatel\u016f jsme zavedli syst\u00e9m pro oznamov\u00e1n\u00ed protipr\u00e1vn\u00edho jedn\u00e1n\u00ed, kter\u00fd zam\u011bstnanc\u016fm a dal\u0161\u00edm relevantn\u00edm osob\u00e1m poskytuje bezpe\u010dn\u00fd a d\u016fv\u011brn\u00fd zp\u016fsob, jak nahl\u00e1sit podez\u0159en\u00ed na protipr\u00e1vn\u00ed jedn\u00e1n\u00ed, neleg\u00e1ln\u00ed \u010dinnost nebo jin\u00e9 poru\u0161en\u00ed p\u0159edpis\u016f, kter\u00e9 napl\u0148uje znaky p\u0159\u00edslu\u0161n\u00fdch ustanoven\u00ed [&hellip;]\" \/>\n<meta property=\"og:url\" content=\"https:\/\/www.apagcosyst.com\/cs\/o-nas\/politika-oznamovani-protipravniho-jednani\/\" \/>\n<meta property=\"og:site_name\" content=\"APAGCoSyst\" \/>\n<meta property=\"article:modified_time\" content=\"2024-10-15T06:55:26+00:00\" \/>\n<meta name=\"twitter:label1\" content=\"Odhadovan\u00e1 doba \u010dten\u00ed\" \/>\n\t<meta name=\"twitter:data1\" content=\"1 minuta\" \/>\n<!-- \/ Yoast SEO plugin. -->","yoast_head_json":{"title":"Politika Oznamov\u00e1n\u00ed Protipr\u00e1vn\u00edho Jedn\u00e1n\u00ed - APAGCoSyst","robots":{"index":"index","follow":"follow","max-snippet":"max-snippet:-1","max-image-preview":"max-image-preview:large","max-video-preview":"max-video-preview:-1"},"canonical":"https:\/\/www.apagcosyst.com\/cs\/o-nas\/politika-oznamovani-protipravniho-jednani\/","og_locale":"cs_CZ","og_type":"article","og_title":"Politika Oznamov\u00e1n\u00ed Protipr\u00e1vn\u00edho Jedn\u00e1n\u00ed - APAGCoSyst","og_description":"Spole\u010dnost APAGCoSyst se zavazuje udr\u017eovat transparentn\u00ed a etick\u00e9 pracovn\u00ed prost\u0159ed\u00ed. V souladu se z\u00e1konem \u010d. 171\/2023 Sb. o ochran\u011b oznamovatel\u016f jsme zavedli syst\u00e9m pro oznamov\u00e1n\u00ed protipr\u00e1vn\u00edho jedn\u00e1n\u00ed, kter\u00fd zam\u011bstnanc\u016fm a dal\u0161\u00edm relevantn\u00edm osob\u00e1m poskytuje bezpe\u010dn\u00fd a d\u016fv\u011brn\u00fd zp\u016fsob, jak nahl\u00e1sit podez\u0159en\u00ed na protipr\u00e1vn\u00ed jedn\u00e1n\u00ed, neleg\u00e1ln\u00ed \u010dinnost nebo jin\u00e9 poru\u0161en\u00ed p\u0159edpis\u016f, kter\u00e9 napl\u0148uje znaky p\u0159\u00edslu\u0161n\u00fdch ustanoven\u00ed [&hellip;]","og_url":"https:\/\/www.apagcosyst.com\/cs\/o-nas\/politika-oznamovani-protipravniho-jednani\/","og_site_name":"APAGCoSyst","article_modified_time":"2024-10-15T06:55:26+00:00","twitter_misc":{"Odhadovan\u00e1 doba \u010dten\u00ed":"1 minuta"},"schema":{"@context":"https:\/\/schema.org","@graph":[{"@type":"WebPage","@id":"https:\/\/www.apagcosyst.com\/cs\/o-nas\/politika-oznamovani-protipravniho-jednani\/","url":"https:\/\/www.apagcosyst.com\/cs\/o-nas\/politika-oznamovani-protipravniho-jednani\/","name":"Politika Oznamov\u00e1n\u00ed Protipr\u00e1vn\u00edho Jedn\u00e1n\u00ed - APAGCoSyst","isPartOf":{"@id":"https:\/\/www.apagcosyst.com\/cs\/#website"},"datePublished":"2024-10-10T15:36:58+00:00","dateModified":"2024-10-15T06:55:26+00:00","breadcrumb":{"@id":"https:\/\/www.apagcosyst.com\/cs\/o-nas\/politika-oznamovani-protipravniho-jednani\/#breadcrumb"},"inLanguage":"cs","potentialAction":[{"@type":"ReadAction","target":["https:\/\/www.apagcosyst.com\/cs\/o-nas\/politika-oznamovani-protipravniho-jednani\/"]}]},{"@type":"BreadcrumbList","@id":"https:\/\/www.apagcosyst.com\/cs\/o-nas\/politika-oznamovani-protipravniho-jednani\/#breadcrumb","itemListElement":[{"@type":"ListItem","position":1,"name":"Home","item":"https:\/\/www.apagcosyst.com\/cs\/"},{"@type":"ListItem","position":2,"name":"O n\u00e1s","item":"https:\/\/www.apagcosyst.com\/cs\/o-nas\/"},{"@type":"ListItem","position":3,"name":"Politika Oznamov\u00e1n\u00ed Protipr\u00e1vn\u00edho Jedn\u00e1n\u00ed"}]},{"@type":"WebSite","@id":"https:\/\/www.apagcosyst.com\/cs\/#website","url":"https:\/\/www.apagcosyst.com\/cs\/","name":"APAGCoSyst","description":"","potentialAction":[{"@type":"SearchAction","target":{"@type":"EntryPoint","urlTemplate":"https:\/\/www.apagcosyst.com\/cs\/?s={search_term_string}"},"query-input":"required name=search_term_string"}],"inLanguage":"cs"}]}},"featured_image_src":null,"featured_image_src_square":null,"_links":{"self":[{"href":"https:\/\/www.apagcosyst.com\/cs\/wp-json\/wp\/v2\/pages\/3977"}],"collection":[{"href":"https:\/\/www.apagcosyst.com\/cs\/wp-json\/wp\/v2\/pages"}],"about":[{"href":"https:\/\/www.apagcosyst.com\/cs\/wp-json\/wp\/v2\/types\/page"}],"author":[{"embeddable":true,"href":"https:\/\/www.apagcosyst.com\/cs\/wp-json\/wp\/v2\/users\/12"}],"replies":[{"embeddable":true,"href":"https:\/\/www.apagcosyst.com\/cs\/wp-json\/wp\/v2\/comments?post=3977"}],"version-history":[{"count":0,"href":"https:\/\/www.apagcosyst.com\/cs\/wp-json\/wp\/v2\/pages\/3977\/revisions"}],"up":[{"embeddable":true,"href":"https:\/\/www.apagcosyst.com\/cs\/wp-json\/wp\/v2\/pages\/1659"}],"wp:attachment":[{"href":"https:\/\/www.apagcosyst.com\/cs\/wp-json\/wp\/v2\/media?parent=3977"}],"curies":[{"name":"wp","href":"https:\/\/api.w.org\/{rel}","templated":true}]}}