{"id":3552,"date":"2023-05-09T11:55:46","date_gmt":"2023-05-09T09:55:46","guid":{"rendered":"https:\/\/www.apagcosyst.com\/?page_id=3552"},"modified":"2025-07-23T11:20:53","modified_gmt":"2025-07-23T09:20:53","slug":"ems-a-automatizace-vyroby","status":"publish","type":"page","link":"https:\/\/www.apagcosyst.com\/cs\/technologie-a-reseni\/ems-a-automatizace-vyroby\/","title":{"rendered":"EMS"},"content":{"rendered":"<p>APAGCoSyst navrhuje, vyv\u00edj\u00ed a vyr\u00e1b\u00ed produkty podle individualizovan\u00fdch koncepc\u00ed pro pot\u0159eby sv\u00fdch z\u00e1kazn\u00edk\u016f. Na\u0161e flexibiln\u00ed a responzivn\u00ed v\u00fdroba je inovativn\u00ed, s vysoce kvalitn\u00edmi v\u00fdrobky, od jednoduch\u00fdch osazen\u00fdch desek plo\u0161n\u00fdch spoj\u016f a\u017e po komponenty v\u00fdrobk\u016f v krytech (packaged product components). Krom\u011b na\u0161eho zcela v\u00fdjime\u010dn\u00e9ho \u0159\u00edzen\u00ed dodavatelsk\u00e9ho \u0159et\u011bzce m\u00e1me tak\u00e9 v\u00fdzkumn\u00fd a v\u00fdvojov\u00fd t\u00fdm oddan\u00fd sv\u00e9 pr\u00e1ci (prov\u00e1d\u00ed v\u0161e \u2013 od n\u00e1vrhu hardware, elektrick\u00fdch obvod\u016f i integrovan\u00e9ho software, mechanick\u00e9ho a optick\u00e9ho n\u00e1vrhu a\u017e po specifikaci zkou\u0161ek), kter\u00fd s V\u00e1mi m\u016f\u017ee spolupracovat na realizaci Va\u0161ich n\u00e1pad\u016f! V\u00edce informac\u00ed o na\u0161ich slu\u017eb\u00e1ch v oblasti v\u00fdzkumu a v\u00fdvoje naleznete na na\u0161ich webov\u00fdch str\u00e1nk\u00e1ch.<\/p>\n<h2>Zak\u00e1zkov\u00e1 v\u00fdroba elektroniky (EMS)<\/h2>\n<div class=\"alignright text-aligncenter\" style=\"position: relative; z-index: 1; text-align: center;\"><a class=\"lightbox\" style=\"line-height: 0;\" href=\"\/wp-content\/uploads\/EMS-Automation.png\" rel=\"attachment wp-att-1840\"><br \/>\n<img class=\"additional-align size-thumbnail wp-image-1840\" title=\"EMS &amp; Automation\" src=\"\/wp-content\/uploads\/EMS-Automation-crop.png\" alt=\"EMS &amp; Automation\" width=\"320\" height=\"341\" \/><br \/>\n<\/a><\/p>\n<p style=\"margin: 0;\">Click to Enlarge<\/p>\n<\/div>\n<p>Spole\u010dnost APAGCoSyst je p\u0159edn\u00edm dodavatelem elektronick\u00fdch komponent pro automobilov\u00fd pr\u016fmysl, zdravotnictv\u00ed a dal\u0161\u00ed pr\u016fmyslov\u00e1 odv\u011btv\u00ed. Poskytujeme slu\u017eby \u0161irok\u00e9mu spektru z\u00e1kazn\u00edk\u016f z nejr\u016fzn\u011bj\u0161\u00edch pr\u016fmyslov\u00fdch obor\u016f a v oblasti zak\u00e1zkov\u00e9 v\u00fdroby elektroniky nab\u00edz\u00edme n\u00e1sleduj\u00edc\u00ed slu\u017eby:<\/p>\n<ul>\n<li>Vysokorychlostn\u00ed precizn\u00ed osazovac\u00ed linky<\/li>\n<li>Osazov\u00e1n\u00ed technologi\u00ed THT, v\u010detn\u011b selektivn\u00edho a robotick\u00e9ho p\u00e1jen\u00ed v ochrann\u00e9 dus\u00edkov\u00e9 atmosf\u00e9\u0159e<\/li>\n<li>Komplexn\u00ed 100% testov\u00e1n\u00ed (ICT i funk\u010dn\u00ed testov\u00e1n\u00ed)<\/li>\n<li>Automatick\u00e9 linky navr\u017een\u00e9 na m\u00edru a vyroben\u00e9 na\u0161\u00ed spole\u010dnost\u00ed dle po\u017eadavk\u016f z\u00e1kazn\u00edka<\/li>\n<li>Fin\u00e1ln\u00ed \u00fapravy desek plo\u0161n\u00fdch spoj\u016f, v\u010detn\u011b pouzd\u0159en\u00ed m\u00e1\u010den\u00edm (conformal coating) a zal\u00e9v\u00e1n\u00ed<\/li>\n<\/ul>\n<p>T\u00fdm APAGCoSyst v\u017edy zaji\u0161\u0165uje stejnou \u00farove\u0148 kvality pro v\u0161echna pr\u016fmyslov\u00e1 odv\u011btv\u00ed a poskytuje z\u00e1kazn\u00edk\u016fm trvale vysok\u00fd standard kvality v\u00fdrobk\u016f. Z\u00edskali jsme dobrou pov\u011bst t\u00edm, \u017ee vytv\u00e1\u0159\u00edme komponenty, kter\u00e9 se snadno vyr\u00e1b\u011bj\u00ed a jsou levn\u00e9, ani\u017e by to bylo na \u00fakor kvality.<\/p>\n<p>Ka\u017ed\u00fd v\u00fdrobek firmy APAGCoSyst je 100% testovan\u00fd a spl\u0148uje nebo p\u0159esahuje nejp\u0159\u00edsn\u011bj\u0161\u00ed pr\u016fmyslov\u00e9 standardy, vyr\u00e1b\u00ed se s nejni\u017e\u0161\u00edmi mo\u017en\u00fdmi n\u00e1klady p\u0159i dosa\u017een\u00ed t\u00e9 nejvy\u0161\u0161\u00ed kvality, a to bez ohledu na oborovou vertik\u00e1lu nebo zam\u00fd\u0161len\u00fd \u00fa\u010del pou\u017eit\u00ed.<\/p>\n","protected":false},"excerpt":{"rendered":"<p>APAGCoSyst navrhuje, vyv\u00edj\u00ed a vyr\u00e1b\u00ed produkty podle individualizovan\u00fdch koncepc\u00ed pro pot\u0159eby sv\u00fdch z\u00e1kazn\u00edk\u016f. Na\u0161e flexibiln\u00ed a responzivn\u00ed v\u00fdroba je inovativn\u00ed, s vysoce kvalitn\u00edmi v\u00fdrobky, od jednoduch\u00fdch osazen\u00fdch desek plo\u0161n\u00fdch spoj\u016f a\u017e po komponenty v\u00fdrobk\u016f v krytech (packaged product components). Krom\u011b na\u0161eho zcela v\u00fdjime\u010dn\u00e9ho \u0159\u00edzen\u00ed dodavatelsk\u00e9ho \u0159et\u011bzce m\u00e1me tak\u00e9 v\u00fdzkumn\u00fd a v\u00fdvojov\u00fd t\u00fdm oddan\u00fd sv\u00e9 pr\u00e1ci [&hellip;]<\/p>\n","protected":false},"author":27,"featured_media":0,"parent":1705,"menu_order":0,"comment_status":"closed","ping_status":"closed","template":"","meta":{"inline_featured_image":false},"acf":[],"yoast_head":"<!-- This site is optimized with the Yoast SEO plugin v19.11 - https:\/\/yoast.com\/wordpress\/plugins\/seo\/ -->\n<title>EMS - APAGCoSyst<\/title>\n<meta name=\"robots\" content=\"index, follow, max-snippet:-1, max-image-preview:large, max-video-preview:-1\" \/>\n<link rel=\"canonical\" href=\"https:\/\/www.apagcosyst.com\/cs\/technologie-a-reseni\/ems-a-automatizace-vyroby\/\" \/>\n<meta property=\"og:locale\" content=\"cs_CZ\" \/>\n<meta property=\"og:type\" content=\"article\" \/>\n<meta property=\"og:title\" content=\"EMS - APAGCoSyst\" \/>\n<meta property=\"og:description\" content=\"APAGCoSyst navrhuje, vyv\u00edj\u00ed a vyr\u00e1b\u00ed produkty podle individualizovan\u00fdch koncepc\u00ed pro pot\u0159eby sv\u00fdch z\u00e1kazn\u00edk\u016f. Na\u0161e flexibiln\u00ed a responzivn\u00ed v\u00fdroba je inovativn\u00ed, s vysoce kvalitn\u00edmi v\u00fdrobky, od jednoduch\u00fdch osazen\u00fdch desek plo\u0161n\u00fdch spoj\u016f a\u017e po komponenty v\u00fdrobk\u016f v krytech (packaged product components). Krom\u011b na\u0161eho zcela v\u00fdjime\u010dn\u00e9ho \u0159\u00edzen\u00ed dodavatelsk\u00e9ho \u0159et\u011bzce m\u00e1me tak\u00e9 v\u00fdzkumn\u00fd a v\u00fdvojov\u00fd t\u00fdm oddan\u00fd sv\u00e9 pr\u00e1ci [&hellip;]\" \/>\n<meta property=\"og:url\" content=\"https:\/\/www.apagcosyst.com\/cs\/technologie-a-reseni\/ems-a-automatizace-vyroby\/\" \/>\n<meta property=\"og:site_name\" content=\"APAGCoSyst\" \/>\n<meta property=\"article:modified_time\" content=\"2025-07-23T09:20:53+00:00\" \/>\n<meta name=\"twitter:label1\" content=\"Odhadovan\u00e1 doba \u010dten\u00ed\" \/>\n\t<meta name=\"twitter:data1\" content=\"2 minuty\" \/>\n<!-- \/ Yoast SEO plugin. -->","yoast_head_json":{"title":"EMS - APAGCoSyst","robots":{"index":"index","follow":"follow","max-snippet":"max-snippet:-1","max-image-preview":"max-image-preview:large","max-video-preview":"max-video-preview:-1"},"canonical":"https:\/\/www.apagcosyst.com\/cs\/technologie-a-reseni\/ems-a-automatizace-vyroby\/","og_locale":"cs_CZ","og_type":"article","og_title":"EMS - APAGCoSyst","og_description":"APAGCoSyst navrhuje, vyv\u00edj\u00ed a vyr\u00e1b\u00ed produkty podle individualizovan\u00fdch koncepc\u00ed pro pot\u0159eby sv\u00fdch z\u00e1kazn\u00edk\u016f. Na\u0161e flexibiln\u00ed a responzivn\u00ed v\u00fdroba je inovativn\u00ed, s vysoce kvalitn\u00edmi v\u00fdrobky, od jednoduch\u00fdch osazen\u00fdch desek plo\u0161n\u00fdch spoj\u016f a\u017e po komponenty v\u00fdrobk\u016f v krytech (packaged product components). Krom\u011b na\u0161eho zcela v\u00fdjime\u010dn\u00e9ho \u0159\u00edzen\u00ed dodavatelsk\u00e9ho \u0159et\u011bzce m\u00e1me tak\u00e9 v\u00fdzkumn\u00fd a v\u00fdvojov\u00fd t\u00fdm oddan\u00fd sv\u00e9 pr\u00e1ci [&hellip;]","og_url":"https:\/\/www.apagcosyst.com\/cs\/technologie-a-reseni\/ems-a-automatizace-vyroby\/","og_site_name":"APAGCoSyst","article_modified_time":"2025-07-23T09:20:53+00:00","twitter_misc":{"Odhadovan\u00e1 doba \u010dten\u00ed":"2 minuty"},"schema":{"@context":"https:\/\/schema.org","@graph":[{"@type":"WebPage","@id":"https:\/\/www.apagcosyst.com\/cs\/technologie-a-reseni\/ems-a-automatizace-vyroby\/","url":"https:\/\/www.apagcosyst.com\/cs\/technologie-a-reseni\/ems-a-automatizace-vyroby\/","name":"EMS - APAGCoSyst","isPartOf":{"@id":"https:\/\/www.apagcosyst.com\/cs\/#website"},"datePublished":"2023-05-09T09:55:46+00:00","dateModified":"2025-07-23T09:20:53+00:00","breadcrumb":{"@id":"https:\/\/www.apagcosyst.com\/cs\/technologie-a-reseni\/ems-a-automatizace-vyroby\/#breadcrumb"},"inLanguage":"cs","potentialAction":[{"@type":"ReadAction","target":["https:\/\/www.apagcosyst.com\/cs\/technologie-a-reseni\/ems-a-automatizace-vyroby\/"]}]},{"@type":"BreadcrumbList","@id":"https:\/\/www.apagcosyst.com\/cs\/technologie-a-reseni\/ems-a-automatizace-vyroby\/#breadcrumb","itemListElement":[{"@type":"ListItem","position":1,"name":"Home","item":"https:\/\/www.apagcosyst.com\/cs\/"},{"@type":"ListItem","position":2,"name":"Technologie a \u0159e\u0161en\u00ed","item":"https:\/\/www.apagcosyst.com\/cs\/technologie-a-reseni\/"},{"@type":"ListItem","position":3,"name":"EMS"}]},{"@type":"WebSite","@id":"https:\/\/www.apagcosyst.com\/cs\/#website","url":"https:\/\/www.apagcosyst.com\/cs\/","name":"APAGCoSyst","description":"","potentialAction":[{"@type":"SearchAction","target":{"@type":"EntryPoint","urlTemplate":"https:\/\/www.apagcosyst.com\/cs\/?s={search_term_string}"},"query-input":"required name=search_term_string"}],"inLanguage":"cs"}]}},"featured_image_src":null,"featured_image_src_square":null,"_links":{"self":[{"href":"https:\/\/www.apagcosyst.com\/cs\/wp-json\/wp\/v2\/pages\/3552"}],"collection":[{"href":"https:\/\/www.apagcosyst.com\/cs\/wp-json\/wp\/v2\/pages"}],"about":[{"href":"https:\/\/www.apagcosyst.com\/cs\/wp-json\/wp\/v2\/types\/page"}],"author":[{"embeddable":true,"href":"https:\/\/www.apagcosyst.com\/cs\/wp-json\/wp\/v2\/users\/27"}],"replies":[{"embeddable":true,"href":"https:\/\/www.apagcosyst.com\/cs\/wp-json\/wp\/v2\/comments?post=3552"}],"version-history":[{"count":0,"href":"https:\/\/www.apagcosyst.com\/cs\/wp-json\/wp\/v2\/pages\/3552\/revisions"}],"up":[{"embeddable":true,"href":"https:\/\/www.apagcosyst.com\/cs\/wp-json\/wp\/v2\/pages\/1705"}],"wp:attachment":[{"href":"https:\/\/www.apagcosyst.com\/cs\/wp-json\/wp\/v2\/media?parent=3552"}],"curies":[{"name":"wp","href":"https:\/\/api.w.org\/{rel}","templated":true}]}}