{"id":3141,"date":"2021-09-01T05:52:30","date_gmt":"2021-09-01T05:52:30","guid":{"rendered":"https:\/\/www.medagcosyst.cz\/?page_id=3141"},"modified":"2026-04-16T14:06:53","modified_gmt":"2026-04-16T12:06:53","slug":"plastove-a-opticke-dily","status":"publish","type":"page","link":"https:\/\/www.apagcosyst.com\/cs\/pro-dodavatele\/plastove-a-opticke-dily\/","title":{"rendered":"Plastov\u00e9 a optick\u00e9 d\u00edly"},"content":{"rendered":"<p>Hled\u00e1me dodavatele, kte\u0159\u00ed mohou nab\u00eddnout n\u00e1sleduj\u00edc\u00ed:<\/p>\n<p><strong>Transparentn\u00ed d\u00edly:<\/strong><\/p>\n<ul>\n<li>Optick\u00e9 d\u00edly<\/li>\n<li>Sv\u011btlovody<\/li>\n<li>\u010co\u010dky<\/li>\n<li>Materi\u00e1ly: PA, PC, PMMA, TPE atd.<\/li>\n<\/ul>\n<p><strong>Netransparentn\u00ed d\u00edly:<\/strong><\/p>\n<ul>\n<li>Pouzdra pro viditeln\u00e9 aplikace<\/li>\n<li>Materi\u00e1ly: ASA, PA, PC atd.<\/li>\n<\/ul>\n<p><strong>V\u00fdroba:<\/strong><\/p>\n<ul>\n<li>Technologie: 1k-, 2k-lisov\u00e1n\u00ed<\/li>\n<li>Povrchov\u00e1 \u00faprava<\/li>\n<li>Stavba forem a n\u00e1stroj\u00e1rna<\/li>\n<li>Podpora ve v\u00fdvojov\u00e9 f\u00e1zi plastov\u00fdch d\u00edl\u016f<\/li>\n<li>Rychl\u00e1 v\u00fdroba prototyp\u016f<\/li>\n<\/ul>\n<p><strong>Kontakt:<\/strong>  Mr. Mihir Pandya (<a href=\"mailto:mihir.pandya@apagcosyst.com\">mihir.pandya@apagcosyst.com<\/a>)<\/p>\n","protected":false},"excerpt":{"rendered":"<p>Hled\u00e1me dodavatele, kte\u0159\u00ed mohou nab\u00eddnout n\u00e1sleduj\u00edc\u00ed: Transparentn\u00ed d\u00edly: Optick\u00e9 d\u00edly Sv\u011btlovody \u010co\u010dky Materi\u00e1ly: PA, PC, PMMA, TPE atd. Netransparentn\u00ed d\u00edly: Pouzdra pro viditeln\u00e9 aplikace Materi\u00e1ly: ASA, PA, PC atd. V\u00fdroba: Technologie: 1k-, 2k-lisov\u00e1n\u00ed Povrchov\u00e1 \u00faprava Stavba forem a n\u00e1stroj\u00e1rna Podpora ve v\u00fdvojov\u00e9 f\u00e1zi plastov\u00fdch d\u00edl\u016f Rychl\u00e1 v\u00fdroba prototyp\u016f Kontakt: Mr. Mihir Pandya (mihir.pandya@apagcosyst.com)<\/p>\n","protected":false},"author":12,"featured_media":0,"parent":1704,"menu_order":0,"comment_status":"closed","ping_status":"closed","template":"","meta":{"inline_featured_image":false},"acf":[],"yoast_head":"<!-- This site is optimized with the Yoast SEO plugin v19.11 - https:\/\/yoast.com\/wordpress\/plugins\/seo\/ -->\n<title>Plastov\u00e9 a optick\u00e9 d\u00edly - APAGCoSyst<\/title>\n<meta name=\"robots\" content=\"index, follow, max-snippet:-1, max-image-preview:large, max-video-preview:-1\" \/>\n<link rel=\"canonical\" href=\"https:\/\/www.apagcosyst.com\/cs\/pro-dodavatele\/plastove-a-opticke-dily\/\" \/>\n<meta property=\"og:locale\" content=\"cs_CZ\" \/>\n<meta property=\"og:type\" content=\"article\" \/>\n<meta property=\"og:title\" content=\"Plastov\u00e9 a optick\u00e9 d\u00edly - APAGCoSyst\" \/>\n<meta property=\"og:description\" content=\"Hled\u00e1me dodavatele, kte\u0159\u00ed mohou nab\u00eddnout n\u00e1sleduj\u00edc\u00ed: Transparentn\u00ed d\u00edly: Optick\u00e9 d\u00edly Sv\u011btlovody \u010co\u010dky Materi\u00e1ly: PA, PC, PMMA, TPE atd. Netransparentn\u00ed d\u00edly: Pouzdra pro viditeln\u00e9 aplikace Materi\u00e1ly: ASA, PA, PC atd. V\u00fdroba: Technologie: 1k-, 2k-lisov\u00e1n\u00ed Povrchov\u00e1 \u00faprava Stavba forem a n\u00e1stroj\u00e1rna Podpora ve v\u00fdvojov\u00e9 f\u00e1zi plastov\u00fdch d\u00edl\u016f Rychl\u00e1 v\u00fdroba prototyp\u016f Kontakt: Mr. Mihir Pandya (mihir.pandya@apagcosyst.com)\" \/>\n<meta property=\"og:url\" content=\"https:\/\/www.apagcosyst.com\/cs\/pro-dodavatele\/plastove-a-opticke-dily\/\" \/>\n<meta property=\"og:site_name\" content=\"APAGCoSyst\" \/>\n<meta property=\"article:modified_time\" content=\"2026-04-16T12:06:53+00:00\" \/>\n<meta name=\"twitter:label1\" content=\"Odhadovan\u00e1 doba \u010dten\u00ed\" \/>\n\t<meta name=\"twitter:data1\" content=\"1 minuta\" \/>\n<!-- \/ Yoast SEO plugin. -->","yoast_head_json":{"title":"Plastov\u00e9 a optick\u00e9 d\u00edly - APAGCoSyst","robots":{"index":"index","follow":"follow","max-snippet":"max-snippet:-1","max-image-preview":"max-image-preview:large","max-video-preview":"max-video-preview:-1"},"canonical":"https:\/\/www.apagcosyst.com\/cs\/pro-dodavatele\/plastove-a-opticke-dily\/","og_locale":"cs_CZ","og_type":"article","og_title":"Plastov\u00e9 a optick\u00e9 d\u00edly - APAGCoSyst","og_description":"Hled\u00e1me dodavatele, kte\u0159\u00ed mohou nab\u00eddnout n\u00e1sleduj\u00edc\u00ed: Transparentn\u00ed d\u00edly: Optick\u00e9 d\u00edly Sv\u011btlovody \u010co\u010dky Materi\u00e1ly: PA, PC, PMMA, TPE atd. Netransparentn\u00ed d\u00edly: Pouzdra pro viditeln\u00e9 aplikace Materi\u00e1ly: ASA, PA, PC atd. V\u00fdroba: Technologie: 1k-, 2k-lisov\u00e1n\u00ed Povrchov\u00e1 \u00faprava Stavba forem a n\u00e1stroj\u00e1rna Podpora ve v\u00fdvojov\u00e9 f\u00e1zi plastov\u00fdch d\u00edl\u016f Rychl\u00e1 v\u00fdroba prototyp\u016f Kontakt: Mr. Mihir Pandya (mihir.pandya@apagcosyst.com)","og_url":"https:\/\/www.apagcosyst.com\/cs\/pro-dodavatele\/plastove-a-opticke-dily\/","og_site_name":"APAGCoSyst","article_modified_time":"2026-04-16T12:06:53+00:00","twitter_misc":{"Odhadovan\u00e1 doba \u010dten\u00ed":"1 minuta"},"schema":{"@context":"https:\/\/schema.org","@graph":[{"@type":"WebPage","@id":"https:\/\/www.apagcosyst.com\/cs\/pro-dodavatele\/plastove-a-opticke-dily\/","url":"https:\/\/www.apagcosyst.com\/cs\/pro-dodavatele\/plastove-a-opticke-dily\/","name":"Plastov\u00e9 a optick\u00e9 d\u00edly - APAGCoSyst","isPartOf":{"@id":"https:\/\/www.apagcosyst.com\/cs\/#website"},"datePublished":"2021-09-01T05:52:30+00:00","dateModified":"2026-04-16T12:06:53+00:00","breadcrumb":{"@id":"https:\/\/www.apagcosyst.com\/cs\/pro-dodavatele\/plastove-a-opticke-dily\/#breadcrumb"},"inLanguage":"cs","potentialAction":[{"@type":"ReadAction","target":["https:\/\/www.apagcosyst.com\/cs\/pro-dodavatele\/plastove-a-opticke-dily\/"]}]},{"@type":"BreadcrumbList","@id":"https:\/\/www.apagcosyst.com\/cs\/pro-dodavatele\/plastove-a-opticke-dily\/#breadcrumb","itemListElement":[{"@type":"ListItem","position":1,"name":"Home","item":"https:\/\/www.apagcosyst.com\/cs\/"},{"@type":"ListItem","position":2,"name":"Pro dodavatele","item":"https:\/\/www.apagcosyst.com\/cs\/pro-dodavatele\/"},{"@type":"ListItem","position":3,"name":"Plastov\u00e9 a optick\u00e9 d\u00edly"}]},{"@type":"WebSite","@id":"https:\/\/www.apagcosyst.com\/cs\/#website","url":"https:\/\/www.apagcosyst.com\/cs\/","name":"APAGCoSyst","description":"","potentialAction":[{"@type":"SearchAction","target":{"@type":"EntryPoint","urlTemplate":"https:\/\/www.apagcosyst.com\/cs\/?s={search_term_string}"},"query-input":"required name=search_term_string"}],"inLanguage":"cs"}]}},"featured_image_src":null,"featured_image_src_square":null,"_links":{"self":[{"href":"https:\/\/www.apagcosyst.com\/cs\/wp-json\/wp\/v2\/pages\/3141"}],"collection":[{"href":"https:\/\/www.apagcosyst.com\/cs\/wp-json\/wp\/v2\/pages"}],"about":[{"href":"https:\/\/www.apagcosyst.com\/cs\/wp-json\/wp\/v2\/types\/page"}],"author":[{"embeddable":true,"href":"https:\/\/www.apagcosyst.com\/cs\/wp-json\/wp\/v2\/users\/12"}],"replies":[{"embeddable":true,"href":"https:\/\/www.apagcosyst.com\/cs\/wp-json\/wp\/v2\/comments?post=3141"}],"version-history":[{"count":0,"href":"https:\/\/www.apagcosyst.com\/cs\/wp-json\/wp\/v2\/pages\/3141\/revisions"}],"up":[{"embeddable":true,"href":"https:\/\/www.apagcosyst.com\/cs\/wp-json\/wp\/v2\/pages\/1704"}],"wp:attachment":[{"href":"https:\/\/www.apagcosyst.com\/cs\/wp-json\/wp\/v2\/media?parent=3141"}],"curies":[{"name":"wp","href":"https:\/\/api.w.org\/{rel}","templated":true}]}}