{"id":3139,"date":"2021-12-21T14:27:47","date_gmt":"2021-12-21T14:27:47","guid":{"rendered":"https:\/\/www.medagcosyst.cz\/?page_id=3139"},"modified":"2022-02-16T11:14:21","modified_gmt":"2022-02-16T11:14:21","slug":"imds-2","status":"publish","type":"page","link":"https:\/\/www.apagcosyst.com\/cs\/pro-dodavatele\/imds-2\/","title":{"rendered":"IMDS"},"content":{"rendered":"<p>Na\u0161i dodavatel\u00e9 jsou povinni zad\u00e1vat a aktualizovat \u00fadaje v Mezin\u00e1rodn\u00edm syst\u00e9mu \u0159\u00edzen\u00ed dat (IMDS).<\/p>\n<p>Mezin\u00e1rodn\u00ed syst\u00e9m \u00fadaj\u016f o materi\u00e1lech (IMDS) je syst\u00e9m \u00fadaj\u016f o materi\u00e1lech v automobilov\u00e9m pr\u016fmyslu. P\u016fvodn\u011b byl spole\u010dn\u00fdm v\u00fdvojem spole\u010dnost\u00ed Audi, BMW, Daimler, DXC, Ford, Opel, Porsche, VW a Volvo. Od t\u00e9 doby se k n\u011bmu p\u0159ipojili dal\u0161\u00ed v\u00fdrobci a IMDS se stal glob\u00e1ln\u00edm standardem, kter\u00fd pou\u017e\u00edvaj\u00ed t\u00e9m\u011b\u0159 v\u0161ichni sv\u011btov\u00ed v\u00fdrobci OEM. V sou\u010dasn\u00e9 dob\u011b prob\u00edhaj\u00ed jedn\u00e1n\u00ed s dal\u0161\u00edmi v\u00fdrobci o jejich \u00fa\u010dasti.<\/p>\n<p>V syst\u00e9mu IMDS se shroma\u017e\u010fuj\u00ed, udr\u017euj\u00ed, analyzuj\u00ed a archivuj\u00ed v\u0161echny materi\u00e1ly pou\u017e\u00edvan\u00e9 p\u0159i v\u00fdrob\u011b automobil\u016f. Pomoc\u00ed IMDS je mo\u017en\u00e9 plnit povinnosti, kter\u00e9 v\u00fdrobc\u016fm automobil\u016f, a tedy i jejich dodavatel\u016fm, ukl\u00e1daj\u00ed n\u00e1rodn\u00ed a mezin\u00e1rodn\u00ed normy, z\u00e1kony a p\u0159edpisy.<\/p>\n<p>Ka\u017ed\u00fd v\u00fdrobce OEM m\u016f\u017ee m\u00edt zvl\u00e1\u0161tn\u00ed krit\u00e9ria pro p\u0159ijet\u00ed. Informujte se o krit\u00e9ri\u00edch p\u0159ijatelnosti OEM a o archivu zpravodaje MDS na str\u00e1nk\u00e1ch Mezin\u00e1rodn\u00edho syst\u00e9mu materi\u00e1lov\u00fdch dat.<\/p>\n<p><strong>APAG IMDS ID-N\u00b0 11545<\/strong><br \/>\n<strong>Email:<\/strong> <a href=\"mailto:SupplierIMDS@apagcosyst.com\">SupplierIMDS@apagcosyst.com<\/a><br \/>\n<strong>Kontakt:<\/strong> Mr. Miroslav Dubec (<a href=\"mailto:miroslav.dubec@apagcosyst.com\">miroslav.dubec@apagcosyst.com<\/a>)<\/p>\n","protected":false},"excerpt":{"rendered":"<p>Na\u0161i dodavatel\u00e9 jsou povinni zad\u00e1vat a aktualizovat \u00fadaje v Mezin\u00e1rodn\u00edm syst\u00e9mu \u0159\u00edzen\u00ed dat (IMDS). Mezin\u00e1rodn\u00ed syst\u00e9m \u00fadaj\u016f o materi\u00e1lech (IMDS) je syst\u00e9m \u00fadaj\u016f o materi\u00e1lech v automobilov\u00e9m pr\u016fmyslu. P\u016fvodn\u011b byl spole\u010dn\u00fdm v\u00fdvojem spole\u010dnost\u00ed Audi, BMW, Daimler, DXC, Ford, Opel, Porsche, VW a Volvo. Od t\u00e9 doby se k n\u011bmu p\u0159ipojili dal\u0161\u00ed v\u00fdrobci a IMDS se [&hellip;]<\/p>\n","protected":false},"author":12,"featured_media":0,"parent":1704,"menu_order":0,"comment_status":"closed","ping_status":"closed","template":"","meta":{"inline_featured_image":false},"acf":[],"yoast_head":"<!-- This site is optimized with the Yoast SEO plugin v19.11 - https:\/\/yoast.com\/wordpress\/plugins\/seo\/ -->\n<title>IMDS - APAGCoSyst<\/title>\n<meta name=\"robots\" content=\"index, follow, max-snippet:-1, max-image-preview:large, max-video-preview:-1\" \/>\n<link rel=\"canonical\" href=\"https:\/\/www.apagcosyst.com\/cs\/pro-dodavatele\/imds-2\/\" \/>\n<meta property=\"og:locale\" content=\"cs_CZ\" \/>\n<meta property=\"og:type\" content=\"article\" \/>\n<meta property=\"og:title\" content=\"IMDS - APAGCoSyst\" \/>\n<meta property=\"og:description\" content=\"Na\u0161i dodavatel\u00e9 jsou povinni zad\u00e1vat a aktualizovat \u00fadaje v Mezin\u00e1rodn\u00edm syst\u00e9mu \u0159\u00edzen\u00ed dat (IMDS). Mezin\u00e1rodn\u00ed syst\u00e9m \u00fadaj\u016f o materi\u00e1lech (IMDS) je syst\u00e9m \u00fadaj\u016f o materi\u00e1lech v automobilov\u00e9m pr\u016fmyslu. P\u016fvodn\u011b byl spole\u010dn\u00fdm v\u00fdvojem spole\u010dnost\u00ed Audi, BMW, Daimler, DXC, Ford, Opel, Porsche, VW a Volvo. Od t\u00e9 doby se k n\u011bmu p\u0159ipojili dal\u0161\u00ed v\u00fdrobci a IMDS se [&hellip;]\" \/>\n<meta property=\"og:url\" content=\"https:\/\/www.apagcosyst.com\/cs\/pro-dodavatele\/imds-2\/\" \/>\n<meta property=\"og:site_name\" content=\"APAGCoSyst\" \/>\n<meta property=\"article:modified_time\" content=\"2022-02-16T11:14:21+00:00\" \/>\n<meta name=\"twitter:label1\" content=\"Odhadovan\u00e1 doba \u010dten\u00ed\" \/>\n\t<meta name=\"twitter:data1\" content=\"1 minuta\" \/>\n<!-- \/ Yoast SEO plugin. -->","yoast_head_json":{"title":"IMDS - APAGCoSyst","robots":{"index":"index","follow":"follow","max-snippet":"max-snippet:-1","max-image-preview":"max-image-preview:large","max-video-preview":"max-video-preview:-1"},"canonical":"https:\/\/www.apagcosyst.com\/cs\/pro-dodavatele\/imds-2\/","og_locale":"cs_CZ","og_type":"article","og_title":"IMDS - APAGCoSyst","og_description":"Na\u0161i dodavatel\u00e9 jsou povinni zad\u00e1vat a aktualizovat \u00fadaje v Mezin\u00e1rodn\u00edm syst\u00e9mu \u0159\u00edzen\u00ed dat (IMDS). Mezin\u00e1rodn\u00ed syst\u00e9m \u00fadaj\u016f o materi\u00e1lech (IMDS) je syst\u00e9m \u00fadaj\u016f o materi\u00e1lech v automobilov\u00e9m pr\u016fmyslu. P\u016fvodn\u011b byl spole\u010dn\u00fdm v\u00fdvojem spole\u010dnost\u00ed Audi, BMW, Daimler, DXC, Ford, Opel, Porsche, VW a Volvo. Od t\u00e9 doby se k n\u011bmu p\u0159ipojili dal\u0161\u00ed v\u00fdrobci a IMDS se [&hellip;]","og_url":"https:\/\/www.apagcosyst.com\/cs\/pro-dodavatele\/imds-2\/","og_site_name":"APAGCoSyst","article_modified_time":"2022-02-16T11:14:21+00:00","twitter_misc":{"Odhadovan\u00e1 doba \u010dten\u00ed":"1 minuta"},"schema":{"@context":"https:\/\/schema.org","@graph":[{"@type":"WebPage","@id":"https:\/\/www.apagcosyst.com\/cs\/pro-dodavatele\/imds-2\/","url":"https:\/\/www.apagcosyst.com\/cs\/pro-dodavatele\/imds-2\/","name":"IMDS - APAGCoSyst","isPartOf":{"@id":"https:\/\/www.apagcosyst.com\/cs\/#website"},"datePublished":"2021-12-21T14:27:47+00:00","dateModified":"2022-02-16T11:14:21+00:00","breadcrumb":{"@id":"https:\/\/www.apagcosyst.com\/cs\/pro-dodavatele\/imds-2\/#breadcrumb"},"inLanguage":"cs","potentialAction":[{"@type":"ReadAction","target":["https:\/\/www.apagcosyst.com\/cs\/pro-dodavatele\/imds-2\/"]}]},{"@type":"BreadcrumbList","@id":"https:\/\/www.apagcosyst.com\/cs\/pro-dodavatele\/imds-2\/#breadcrumb","itemListElement":[{"@type":"ListItem","position":1,"name":"Home","item":"https:\/\/www.apagcosyst.com\/cs\/"},{"@type":"ListItem","position":2,"name":"Pro dodavatele","item":"https:\/\/www.apagcosyst.com\/cs\/pro-dodavatele\/"},{"@type":"ListItem","position":3,"name":"IMDS"}]},{"@type":"WebSite","@id":"https:\/\/www.apagcosyst.com\/cs\/#website","url":"https:\/\/www.apagcosyst.com\/cs\/","name":"APAGCoSyst","description":"","potentialAction":[{"@type":"SearchAction","target":{"@type":"EntryPoint","urlTemplate":"https:\/\/www.apagcosyst.com\/cs\/?s={search_term_string}"},"query-input":"required name=search_term_string"}],"inLanguage":"cs"}]}},"featured_image_src":null,"featured_image_src_square":null,"_links":{"self":[{"href":"https:\/\/www.apagcosyst.com\/cs\/wp-json\/wp\/v2\/pages\/3139"}],"collection":[{"href":"https:\/\/www.apagcosyst.com\/cs\/wp-json\/wp\/v2\/pages"}],"about":[{"href":"https:\/\/www.apagcosyst.com\/cs\/wp-json\/wp\/v2\/types\/page"}],"author":[{"embeddable":true,"href":"https:\/\/www.apagcosyst.com\/cs\/wp-json\/wp\/v2\/users\/12"}],"replies":[{"embeddable":true,"href":"https:\/\/www.apagcosyst.com\/cs\/wp-json\/wp\/v2\/comments?post=3139"}],"version-history":[{"count":0,"href":"https:\/\/www.apagcosyst.com\/cs\/wp-json\/wp\/v2\/pages\/3139\/revisions"}],"up":[{"embeddable":true,"href":"https:\/\/www.apagcosyst.com\/cs\/wp-json\/wp\/v2\/pages\/1704"}],"wp:attachment":[{"href":"https:\/\/www.apagcosyst.com\/cs\/wp-json\/wp\/v2\/media?parent=3139"}],"curies":[{"name":"wp","href":"https:\/\/api.w.org\/{rel}","templated":true}]}}