{"id":3135,"date":"2021-09-01T05:53:21","date_gmt":"2021-09-01T05:53:21","guid":{"rendered":"https:\/\/www.medagcosyst.cz\/?page_id=3135"},"modified":"2026-04-16T14:40:44","modified_gmt":"2026-04-16T12:40:44","slug":"kabely-a-kabelove-svazky","status":"publish","type":"page","link":"https:\/\/www.apagcosyst.com\/cs\/pro-dodavatele\/kabely-a-kabelove-svazky\/","title":{"rendered":"Kabely a kabelov\u00e9 svazky"},"content":{"rendered":"<p>Spole\u010dnost APAGCoSyst hled\u00e1 dodavatele, kte\u0159\u00ed mohou nab\u00eddnout n\u00e1sleduj\u00edc\u00edi:<\/p>\n<p><strong>Kabely a kabelov\u00e9 svazky:<\/strong><\/p>\n<ul>\n<li>Izolovan\u00e9 jednoduch\u00e9 kabely a kabely s plastov\u00fdm pl\u00e1\u0161t\u011bm (nap\u0159. FLRY).<\/li>\n<li>Izolovan\u00e9 ploch\u00e9 p\u00e1skov\u00e9 kabely<\/li>\n<\/ul>\n<p><strong>kabelov\u00e9 svazky:<\/strong><\/p>\n<ul>\n<li>Sestaven\u00e9 svazky s pou\u017eit\u00edm kulat\u00fdch kabel\u016f<\/li>\n<li>Sestaven\u00e9 svazky s ploch\u00fdmi p\u00e1skov\u00fdmi kabely<\/li>\n<\/ul>\n<p><strong>V\u00fdroba:<\/strong><\/p>\n<ul>\n<li>Vysoce automatizovan\u00e9 \u0159ez\u00e1n\u00ed, krimpov\u00e1n\u00ed, sestavov\u00e1n\u00ed, ov\u00edjen\u00ed a testov\u00e1n\u00ed kabel\u016f a kabelov\u00fdch svazk\u016f<\/li>\n<li>P\u0159ekr\u00fdv\u00e1n\u00ed kabelov\u00fdch svazk\u016f<\/li>\n<li>Podpora ve v\u00fdvojov\u00e9 f\u00e1zi kabelov\u00fdch svazk\u016f<\/li>\n<li>Rychl\u00e1 v\u00fdroba prototyp\u016f<\/li>\n<\/ul>\n<p><strong>Kontakt: <\/strong>Mr. Mihir Pandya (<a href=\"mailto:mihir.pandya@apagcosyst.com\">mihir.pandya@apagcosyst.com<\/a>)<\/p>\n","protected":false},"excerpt":{"rendered":"<p>Spole\u010dnost APAGCoSyst hled\u00e1 dodavatele, kte\u0159\u00ed mohou nab\u00eddnout n\u00e1sleduj\u00edc\u00edi: Kabely a kabelov\u00e9 svazky: Izolovan\u00e9 jednoduch\u00e9 kabely a kabely s plastov\u00fdm pl\u00e1\u0161t\u011bm (nap\u0159. FLRY). Izolovan\u00e9 ploch\u00e9 p\u00e1skov\u00e9 kabely kabelov\u00e9 svazky: Sestaven\u00e9 svazky s pou\u017eit\u00edm kulat\u00fdch kabel\u016f Sestaven\u00e9 svazky s ploch\u00fdmi p\u00e1skov\u00fdmi kabely V\u00fdroba: Vysoce automatizovan\u00e9 \u0159ez\u00e1n\u00ed, krimpov\u00e1n\u00ed, sestavov\u00e1n\u00ed, ov\u00edjen\u00ed a testov\u00e1n\u00ed kabel\u016f a kabelov\u00fdch svazk\u016f P\u0159ekr\u00fdv\u00e1n\u00ed kabelov\u00fdch [&hellip;]<\/p>\n","protected":false},"author":12,"featured_media":0,"parent":1704,"menu_order":0,"comment_status":"closed","ping_status":"closed","template":"","meta":{"inline_featured_image":false},"acf":[],"yoast_head":"<!-- This site is optimized with the Yoast SEO plugin v19.11 - https:\/\/yoast.com\/wordpress\/plugins\/seo\/ -->\n<title>Kabely a kabelov\u00e9 svazky - APAGCoSyst<\/title>\n<meta name=\"robots\" content=\"noindex, nofollow\" \/>\n<meta property=\"og:locale\" content=\"cs_CZ\" \/>\n<meta property=\"og:type\" content=\"article\" \/>\n<meta property=\"og:title\" content=\"Kabely a kabelov\u00e9 svazky - APAGCoSyst\" \/>\n<meta property=\"og:description\" content=\"Spole\u010dnost APAGCoSyst hled\u00e1 dodavatele, kte\u0159\u00ed mohou nab\u00eddnout n\u00e1sleduj\u00edc\u00edi: Kabely a kabelov\u00e9 svazky: Izolovan\u00e9 jednoduch\u00e9 kabely a kabely s plastov\u00fdm pl\u00e1\u0161t\u011bm (nap\u0159. FLRY). Izolovan\u00e9 ploch\u00e9 p\u00e1skov\u00e9 kabely kabelov\u00e9 svazky: Sestaven\u00e9 svazky s pou\u017eit\u00edm kulat\u00fdch kabel\u016f Sestaven\u00e9 svazky s ploch\u00fdmi p\u00e1skov\u00fdmi kabely V\u00fdroba: Vysoce automatizovan\u00e9 \u0159ez\u00e1n\u00ed, krimpov\u00e1n\u00ed, sestavov\u00e1n\u00ed, ov\u00edjen\u00ed a testov\u00e1n\u00ed kabel\u016f a kabelov\u00fdch svazk\u016f P\u0159ekr\u00fdv\u00e1n\u00ed kabelov\u00fdch [&hellip;]\" \/>\n<meta property=\"og:url\" content=\"https:\/\/www.apagcosyst.com\/cs\/pro-dodavatele\/kabely-a-kabelove-svazky\/\" \/>\n<meta property=\"og:site_name\" content=\"APAGCoSyst\" \/>\n<meta property=\"article:modified_time\" content=\"2026-04-16T12:40:44+00:00\" \/>\n<meta name=\"twitter:label1\" content=\"Odhadovan\u00e1 doba \u010dten\u00ed\" \/>\n\t<meta name=\"twitter:data1\" content=\"1 minuta\" \/>\n<!-- \/ Yoast SEO plugin. -->","yoast_head_json":{"title":"Kabely a kabelov\u00e9 svazky - APAGCoSyst","robots":{"index":"noindex","follow":"nofollow"},"og_locale":"cs_CZ","og_type":"article","og_title":"Kabely a kabelov\u00e9 svazky - APAGCoSyst","og_description":"Spole\u010dnost APAGCoSyst hled\u00e1 dodavatele, kte\u0159\u00ed mohou nab\u00eddnout n\u00e1sleduj\u00edc\u00edi: Kabely a kabelov\u00e9 svazky: Izolovan\u00e9 jednoduch\u00e9 kabely a kabely s plastov\u00fdm pl\u00e1\u0161t\u011bm (nap\u0159. FLRY). Izolovan\u00e9 ploch\u00e9 p\u00e1skov\u00e9 kabely kabelov\u00e9 svazky: Sestaven\u00e9 svazky s pou\u017eit\u00edm kulat\u00fdch kabel\u016f Sestaven\u00e9 svazky s ploch\u00fdmi p\u00e1skov\u00fdmi kabely V\u00fdroba: Vysoce automatizovan\u00e9 \u0159ez\u00e1n\u00ed, krimpov\u00e1n\u00ed, sestavov\u00e1n\u00ed, ov\u00edjen\u00ed a testov\u00e1n\u00ed kabel\u016f a kabelov\u00fdch svazk\u016f P\u0159ekr\u00fdv\u00e1n\u00ed kabelov\u00fdch [&hellip;]","og_url":"https:\/\/www.apagcosyst.com\/cs\/pro-dodavatele\/kabely-a-kabelove-svazky\/","og_site_name":"APAGCoSyst","article_modified_time":"2026-04-16T12:40:44+00:00","twitter_misc":{"Odhadovan\u00e1 doba \u010dten\u00ed":"1 minuta"},"schema":{"@context":"https:\/\/schema.org","@graph":[{"@type":"WebPage","@id":"https:\/\/www.apagcosyst.com\/cs\/pro-dodavatele\/kabely-a-kabelove-svazky\/","url":"https:\/\/www.apagcosyst.com\/cs\/pro-dodavatele\/kabely-a-kabelove-svazky\/","name":"Kabely a kabelov\u00e9 svazky - APAGCoSyst","isPartOf":{"@id":"https:\/\/www.apagcosyst.com\/cs\/#website"},"datePublished":"2021-09-01T05:53:21+00:00","dateModified":"2026-04-16T12:40:44+00:00","breadcrumb":{"@id":"https:\/\/www.apagcosyst.com\/cs\/pro-dodavatele\/kabely-a-kabelove-svazky\/#breadcrumb"},"inLanguage":"cs","potentialAction":[{"@type":"ReadAction","target":["https:\/\/www.apagcosyst.com\/cs\/pro-dodavatele\/kabely-a-kabelove-svazky\/"]}]},{"@type":"BreadcrumbList","@id":"https:\/\/www.apagcosyst.com\/cs\/pro-dodavatele\/kabely-a-kabelove-svazky\/#breadcrumb","itemListElement":[{"@type":"ListItem","position":1,"name":"Home","item":"https:\/\/www.apagcosyst.com\/cs\/"},{"@type":"ListItem","position":2,"name":"Pro dodavatele","item":"https:\/\/www.apagcosyst.com\/cs\/pro-dodavatele\/"},{"@type":"ListItem","position":3,"name":"Kabely a kabelov\u00e9 svazky"}]},{"@type":"WebSite","@id":"https:\/\/www.apagcosyst.com\/cs\/#website","url":"https:\/\/www.apagcosyst.com\/cs\/","name":"APAGCoSyst","description":"","potentialAction":[{"@type":"SearchAction","target":{"@type":"EntryPoint","urlTemplate":"https:\/\/www.apagcosyst.com\/cs\/?s={search_term_string}"},"query-input":"required name=search_term_string"}],"inLanguage":"cs"}]}},"featured_image_src":null,"featured_image_src_square":null,"_links":{"self":[{"href":"https:\/\/www.apagcosyst.com\/cs\/wp-json\/wp\/v2\/pages\/3135"}],"collection":[{"href":"https:\/\/www.apagcosyst.com\/cs\/wp-json\/wp\/v2\/pages"}],"about":[{"href":"https:\/\/www.apagcosyst.com\/cs\/wp-json\/wp\/v2\/types\/page"}],"author":[{"embeddable":true,"href":"https:\/\/www.apagcosyst.com\/cs\/wp-json\/wp\/v2\/users\/12"}],"replies":[{"embeddable":true,"href":"https:\/\/www.apagcosyst.com\/cs\/wp-json\/wp\/v2\/comments?post=3135"}],"version-history":[{"count":0,"href":"https:\/\/www.apagcosyst.com\/cs\/wp-json\/wp\/v2\/pages\/3135\/revisions"}],"up":[{"embeddable":true,"href":"https:\/\/www.apagcosyst.com\/cs\/wp-json\/wp\/v2\/pages\/1704"}],"wp:attachment":[{"href":"https:\/\/www.apagcosyst.com\/cs\/wp-json\/wp\/v2\/media?parent=3135"}],"curies":[{"name":"wp","href":"https:\/\/api.w.org\/{rel}","templated":true}]}}