{"id":3126,"date":"2021-09-01T05:51:28","date_gmt":"2021-09-01T05:51:28","guid":{"rendered":"https:\/\/www.medagcosyst.cz\/?page_id=3126"},"modified":"2026-04-14T11:14:54","modified_gmt":"2026-04-14T09:14:54","slug":"elektronicke-soucastky","status":"publish","type":"page","link":"https:\/\/www.apagcosyst.com\/cs\/pro-dodavatele\/elektronicke-soucastky\/","title":{"rendered":"Elektronick\u00e9 sou\u010d\u00e1stky"},"content":{"rendered":"<p>Spole\u010dnost APAG spolupracuje se spolehliv\u00fdmi a zku\u0161en\u00fdmi dodavateli a distributory s c\u00edlem nav\u00e1zat dlouhodob\u00fd obchodn\u00ed vztah zalo\u017een\u00fd na vz\u00e1jemn\u00e9m respektu, d\u016fv\u011b\u0159e a z\u00e1vazku.<\/p>\n<p>V na\u0161ich EMS a R&amp;D procesech pou\u017e\u00edv\u00e1 n\u00e1\u0161 t\u00fdm odborn\u00edk\u016f \u0161irokou \u0161k\u00e1lu elektronick\u00fdch sou\u010d\u00e1stek od jednoduch\u00fdch rezistor\u016f, kondenz\u00e1tor\u016f, diod a tranzistor\u016f a\u017e po zak\u00e1zkov\u00e9 ASIC. Ro\u010dn\u00ed obrat s t\u011bmito sou\u010d\u00e1stkami \u010din\u00ed p\u0159ibli\u017en\u011b 20 milion\u016f EUR nebo 24,5 milionu USD.<\/p>\n<p><strong>Kontakt:<\/strong>Mr. Manish Bhardwaj (<a href=\"mailto:manish.bhardwaj@apagcosyst.com\">manish.bhardwaj@apagcosyst.com<\/a>)<\/p>\n","protected":false},"excerpt":{"rendered":"<p>Spole\u010dnost APAG spolupracuje se spolehliv\u00fdmi a zku\u0161en\u00fdmi dodavateli a distributory s c\u00edlem nav\u00e1zat dlouhodob\u00fd obchodn\u00ed vztah zalo\u017een\u00fd na vz\u00e1jemn\u00e9m respektu, d\u016fv\u011b\u0159e a z\u00e1vazku. V na\u0161ich EMS a R&amp;D procesech pou\u017e\u00edv\u00e1 n\u00e1\u0161 t\u00fdm odborn\u00edk\u016f \u0161irokou \u0161k\u00e1lu elektronick\u00fdch sou\u010d\u00e1stek od jednoduch\u00fdch rezistor\u016f, kondenz\u00e1tor\u016f, diod a tranzistor\u016f a\u017e po zak\u00e1zkov\u00e9 ASIC. Ro\u010dn\u00ed obrat s t\u011bmito sou\u010d\u00e1stkami \u010din\u00ed p\u0159ibli\u017en\u011b [&hellip;]<\/p>\n","protected":false},"author":12,"featured_media":0,"parent":1704,"menu_order":0,"comment_status":"closed","ping_status":"closed","template":"","meta":{"inline_featured_image":false},"acf":[],"yoast_head":"<!-- This site is optimized with the Yoast SEO plugin v19.11 - https:\/\/yoast.com\/wordpress\/plugins\/seo\/ -->\n<title>Elektronick\u00e9 sou\u010d\u00e1stky - APAGCoSyst<\/title>\n<meta name=\"robots\" content=\"index, follow, max-snippet:-1, max-image-preview:large, max-video-preview:-1\" \/>\n<link rel=\"canonical\" href=\"https:\/\/www.apagcosyst.com\/cs\/pro-dodavatele\/elektronicke-soucastky\/\" \/>\n<meta property=\"og:locale\" content=\"cs_CZ\" \/>\n<meta property=\"og:type\" content=\"article\" \/>\n<meta property=\"og:title\" content=\"Elektronick\u00e9 sou\u010d\u00e1stky - APAGCoSyst\" \/>\n<meta property=\"og:description\" content=\"Spole\u010dnost APAG spolupracuje se spolehliv\u00fdmi a zku\u0161en\u00fdmi dodavateli a distributory s c\u00edlem nav\u00e1zat dlouhodob\u00fd obchodn\u00ed vztah zalo\u017een\u00fd na vz\u00e1jemn\u00e9m respektu, d\u016fv\u011b\u0159e a z\u00e1vazku. V na\u0161ich EMS a R&amp;D procesech pou\u017e\u00edv\u00e1 n\u00e1\u0161 t\u00fdm odborn\u00edk\u016f \u0161irokou \u0161k\u00e1lu elektronick\u00fdch sou\u010d\u00e1stek od jednoduch\u00fdch rezistor\u016f, kondenz\u00e1tor\u016f, diod a tranzistor\u016f a\u017e po zak\u00e1zkov\u00e9 ASIC. Ro\u010dn\u00ed obrat s t\u011bmito sou\u010d\u00e1stkami \u010din\u00ed p\u0159ibli\u017en\u011b [&hellip;]\" \/>\n<meta property=\"og:url\" content=\"https:\/\/www.apagcosyst.com\/cs\/pro-dodavatele\/elektronicke-soucastky\/\" \/>\n<meta property=\"og:site_name\" content=\"APAGCoSyst\" \/>\n<meta property=\"article:modified_time\" content=\"2026-04-14T09:14:54+00:00\" \/>\n<meta name=\"twitter:label1\" content=\"Odhadovan\u00e1 doba \u010dten\u00ed\" \/>\n\t<meta name=\"twitter:data1\" content=\"1 minuta\" \/>\n<!-- \/ Yoast SEO plugin. -->","yoast_head_json":{"title":"Elektronick\u00e9 sou\u010d\u00e1stky - APAGCoSyst","robots":{"index":"index","follow":"follow","max-snippet":"max-snippet:-1","max-image-preview":"max-image-preview:large","max-video-preview":"max-video-preview:-1"},"canonical":"https:\/\/www.apagcosyst.com\/cs\/pro-dodavatele\/elektronicke-soucastky\/","og_locale":"cs_CZ","og_type":"article","og_title":"Elektronick\u00e9 sou\u010d\u00e1stky - APAGCoSyst","og_description":"Spole\u010dnost APAG spolupracuje se spolehliv\u00fdmi a zku\u0161en\u00fdmi dodavateli a distributory s c\u00edlem nav\u00e1zat dlouhodob\u00fd obchodn\u00ed vztah zalo\u017een\u00fd na vz\u00e1jemn\u00e9m respektu, d\u016fv\u011b\u0159e a z\u00e1vazku. V na\u0161ich EMS a R&amp;D procesech pou\u017e\u00edv\u00e1 n\u00e1\u0161 t\u00fdm odborn\u00edk\u016f \u0161irokou \u0161k\u00e1lu elektronick\u00fdch sou\u010d\u00e1stek od jednoduch\u00fdch rezistor\u016f, kondenz\u00e1tor\u016f, diod a tranzistor\u016f a\u017e po zak\u00e1zkov\u00e9 ASIC. Ro\u010dn\u00ed obrat s t\u011bmito sou\u010d\u00e1stkami \u010din\u00ed p\u0159ibli\u017en\u011b [&hellip;]","og_url":"https:\/\/www.apagcosyst.com\/cs\/pro-dodavatele\/elektronicke-soucastky\/","og_site_name":"APAGCoSyst","article_modified_time":"2026-04-14T09:14:54+00:00","twitter_misc":{"Odhadovan\u00e1 doba \u010dten\u00ed":"1 minuta"},"schema":{"@context":"https:\/\/schema.org","@graph":[{"@type":"WebPage","@id":"https:\/\/www.apagcosyst.com\/cs\/pro-dodavatele\/elektronicke-soucastky\/","url":"https:\/\/www.apagcosyst.com\/cs\/pro-dodavatele\/elektronicke-soucastky\/","name":"Elektronick\u00e9 sou\u010d\u00e1stky - APAGCoSyst","isPartOf":{"@id":"https:\/\/www.apagcosyst.com\/cs\/#website"},"datePublished":"2021-09-01T05:51:28+00:00","dateModified":"2026-04-14T09:14:54+00:00","breadcrumb":{"@id":"https:\/\/www.apagcosyst.com\/cs\/pro-dodavatele\/elektronicke-soucastky\/#breadcrumb"},"inLanguage":"cs","potentialAction":[{"@type":"ReadAction","target":["https:\/\/www.apagcosyst.com\/cs\/pro-dodavatele\/elektronicke-soucastky\/"]}]},{"@type":"BreadcrumbList","@id":"https:\/\/www.apagcosyst.com\/cs\/pro-dodavatele\/elektronicke-soucastky\/#breadcrumb","itemListElement":[{"@type":"ListItem","position":1,"name":"Home","item":"https:\/\/www.apagcosyst.com\/cs\/"},{"@type":"ListItem","position":2,"name":"Pro dodavatele","item":"https:\/\/www.apagcosyst.com\/cs\/pro-dodavatele\/"},{"@type":"ListItem","position":3,"name":"Elektronick\u00e9 sou\u010d\u00e1stky"}]},{"@type":"WebSite","@id":"https:\/\/www.apagcosyst.com\/cs\/#website","url":"https:\/\/www.apagcosyst.com\/cs\/","name":"APAGCoSyst","description":"","potentialAction":[{"@type":"SearchAction","target":{"@type":"EntryPoint","urlTemplate":"https:\/\/www.apagcosyst.com\/cs\/?s={search_term_string}"},"query-input":"required name=search_term_string"}],"inLanguage":"cs"}]}},"featured_image_src":null,"featured_image_src_square":null,"_links":{"self":[{"href":"https:\/\/www.apagcosyst.com\/cs\/wp-json\/wp\/v2\/pages\/3126"}],"collection":[{"href":"https:\/\/www.apagcosyst.com\/cs\/wp-json\/wp\/v2\/pages"}],"about":[{"href":"https:\/\/www.apagcosyst.com\/cs\/wp-json\/wp\/v2\/types\/page"}],"author":[{"embeddable":true,"href":"https:\/\/www.apagcosyst.com\/cs\/wp-json\/wp\/v2\/users\/12"}],"replies":[{"embeddable":true,"href":"https:\/\/www.apagcosyst.com\/cs\/wp-json\/wp\/v2\/comments?post=3126"}],"version-history":[{"count":0,"href":"https:\/\/www.apagcosyst.com\/cs\/wp-json\/wp\/v2\/pages\/3126\/revisions"}],"up":[{"embeddable":true,"href":"https:\/\/www.apagcosyst.com\/cs\/wp-json\/wp\/v2\/pages\/1704"}],"wp:attachment":[{"href":"https:\/\/www.apagcosyst.com\/cs\/wp-json\/wp\/v2\/media?parent=3126"}],"curies":[{"name":"wp","href":"https:\/\/api.w.org\/{rel}","templated":true}]}}