{"id":3121,"date":"2021-12-21T13:37:53","date_gmt":"2021-12-21T13:37:53","guid":{"rendered":"https:\/\/www.medagcosyst.cz\/?page_id=3121"},"modified":"2026-04-16T14:45:09","modified_gmt":"2026-04-16T12:45:09","slug":"desky-plosnych-spoju-pcb","status":"publish","type":"page","link":"https:\/\/www.apagcosyst.com\/cs\/pro-dodavatele\/desky-plosnych-spoju-pcb\/","title":{"rendered":"Desky plo\u0161n\u00fdch spoj\u016f (PCB)"},"content":{"rendered":"<p>APAGCoSyst pracuje se seznamem preferovan\u00fdch dodavatel\u016f. V\u00fdrobci desek plo\u0161n\u00fdch spoj\u016f mohou nav\u00edc poskytnout podklady pro optim\u00e1ln\u00ed uspo\u0159\u00e1d\u00e1n\u00ed desek s plo\u0161n\u00fdmi spoji na m\u00edru.<\/p>\n<h3>Standardn\u00ed po\u017eadavky:<\/h3>\n<ul>\n<li>Jednostrann\u00e9 nebo oboustrann\u00e9, s pr\u016fchoz\u00edmi otvory, pokovan\u00e9<\/li>\n<li>Desky plo\u0161n\u00fdch spoj\u016f Muliflex nebo Rigifflex z polyimidu<\/li>\n<li>Semiflex v materi\u00e1lu FR4 jako alternativa k polyimidu<\/li>\n<li>Dod\u00e1vka pouze 100% elektricky testovan\u00e1<\/li>\n<\/ul>\n<p><strong>Kontakt: <\/strong> Mr. Klaus Wandler (<a href=\"mailto:klaus.wandler@apagcoyst.com\">klaus.wandler@apagcoyst.com<\/a>)<\/p>\n","protected":false},"excerpt":{"rendered":"<p>APAGCoSyst pracuje se seznamem preferovan\u00fdch dodavatel\u016f. V\u00fdrobci desek plo\u0161n\u00fdch spoj\u016f mohou nav\u00edc poskytnout podklady pro optim\u00e1ln\u00ed uspo\u0159\u00e1d\u00e1n\u00ed desek s plo\u0161n\u00fdmi spoji na m\u00edru. Standardn\u00ed po\u017eadavky: Jednostrann\u00e9 nebo oboustrann\u00e9, s pr\u016fchoz\u00edmi otvory, pokovan\u00e9 Desky plo\u0161n\u00fdch spoj\u016f Muliflex nebo Rigifflex z polyimidu Semiflex v materi\u00e1lu FR4 jako alternativa k polyimidu Dod\u00e1vka pouze 100% elektricky testovan\u00e1 Kontakt: Mr. [&hellip;]<\/p>\n","protected":false},"author":12,"featured_media":0,"parent":1704,"menu_order":0,"comment_status":"closed","ping_status":"closed","template":"","meta":{"inline_featured_image":false},"acf":[],"yoast_head":"<!-- This site is optimized with the Yoast SEO plugin v19.11 - https:\/\/yoast.com\/wordpress\/plugins\/seo\/ -->\n<title>Desky plo\u0161n\u00fdch spoj\u016f (PCB) - APAGCoSyst<\/title>\n<meta name=\"robots\" content=\"index, follow, max-snippet:-1, max-image-preview:large, max-video-preview:-1\" \/>\n<link rel=\"canonical\" href=\"https:\/\/www.apagcosyst.com\/cs\/pro-dodavatele\/desky-plosnych-spoju-pcb\/\" \/>\n<meta property=\"og:locale\" content=\"cs_CZ\" \/>\n<meta property=\"og:type\" content=\"article\" \/>\n<meta property=\"og:title\" content=\"Desky plo\u0161n\u00fdch spoj\u016f (PCB) - APAGCoSyst\" \/>\n<meta property=\"og:description\" content=\"APAGCoSyst pracuje se seznamem preferovan\u00fdch dodavatel\u016f. V\u00fdrobci desek plo\u0161n\u00fdch spoj\u016f mohou nav\u00edc poskytnout podklady pro optim\u00e1ln\u00ed uspo\u0159\u00e1d\u00e1n\u00ed desek s plo\u0161n\u00fdmi spoji na m\u00edru. Standardn\u00ed po\u017eadavky: Jednostrann\u00e9 nebo oboustrann\u00e9, s pr\u016fchoz\u00edmi otvory, pokovan\u00e9 Desky plo\u0161n\u00fdch spoj\u016f Muliflex nebo Rigifflex z polyimidu Semiflex v materi\u00e1lu FR4 jako alternativa k polyimidu Dod\u00e1vka pouze 100% elektricky testovan\u00e1 Kontakt: Mr. [&hellip;]\" \/>\n<meta property=\"og:url\" content=\"https:\/\/www.apagcosyst.com\/cs\/pro-dodavatele\/desky-plosnych-spoju-pcb\/\" \/>\n<meta property=\"og:site_name\" content=\"APAGCoSyst\" \/>\n<meta property=\"article:modified_time\" content=\"2026-04-16T12:45:09+00:00\" \/>\n<meta name=\"twitter:label1\" content=\"Odhadovan\u00e1 doba \u010dten\u00ed\" \/>\n\t<meta name=\"twitter:data1\" content=\"1 minuta\" \/>\n<!-- \/ Yoast SEO plugin. -->","yoast_head_json":{"title":"Desky plo\u0161n\u00fdch spoj\u016f (PCB) - APAGCoSyst","robots":{"index":"index","follow":"follow","max-snippet":"max-snippet:-1","max-image-preview":"max-image-preview:large","max-video-preview":"max-video-preview:-1"},"canonical":"https:\/\/www.apagcosyst.com\/cs\/pro-dodavatele\/desky-plosnych-spoju-pcb\/","og_locale":"cs_CZ","og_type":"article","og_title":"Desky plo\u0161n\u00fdch spoj\u016f (PCB) - APAGCoSyst","og_description":"APAGCoSyst pracuje se seznamem preferovan\u00fdch dodavatel\u016f. V\u00fdrobci desek plo\u0161n\u00fdch spoj\u016f mohou nav\u00edc poskytnout podklady pro optim\u00e1ln\u00ed uspo\u0159\u00e1d\u00e1n\u00ed desek s plo\u0161n\u00fdmi spoji na m\u00edru. Standardn\u00ed po\u017eadavky: Jednostrann\u00e9 nebo oboustrann\u00e9, s pr\u016fchoz\u00edmi otvory, pokovan\u00e9 Desky plo\u0161n\u00fdch spoj\u016f Muliflex nebo Rigifflex z polyimidu Semiflex v materi\u00e1lu FR4 jako alternativa k polyimidu Dod\u00e1vka pouze 100% elektricky testovan\u00e1 Kontakt: Mr. [&hellip;]","og_url":"https:\/\/www.apagcosyst.com\/cs\/pro-dodavatele\/desky-plosnych-spoju-pcb\/","og_site_name":"APAGCoSyst","article_modified_time":"2026-04-16T12:45:09+00:00","twitter_misc":{"Odhadovan\u00e1 doba \u010dten\u00ed":"1 minuta"},"schema":{"@context":"https:\/\/schema.org","@graph":[{"@type":"WebPage","@id":"https:\/\/www.apagcosyst.com\/cs\/pro-dodavatele\/desky-plosnych-spoju-pcb\/","url":"https:\/\/www.apagcosyst.com\/cs\/pro-dodavatele\/desky-plosnych-spoju-pcb\/","name":"Desky plo\u0161n\u00fdch spoj\u016f (PCB) - APAGCoSyst","isPartOf":{"@id":"https:\/\/www.apagcosyst.com\/cs\/#website"},"datePublished":"2021-12-21T13:37:53+00:00","dateModified":"2026-04-16T12:45:09+00:00","breadcrumb":{"@id":"https:\/\/www.apagcosyst.com\/cs\/pro-dodavatele\/desky-plosnych-spoju-pcb\/#breadcrumb"},"inLanguage":"cs","potentialAction":[{"@type":"ReadAction","target":["https:\/\/www.apagcosyst.com\/cs\/pro-dodavatele\/desky-plosnych-spoju-pcb\/"]}]},{"@type":"BreadcrumbList","@id":"https:\/\/www.apagcosyst.com\/cs\/pro-dodavatele\/desky-plosnych-spoju-pcb\/#breadcrumb","itemListElement":[{"@type":"ListItem","position":1,"name":"Home","item":"https:\/\/www.apagcosyst.com\/cs\/"},{"@type":"ListItem","position":2,"name":"Pro dodavatele","item":"https:\/\/www.apagcosyst.com\/cs\/pro-dodavatele\/"},{"@type":"ListItem","position":3,"name":"Desky plo\u0161n\u00fdch spoj\u016f (PCB)"}]},{"@type":"WebSite","@id":"https:\/\/www.apagcosyst.com\/cs\/#website","url":"https:\/\/www.apagcosyst.com\/cs\/","name":"APAGCoSyst","description":"","potentialAction":[{"@type":"SearchAction","target":{"@type":"EntryPoint","urlTemplate":"https:\/\/www.apagcosyst.com\/cs\/?s={search_term_string}"},"query-input":"required name=search_term_string"}],"inLanguage":"cs"}]}},"featured_image_src":null,"featured_image_src_square":null,"_links":{"self":[{"href":"https:\/\/www.apagcosyst.com\/cs\/wp-json\/wp\/v2\/pages\/3121"}],"collection":[{"href":"https:\/\/www.apagcosyst.com\/cs\/wp-json\/wp\/v2\/pages"}],"about":[{"href":"https:\/\/www.apagcosyst.com\/cs\/wp-json\/wp\/v2\/types\/page"}],"author":[{"embeddable":true,"href":"https:\/\/www.apagcosyst.com\/cs\/wp-json\/wp\/v2\/users\/12"}],"replies":[{"embeddable":true,"href":"https:\/\/www.apagcosyst.com\/cs\/wp-json\/wp\/v2\/comments?post=3121"}],"version-history":[{"count":0,"href":"https:\/\/www.apagcosyst.com\/cs\/wp-json\/wp\/v2\/pages\/3121\/revisions"}],"up":[{"embeddable":true,"href":"https:\/\/www.apagcosyst.com\/cs\/wp-json\/wp\/v2\/pages\/1704"}],"wp:attachment":[{"href":"https:\/\/www.apagcosyst.com\/cs\/wp-json\/wp\/v2\/media?parent=3121"}],"curies":[{"name":"wp","href":"https:\/\/api.w.org\/{rel}","templated":true}]}}