{"id":1709,"date":"2021-03-20T05:06:37","date_gmt":"2021-03-20T05:06:37","guid":{"rendered":"https:\/\/www.medagcosyst.cz\/?page_id=1709"},"modified":"2021-11-11T16:22:02","modified_gmt":"2021-11-11T16:22:02","slug":"podminky-sluzby","status":"publish","type":"page","link":"https:\/\/www.apagcosyst.com\/cs\/podminky-sluzby\/","title":{"rendered":"Podm\u00ednky poskytov\u00e1n\u00ed slu\u017eby"},"content":{"rendered":"<p>Posledn\u00ed aktualizace: <strong>22. 3. 2021<\/strong><\/p>\n<p>P\u0159ed pou\u017eit\u00edm internetov\u00e9 str\u00e1nky www.apagcosyst.com (d\u00e1le jen \u201eSlu\u017eba\u201c) provozovan\u00e9 spole\u010dnost\u00ed <strong>APAGCoSyst<\/strong> (d\u00e1le jen \u201emy\u201c, \u201ena\u0161e\u201c apod.) si pe\u010dliv\u011b pro\u010dt\u011bte tyto podm\u00ednky pou\u017eit\u00ed (d\u00e1le jen \u201ePodm\u00ednky\u201c nebo \u201ePodm\u00ednky pou\u017eit\u00ed\u201c).<\/p>\n<p>P\u0159\u00edstup k t\u00e9to Slu\u017eb\u011b a jej\u00ed pou\u017eit\u00ed jsou podm\u00edn\u011bny p\u0159ijet\u00edm a dodr\u017eov\u00e1n\u00ed Podm\u00ednek. Tyto Podm\u00ednky plat\u00ed pro v\u0161echny n\u00e1v\u0161t\u011bvn\u00edky, u\u017eivatele a jin\u00e9 osoby, kter\u00e9 pou\u017e\u00edvaj\u00ed slu\u017ebu nebo k n\u00ed maj\u00ed p\u0159\u00edstup.<\/p>\n<p>P\u0159\u00edstupem ke slu\u017eb\u011b nebo jej\u00edm pou\u017e\u00edv\u00e1n\u00edm souhlas\u00edte s t\u00edm, \u017ee se budete \u0159\u00eddit t\u011bmito Podm\u00ednkami. Pokud s n\u011bkterou podm\u00ednkou nesouhlas\u00edte, nesm\u00edte Slu\u017ebu pou\u017e\u00edvat ani k n\u00ed z\u00edsk\u00e1vat p\u0159\u00edstup.<\/p>\n<h2>Du\u0161evn\u00ed vlastnictv\u00ed<\/h2>\n<p>Slu\u017eba a jej\u00ed p\u016fvodn\u00ed obsah, prvky a funkce jsou v\u00fdlu\u010dn\u00fdm vlastnictv\u00edm spole\u010dnosti <strong>APAGCoSyst<\/strong> a jej\u00edch poskytovatel\u016f licenc\u00ed.<\/p>\n<h2>Odkazy na jin\u00e9 internetov\u00e9 str\u00e1nky<\/h2>\n<p>Na\u0161e Slu\u017eba m\u016f\u017ee obsahovat odkazy na extern\u00ed internetov\u00e9 str\u00e1nky \u010di slu\u017eby, je\u017e spole\u010dnost <strong>APAGCoSy<\/strong>st nevlastn\u00ed ani nespravuje.<\/p>\n<p>Spole\u010dnost <strong>APAGCoSyst<\/strong> neodpov\u00edd\u00e1 za obsah, z\u00e1sady pro ochranu soukrom\u00ed a praktiky internetov\u00fdch str\u00e1nek a slu\u017eeb t\u0159et\u00edch stran. D\u00e1le berete na v\u011bdom\u00ed a souhlas\u00edte s t\u00edm, \u017ee spole\u010dnost APAGCoSyst nenese p\u0159\u00edmou ani nep\u0159\u00edmou odpov\u011bdnost za \u017e\u00e1dn\u00e9 \u0161kody \u010di ztr\u00e1ty zp\u016fsoben\u00e9 nebo \u00fadajn\u011b zp\u016fsoben\u00e9 v souvislosti s pou\u017e\u00edv\u00e1n\u00edm \u017e\u00e1dn\u00e9ho takov\u00e9ho obsahu, zbo\u017e\u00ed \u010di slu\u017eeb, je\u017e jsou k dispozici na internetov\u00fdch str\u00e1nk\u00e1ch t\u0159et\u00edch stran nebo jejich prost\u0159ednictv\u00edm.<\/p>\n<p>D\u016frazn\u011b v\u00e1m doporu\u010dujeme, abyste si pro\u010detli podm\u00ednky a z\u00e1sady pro ochranu soukrom\u00ed ve\u0161ker\u00fdch extern\u00edch internetov\u00fdch str\u00e1nek, kter\u00e9 nav\u0161t\u00edv\u00edte.<\/p>\n<h2>Ukon\u010den\u00ed p\u0159\u00edstupu ke slu\u017eb\u011b<\/h2>\n<p>P\u0159\u00edstup ke Slu\u017eb\u011b m\u016f\u017eeme kdykoli bez p\u0159edchoz\u00edho ozn\u00e1men\u00ed a bez jak\u00e9koli odpov\u011bdnosti ukon\u010dit nebo pozastavit, a to z jak\u00e9hokoli d\u016fvodu, zejm\u00e9na v\u0161ak p\u0159i poru\u0161en\u00ed Podm\u00ednek z va\u0161\u00ed strany.<\/p>\n<p>Ve\u0161ker\u00e1 ustanoven\u00ed t\u011bchto Podm\u00ednek, kter\u00e9 by ze sv\u00e9 povahy m\u011bly z\u016fstat v platnosti i po ukon\u010den\u00ed Slu\u017eby, z\u016fstanou po ukon\u010den\u00ed slu\u017eby v platnosti. Pat\u0159\u00ed k nim zejm\u00e9na ustanoven\u00ed o vlastnictv\u00ed, vylou\u010den\u00ed z\u00e1ruky, od\u0161kodn\u011bn\u00ed a o omezen\u00ed odpov\u011bdnosti.<\/p>\n<h2>Vylou\u010den\u00ed odpov\u011bdnosti<\/h2>\n<p>Tuto Slu\u017ebu pou\u017e\u00edv\u00e1te na vlastn\u00ed nebezpe\u010d\u00ed. Slu\u017eba je poskytov\u00e1na ve stavu, v jak\u00e9m je, a na z\u00e1klad\u011b aktu\u00e1ln\u00ed dostupnosti. Slu\u017eba je poskytov\u00e1na bez jak\u00fdchkoli z\u00e1ruk (a\u0165 u\u017e v\u00fdslovn\u00fdch \u010di implicitn\u00edch), k nim\u017e pat\u0159\u00ed zejm\u00e9na implicitn\u00ed z\u00e1ruka prodejnosti, vhodnosti ke konkr\u00e9tn\u00edmu \u00fa\u010delu, neporu\u0161en\u00ed pr\u00e1v ani z\u00e1ruka pr\u016fb\u011bhu pln\u011bn\u00ed.<\/p>\n<h2>Rozhodn\u00e9 pr\u00e1vo<\/h2>\n<p>Tyto podm\u00ednky se \u0159\u00edd\u00ed pr\u00e1vem Spojen\u00fdch st\u00e1t\u016f a v souladu s n\u00edm musej\u00ed b\u00fdt vykl\u00e1d\u00e1ny, a to bez ohledu na ustanoven\u00ed o st\u0159etu z\u00e1jm\u016f.<\/p>\n<p>Neuplatn\u011bn\u00ed jak\u00e9hokoli pr\u00e1va \u010di ustanoven\u00ed t\u011bchto Podm\u00ednek z na\u0161\u00ed strany se nepova\u017euje za z\u0159eknut\u00ed se t\u011bchto pr\u00e1v.  Bude-li jak\u00e9koli ustanoven\u00ed t\u011bchto Podm\u00ednek soudem prohl\u00e1\u0161eno za neplatn\u00e9 nebo nevymahateln\u00e9, zb\u00fdvaj\u00edc\u00ed \u010d\u00e1st Podm\u00ednek z\u016fst\u00e1v\u00e1 v platnosti. Tyto Podm\u00ednky p\u0159edstavuj\u00ed \u00faplnou dohodu mezi n\u00e1mi a v\u00e1mi ohledn\u011b na\u0161\u00ed Slu\u017eby a nahrazuj\u00ed ve\u0161ker\u00e9 p\u0159edchoz\u00ed dohody ohledn\u011b t\u00e9to Slu\u017eby.<\/p>\n<h2>Zm\u011bny<\/h2>\n<p>Vyhrazujeme si pr\u00e1vo kdykoli bez sv\u00e9ho uv\u00e1\u017een\u00ed tyto podm\u00ednky upravit nebo nahradit. Bude-li n\u011bkter\u00e1 \u00faprava Podm\u00ednek z\u00e1sadn\u00ed, pokus\u00edme se v\u00e1s o tom uv\u011bdomit alespo\u0148 30 dn\u00ed p\u0159edt\u00edm, ne\u017e nov\u00e9 podm\u00ednky vstoup\u00ed v platnost. To, co p\u0159edstavuje z\u00e1sadn\u00ed zm\u011bnu, ur\u010d\u00edme v\u00fdhradn\u011b dle sv\u00e9ho uv\u00e1\u017een\u00ed.<\/p>\n<p>Budete-li nad\u00e1le na\u0161i Slu\u017ebu vyu\u017e\u00edvat i pot\u00e9, co takov\u00e9to \u00fapravy vstoup\u00ed v platnost, bude to znamenat, \u017ee souhlas\u00edte s t\u00edm, \u017ee se upraven\u00fdmi podm\u00ednkami budete \u0159\u00eddit. Jestli\u017ee s nov\u00fdmi podm\u00ednkami nesouhlas\u00edte, p\u0159esta\u0148te Slu\u017ebu vyu\u017e\u00edvat.<\/p>\n<h2>Kontakty<\/h2>\n<p>M\u00e1te-li k t\u011bmto Podm\u00ednk\u00e1m n\u011bjak\u00e9 dotazy, obra\u0165te se na n\u00e1s.<\/p>\n","protected":false},"excerpt":{"rendered":"<p>Posledn\u00ed aktualizace: 22. 3. 2021 P\u0159ed pou\u017eit\u00edm internetov\u00e9 str\u00e1nky www.apagcosyst.com (d\u00e1le jen \u201eSlu\u017eba\u201c) provozovan\u00e9 spole\u010dnost\u00ed APAGCoSyst (d\u00e1le jen \u201emy\u201c, \u201ena\u0161e\u201c apod.) si pe\u010dliv\u011b pro\u010dt\u011bte tyto podm\u00ednky pou\u017eit\u00ed (d\u00e1le jen \u201ePodm\u00ednky\u201c nebo \u201ePodm\u00ednky pou\u017eit\u00ed\u201c). P\u0159\u00edstup k t\u00e9to Slu\u017eb\u011b a jej\u00ed pou\u017eit\u00ed jsou podm\u00edn\u011bny p\u0159ijet\u00edm a dodr\u017eov\u00e1n\u00ed Podm\u00ednek. Tyto Podm\u00ednky plat\u00ed pro v\u0161echny n\u00e1v\u0161t\u011bvn\u00edky, u\u017eivatele a jin\u00e9 [&hellip;]<\/p>\n","protected":false},"author":12,"featured_media":0,"parent":0,"menu_order":0,"comment_status":"closed","ping_status":"closed","template":"","meta":{"inline_featured_image":false},"acf":[],"yoast_head":"<!-- This site is optimized with the Yoast SEO plugin v19.11 - https:\/\/yoast.com\/wordpress\/plugins\/seo\/ -->\n<title>Podm\u00ednky poskytov\u00e1n\u00ed slu\u017eby - APAGCoSyst<\/title>\n<meta name=\"robots\" content=\"index, follow, max-snippet:-1, max-image-preview:large, max-video-preview:-1\" \/>\n<link rel=\"canonical\" href=\"https:\/\/www.apagcosyst.com\/cs\/podminky-sluzby\/\" \/>\n<meta property=\"og:locale\" content=\"cs_CZ\" \/>\n<meta property=\"og:type\" content=\"article\" \/>\n<meta property=\"og:title\" content=\"Podm\u00ednky poskytov\u00e1n\u00ed slu\u017eby - APAGCoSyst\" \/>\n<meta property=\"og:description\" content=\"Posledn\u00ed aktualizace: 22. 3. 2021 P\u0159ed pou\u017eit\u00edm internetov\u00e9 str\u00e1nky www.apagcosyst.com (d\u00e1le jen \u201eSlu\u017eba\u201c) provozovan\u00e9 spole\u010dnost\u00ed APAGCoSyst (d\u00e1le jen \u201emy\u201c, \u201ena\u0161e\u201c apod.) si pe\u010dliv\u011b pro\u010dt\u011bte tyto podm\u00ednky pou\u017eit\u00ed (d\u00e1le jen \u201ePodm\u00ednky\u201c nebo \u201ePodm\u00ednky pou\u017eit\u00ed\u201c). P\u0159\u00edstup k t\u00e9to Slu\u017eb\u011b a jej\u00ed pou\u017eit\u00ed jsou podm\u00edn\u011bny p\u0159ijet\u00edm a dodr\u017eov\u00e1n\u00ed Podm\u00ednek. Tyto Podm\u00ednky plat\u00ed pro v\u0161echny n\u00e1v\u0161t\u011bvn\u00edky, u\u017eivatele a jin\u00e9 [&hellip;]\" \/>\n<meta property=\"og:url\" content=\"https:\/\/www.apagcosyst.com\/cs\/podminky-sluzby\/\" \/>\n<meta property=\"og:site_name\" content=\"APAGCoSyst\" \/>\n<meta property=\"article:modified_time\" content=\"2021-11-11T16:22:02+00:00\" \/>\n<meta name=\"twitter:label1\" content=\"Odhadovan\u00e1 doba \u010dten\u00ed\" \/>\n\t<meta name=\"twitter:data1\" content=\"4 minuty\" \/>\n<!-- \/ Yoast SEO plugin. -->","yoast_head_json":{"title":"Podm\u00ednky poskytov\u00e1n\u00ed slu\u017eby - APAGCoSyst","robots":{"index":"index","follow":"follow","max-snippet":"max-snippet:-1","max-image-preview":"max-image-preview:large","max-video-preview":"max-video-preview:-1"},"canonical":"https:\/\/www.apagcosyst.com\/cs\/podminky-sluzby\/","og_locale":"cs_CZ","og_type":"article","og_title":"Podm\u00ednky poskytov\u00e1n\u00ed slu\u017eby - APAGCoSyst","og_description":"Posledn\u00ed aktualizace: 22. 3. 2021 P\u0159ed pou\u017eit\u00edm internetov\u00e9 str\u00e1nky www.apagcosyst.com (d\u00e1le jen \u201eSlu\u017eba\u201c) provozovan\u00e9 spole\u010dnost\u00ed APAGCoSyst (d\u00e1le jen \u201emy\u201c, \u201ena\u0161e\u201c apod.) si pe\u010dliv\u011b pro\u010dt\u011bte tyto podm\u00ednky pou\u017eit\u00ed (d\u00e1le jen \u201ePodm\u00ednky\u201c nebo \u201ePodm\u00ednky pou\u017eit\u00ed\u201c). P\u0159\u00edstup k t\u00e9to Slu\u017eb\u011b a jej\u00ed pou\u017eit\u00ed jsou podm\u00edn\u011bny p\u0159ijet\u00edm a dodr\u017eov\u00e1n\u00ed Podm\u00ednek. Tyto Podm\u00ednky plat\u00ed pro v\u0161echny n\u00e1v\u0161t\u011bvn\u00edky, u\u017eivatele a jin\u00e9 [&hellip;]","og_url":"https:\/\/www.apagcosyst.com\/cs\/podminky-sluzby\/","og_site_name":"APAGCoSyst","article_modified_time":"2021-11-11T16:22:02+00:00","twitter_misc":{"Odhadovan\u00e1 doba \u010dten\u00ed":"4 minuty"},"schema":{"@context":"https:\/\/schema.org","@graph":[{"@type":"WebPage","@id":"https:\/\/www.apagcosyst.com\/cs\/podminky-sluzby\/","url":"https:\/\/www.apagcosyst.com\/cs\/podminky-sluzby\/","name":"Podm\u00ednky poskytov\u00e1n\u00ed slu\u017eby - APAGCoSyst","isPartOf":{"@id":"https:\/\/www.apagcosyst.com\/cs\/#website"},"datePublished":"2021-03-20T05:06:37+00:00","dateModified":"2021-11-11T16:22:02+00:00","breadcrumb":{"@id":"https:\/\/www.apagcosyst.com\/cs\/podminky-sluzby\/#breadcrumb"},"inLanguage":"cs","potentialAction":[{"@type":"ReadAction","target":["https:\/\/www.apagcosyst.com\/cs\/podminky-sluzby\/"]}]},{"@type":"BreadcrumbList","@id":"https:\/\/www.apagcosyst.com\/cs\/podminky-sluzby\/#breadcrumb","itemListElement":[{"@type":"ListItem","position":1,"name":"Home","item":"https:\/\/www.apagcosyst.com\/cs\/"},{"@type":"ListItem","position":2,"name":"Podm\u00ednky poskytov\u00e1n\u00ed slu\u017eby"}]},{"@type":"WebSite","@id":"https:\/\/www.apagcosyst.com\/cs\/#website","url":"https:\/\/www.apagcosyst.com\/cs\/","name":"APAGCoSyst","description":"","potentialAction":[{"@type":"SearchAction","target":{"@type":"EntryPoint","urlTemplate":"https:\/\/www.apagcosyst.com\/cs\/?s={search_term_string}"},"query-input":"required name=search_term_string"}],"inLanguage":"cs"}]}},"featured_image_src":null,"featured_image_src_square":null,"_links":{"self":[{"href":"https:\/\/www.apagcosyst.com\/cs\/wp-json\/wp\/v2\/pages\/1709"}],"collection":[{"href":"https:\/\/www.apagcosyst.com\/cs\/wp-json\/wp\/v2\/pages"}],"about":[{"href":"https:\/\/www.apagcosyst.com\/cs\/wp-json\/wp\/v2\/types\/page"}],"author":[{"embeddable":true,"href":"https:\/\/www.apagcosyst.com\/cs\/wp-json\/wp\/v2\/users\/12"}],"replies":[{"embeddable":true,"href":"https:\/\/www.apagcosyst.com\/cs\/wp-json\/wp\/v2\/comments?post=1709"}],"version-history":[{"count":0,"href":"https:\/\/www.apagcosyst.com\/cs\/wp-json\/wp\/v2\/pages\/1709\/revisions"}],"wp:attachment":[{"href":"https:\/\/www.apagcosyst.com\/cs\/wp-json\/wp\/v2\/media?parent=1709"}],"curies":[{"name":"wp","href":"https:\/\/api.w.org\/{rel}","templated":true}]}}