{"id":1708,"date":"2021-03-20T05:06:05","date_gmt":"2021-03-20T05:06:05","guid":{"rendered":"https:\/\/www.medagcosyst.cz\/?page_id=1708"},"modified":"2024-11-21T13:05:44","modified_gmt":"2024-11-21T12:05:44","slug":"osvetleni","status":"publish","type":"page","link":"https:\/\/www.apagcosyst.com\/cs\/technologie-a-reseni\/osvetleni\/","title":{"rendered":"Osv\u011btlen\u00ed"},"content":{"rendered":"<div class=\"text-aligncenter alignright\" style=\"position: relative; z-index: 1;\">\n<a class=\"lightbox\" href=\"\/wp-content\/uploads\/Quality-Lighting-Capabilities.png\" style=\"line-height: 0;\"><img class=\"size-thumbnail wp-image-1840\" title=\"Quality Lighting Capabilities\" src=\"\/wp-content\/uploads\/Quality-Lighting-Capabilities-crop.png\" alt=\"Quality Lighting Capabilities\" width=\"320\" data-wp-editing=\"1\" \/><\/a><\/p>\n<p style=\"margin: 0;\">Click to Enlarge<\/p>\n<\/div>\n<p>Spole\u010dnost APAGCoSyst dod\u00e1v\u00e1 komponenty v oblasti elektroniky a osv\u011btlov\u00e1n\u00ed pro automobilov\u00fd pr\u016fmysl a pro zdravotnictv\u00ed i pro r\u016fzn\u00e9 pr\u016fmyslov\u00e9 obory. N\u00e1\u0161 zku\u0161en\u00fd t\u00fdm v\u00fdzkumu a v\u00fdvoje se zam\u011b\u0159uje na uv\u00e1d\u011bn\u00ed kreativn\u00edch n\u00e1pad\u016f do praxe. Navrhujeme, vyv\u00edj\u00edme a vyr\u00e1b\u00edme jedine\u010dn\u00e1 komplexn\u00ed \u0159e\u0161en\u00ed, kter\u00e1 vznikaj\u00ed v na\u0161ich \u0161pi\u010dkov\u00fdch v\u00fdvojov\u00fdch a v\u00fdrobn\u00edch za\u0159\u00edzen\u00edch. N\u00e1\u0161 t\u00fdm se \u0159\u00edd\u00ed hlavn\u00edmi z\u00e1sadami, je\u017e jsou sou\u010d\u00e1st\u00ed na\u0161eho KR\u00c9DA: Ohleduplnost, z\u00e1vazek, kreativita, soudr\u017enost a charakter. Tyto z\u00e1sady n\u00e1m pom\u00e1haj\u00ed dosahovat vynikaj\u00edc\u00edch v\u00fdsledk\u016f v ka\u017ed\u00e9m projektu, kter\u00e9ho se \u00fa\u010dastn\u00edme.<\/p>\n<blockquote class=\"blockquote-text-wrap\">\n<p class=\"bt-text\">Osv\u011btlen\u00ed se rychle st\u00e1v\u00e1 vyjad\u0159ovac\u00edm prost\u0159edkem obchodn\u00edch zna\u010dek a designu a t\u00fdm odborn\u00edk\u016f spole\u010dnosti APAGCoSyst se zam\u011b\u0159uje na uv\u00e1d\u011bn\u00ed koncepc\u00ed do praxe.<\/p>\n<\/blockquote>\n<ul>\n<li>Vysok\u00fd sv\u011bteln\u00fd v\u00fdkon<\/li>\n<li>Rovnom\u011brn\u00e9 rozlo\u017een\u00ed sv\u011btla<\/li>\n<li>P\u0159esn\u00e9 barvy<\/li>\n<li>Se z\u0159etelem na rozlo\u017een\u00ed teploty<\/li>\n<li>Ochrana proti vod\u011b a prachu<\/li>\n<\/ul>\n<p>Odborn\u00edci spole\u010dnosti APAGCoSyst na z\u00e1klad\u011b spolupr\u00e1ce se z\u00e1kazn\u00edkem vytvo\u0159\u00ed koncepce a n\u00e1vrh a pot\u00e9 vyvinou a vyrob\u00ed \u0159e\u0161en\u00ed osv\u011btlen\u00ed, kter\u00e1 zv\u00fdraz\u0148uj\u00ed design, lehce podtrhuj\u00ed detaily a p\u016fsob\u00ed elegantn\u011b a p\u0159ita\u017eliv\u011b. V oblasti designu a v\u00fdroby osv\u011btlen\u00ed disponujeme celou \u0159adou mo\u017enost\u00ed:<\/p>\n<ul>\n<li>Integrace elektroniky, optiky a mechaniky<\/li>\n<li>Design sv\u011btlovod\u016f a jin\u00fdch optick\u00fdch d\u00edl\u016f<\/li>\n<li>Sv\u011bteln\u00e1 simulace<\/li>\n<li>Stupe\u0148 kryt\u00ed a\u017e IP67 (odolnost v\u016f\u010di vod\u011b a prachu)<\/li>\n<li>Integrace konektor\u016f (nap\u0159. pin\u016f) a sp\u00edna\u010d\u016f<\/li>\n<li>Technologie LED (RGB, ovlada\u010de pro LED, LIN nebo p\u0159\u00edm\u00e9 ovl\u00e1d\u00e1n\u00ed)<\/li>\n<li>Povrchov\u00e1 \u00faprava (zal\u00e9v\u00e1n\u00ed silikonem a polyuretanem, conformal coating \/ lakov\u00e1n\u00ed za \u00fa\u010delem ochrany p\u0159ed pov\u011btrnostn\u00edmi vlivy)<\/li>\n<li>Design a mont\u00e1\u017e mechanick\u00fdch kryt\u016f<\/li>\n<li>Sv\u011bteln\u00e1 laborato\u0159, kde ve f\u00e1zi n\u00e1vrhu prob\u00edh\u00e1 m\u011b\u0159en\u00ed a validace<\/li>\n<li>Zku\u0161enosti s \u0159\u00edzen\u00edm projekt\u016f a veden\u00edm intern\u00edch i extern\u00edch t\u00fdm\u016f<\/li>\n<\/ul>\n","protected":false},"excerpt":{"rendered":"<p>Click to Enlarge Spole\u010dnost APAGCoSyst dod\u00e1v\u00e1 komponenty v oblasti elektroniky a osv\u011btlov\u00e1n\u00ed pro automobilov\u00fd pr\u016fmysl a pro zdravotnictv\u00ed i pro r\u016fzn\u00e9 pr\u016fmyslov\u00e9 obory. N\u00e1\u0161 zku\u0161en\u00fd t\u00fdm v\u00fdzkumu a v\u00fdvoje se zam\u011b\u0159uje na uv\u00e1d\u011bn\u00ed kreativn\u00edch n\u00e1pad\u016f do praxe. Navrhujeme, vyv\u00edj\u00edme a vyr\u00e1b\u00edme jedine\u010dn\u00e1 komplexn\u00ed \u0159e\u0161en\u00ed, kter\u00e1 vznikaj\u00ed v na\u0161ich \u0161pi\u010dkov\u00fdch v\u00fdvojov\u00fdch a v\u00fdrobn\u00edch za\u0159\u00edzen\u00edch. N\u00e1\u0161 t\u00fdm [&hellip;]<\/p>\n","protected":false},"author":12,"featured_media":0,"parent":1705,"menu_order":0,"comment_status":"closed","ping_status":"closed","template":"","meta":{"inline_featured_image":false},"acf":[],"yoast_head":"<!-- This site is optimized with the Yoast SEO plugin v19.11 - https:\/\/yoast.com\/wordpress\/plugins\/seo\/ -->\n<title>Osv\u011btlen\u00ed - APAGCoSyst<\/title>\n<meta name=\"robots\" content=\"index, follow, max-snippet:-1, max-image-preview:large, max-video-preview:-1\" \/>\n<link rel=\"canonical\" href=\"https:\/\/www.apagcosyst.com\/cs\/technologie-a-reseni\/osvetleni\/\" \/>\n<meta property=\"og:locale\" content=\"cs_CZ\" \/>\n<meta property=\"og:type\" content=\"article\" \/>\n<meta property=\"og:title\" content=\"Osv\u011btlen\u00ed - APAGCoSyst\" \/>\n<meta property=\"og:description\" content=\"Click to Enlarge Spole\u010dnost APAGCoSyst dod\u00e1v\u00e1 komponenty v oblasti elektroniky a osv\u011btlov\u00e1n\u00ed pro automobilov\u00fd pr\u016fmysl a pro zdravotnictv\u00ed i pro r\u016fzn\u00e9 pr\u016fmyslov\u00e9 obory. N\u00e1\u0161 zku\u0161en\u00fd t\u00fdm v\u00fdzkumu a v\u00fdvoje se zam\u011b\u0159uje na uv\u00e1d\u011bn\u00ed kreativn\u00edch n\u00e1pad\u016f do praxe. Navrhujeme, vyv\u00edj\u00edme a vyr\u00e1b\u00edme jedine\u010dn\u00e1 komplexn\u00ed \u0159e\u0161en\u00ed, kter\u00e1 vznikaj\u00ed v na\u0161ich \u0161pi\u010dkov\u00fdch v\u00fdvojov\u00fdch a v\u00fdrobn\u00edch za\u0159\u00edzen\u00edch. N\u00e1\u0161 t\u00fdm [&hellip;]\" \/>\n<meta property=\"og:url\" content=\"https:\/\/www.apagcosyst.com\/cs\/technologie-a-reseni\/osvetleni\/\" \/>\n<meta property=\"og:site_name\" content=\"APAGCoSyst\" \/>\n<meta property=\"article:modified_time\" content=\"2024-11-21T12:05:44+00:00\" \/>\n<meta name=\"twitter:label1\" content=\"Odhadovan\u00e1 doba \u010dten\u00ed\" \/>\n\t<meta name=\"twitter:data1\" content=\"2 minuty\" \/>\n<!-- \/ Yoast SEO plugin. -->","yoast_head_json":{"title":"Osv\u011btlen\u00ed - APAGCoSyst","robots":{"index":"index","follow":"follow","max-snippet":"max-snippet:-1","max-image-preview":"max-image-preview:large","max-video-preview":"max-video-preview:-1"},"canonical":"https:\/\/www.apagcosyst.com\/cs\/technologie-a-reseni\/osvetleni\/","og_locale":"cs_CZ","og_type":"article","og_title":"Osv\u011btlen\u00ed - APAGCoSyst","og_description":"Click to Enlarge Spole\u010dnost APAGCoSyst dod\u00e1v\u00e1 komponenty v oblasti elektroniky a osv\u011btlov\u00e1n\u00ed pro automobilov\u00fd pr\u016fmysl a pro zdravotnictv\u00ed i pro r\u016fzn\u00e9 pr\u016fmyslov\u00e9 obory. N\u00e1\u0161 zku\u0161en\u00fd t\u00fdm v\u00fdzkumu a v\u00fdvoje se zam\u011b\u0159uje na uv\u00e1d\u011bn\u00ed kreativn\u00edch n\u00e1pad\u016f do praxe. Navrhujeme, vyv\u00edj\u00edme a vyr\u00e1b\u00edme jedine\u010dn\u00e1 komplexn\u00ed \u0159e\u0161en\u00ed, kter\u00e1 vznikaj\u00ed v na\u0161ich \u0161pi\u010dkov\u00fdch v\u00fdvojov\u00fdch a v\u00fdrobn\u00edch za\u0159\u00edzen\u00edch. N\u00e1\u0161 t\u00fdm [&hellip;]","og_url":"https:\/\/www.apagcosyst.com\/cs\/technologie-a-reseni\/osvetleni\/","og_site_name":"APAGCoSyst","article_modified_time":"2024-11-21T12:05:44+00:00","twitter_misc":{"Odhadovan\u00e1 doba \u010dten\u00ed":"2 minuty"},"schema":{"@context":"https:\/\/schema.org","@graph":[{"@type":"WebPage","@id":"https:\/\/www.apagcosyst.com\/cs\/technologie-a-reseni\/osvetleni\/","url":"https:\/\/www.apagcosyst.com\/cs\/technologie-a-reseni\/osvetleni\/","name":"Osv\u011btlen\u00ed - APAGCoSyst","isPartOf":{"@id":"https:\/\/www.apagcosyst.com\/cs\/#website"},"datePublished":"2021-03-20T05:06:05+00:00","dateModified":"2024-11-21T12:05:44+00:00","breadcrumb":{"@id":"https:\/\/www.apagcosyst.com\/cs\/technologie-a-reseni\/osvetleni\/#breadcrumb"},"inLanguage":"cs","potentialAction":[{"@type":"ReadAction","target":["https:\/\/www.apagcosyst.com\/cs\/technologie-a-reseni\/osvetleni\/"]}]},{"@type":"BreadcrumbList","@id":"https:\/\/www.apagcosyst.com\/cs\/technologie-a-reseni\/osvetleni\/#breadcrumb","itemListElement":[{"@type":"ListItem","position":1,"name":"Home","item":"https:\/\/www.apagcosyst.com\/cs\/"},{"@type":"ListItem","position":2,"name":"Technologie a \u0159e\u0161en\u00ed","item":"https:\/\/www.apagcosyst.com\/cs\/technologie-a-reseni\/"},{"@type":"ListItem","position":3,"name":"Osv\u011btlen\u00ed"}]},{"@type":"WebSite","@id":"https:\/\/www.apagcosyst.com\/cs\/#website","url":"https:\/\/www.apagcosyst.com\/cs\/","name":"APAGCoSyst","description":"","potentialAction":[{"@type":"SearchAction","target":{"@type":"EntryPoint","urlTemplate":"https:\/\/www.apagcosyst.com\/cs\/?s={search_term_string}"},"query-input":"required name=search_term_string"}],"inLanguage":"cs"}]}},"featured_image_src":null,"featured_image_src_square":null,"_links":{"self":[{"href":"https:\/\/www.apagcosyst.com\/cs\/wp-json\/wp\/v2\/pages\/1708"}],"collection":[{"href":"https:\/\/www.apagcosyst.com\/cs\/wp-json\/wp\/v2\/pages"}],"about":[{"href":"https:\/\/www.apagcosyst.com\/cs\/wp-json\/wp\/v2\/types\/page"}],"author":[{"embeddable":true,"href":"https:\/\/www.apagcosyst.com\/cs\/wp-json\/wp\/v2\/users\/12"}],"replies":[{"embeddable":true,"href":"https:\/\/www.apagcosyst.com\/cs\/wp-json\/wp\/v2\/comments?post=1708"}],"version-history":[{"count":0,"href":"https:\/\/www.apagcosyst.com\/cs\/wp-json\/wp\/v2\/pages\/1708\/revisions"}],"up":[{"embeddable":true,"href":"https:\/\/www.apagcosyst.com\/cs\/wp-json\/wp\/v2\/pages\/1705"}],"wp:attachment":[{"href":"https:\/\/www.apagcosyst.com\/cs\/wp-json\/wp\/v2\/media?parent=1708"}],"curies":[{"name":"wp","href":"https:\/\/api.w.org\/{rel}","templated":true}]}}