{"id":1704,"date":"2021-03-20T05:04:54","date_gmt":"2021-03-20T05:04:54","guid":{"rendered":"https:\/\/www.medagcosyst.cz\/?page_id=1704"},"modified":"2025-02-19T14:27:37","modified_gmt":"2025-02-19T13:27:37","slug":"pro-dodavatele","status":"publish","type":"page","link":"https:\/\/www.apagcosyst.com\/cs\/pro-dodavatele\/","title":{"rendered":"Pro dodavatele"},"content":{"rendered":"<p>Celosv\u011btov\u00fd objem n\u00e1kup\u016f spole\u010dnost\u00ed skupiny APAG \u010din\u00ed v pr\u016fm\u011bru v\u00edce ne\u017e 40 milion\u016f eur. Nejv\u011bt\u0161\u00ed \u010d\u00e1st n\u00e1le\u017e\u00ed v\u00fdrobn\u00edm materi\u00e1l\u016fm a r\u016fzn\u00fdm d\u016fle\u017eit\u00fdm materi\u00e1l\u016fm, k nim\u017e pat\u0159\u00ed polovodi\u010de, pasivn\u00ed komponenty, desky plo\u0161n\u00fdch spoj\u016f, plastov\u00e9 a optick\u00e9 d\u00edly, kabely a kabelov\u00e9 svazky.<\/p>\n<h2>Po\u017eadavky na dodavatele<\/h2>\n<p>Sv\u00e9 dodavatele u\u017e v ran\u00e9 f\u00e1zi zapojujeme do sv\u00fdch v\u00fdvojov\u00fdch, v\u00fdrobn\u00edch a obchodn\u00edch proces\u016f. T\u00edm vznik\u00e1 \u00fazk\u00e1 spolupr\u00e1ce a intenzivn\u00ed v\u00fdm\u011bna know-how, n\u00e1pad\u016f a odborn\u00fdch znalost\u00ed a doch\u00e1z\u00ed k optim\u00e1ln\u00ed realizaci v\u00fdrobk\u016f. Na opl\u00e1tku nab\u00edz\u00edme dodavatel\u016fm vynikaj\u00edc\u00ed mo\u017enosti rozvoje, atraktivn\u00ed podm\u00ednky a dlouhodobou spolupr\u00e1ci.<\/p>\n<p>Od dodavatel\u016f o\u010dek\u00e1v\u00e1me, \u017ee spln\u00ed n\u00e1sleduj\u00edc\u00ed podm\u00ednky:<\/p>\n<ul>\n<li>Dodavatel mus\u00ed m\u00edt struktury a logistiku, d\u00edky kter\u00fdm dok\u00e1\u017ee z\u00e1sobovat v\u0161echna pracovi\u0161t\u011b APAG na cel\u00e9m sv\u011bt\u011b.<\/li>\n<li>Konkurenceschopnost, co se t\u00fd\u010de cen, spolehlivosti a flexibility.<\/li>\n<li>Ochota sni\u017eovat n\u00e1klady, zaji\u0161\u0165ovat transparentnost n\u00e1klad\u016f a zvy\u0161ovat produktivitu.<\/li>\n<li>Zam\u011b\u0159en\u00ed na inovace a nep\u0159etr\u017eit\u00e9 zdokonalov\u00e1n\u00ed v\u00fdrobk\u016f a proces\u016f.<\/li>\n<li>Zku\u0161enosti s v\u00fdrobou prototyp\u016f a souvisej\u00edc\u00ed odbornost.<\/li>\n<li>P\u0159ijet\u00ed n\u00e1kupn\u00edch podm\u00ednek APAG.<\/li>\n<li>Z\u00e1sada nulov\u00e9 z\u00e1vadnosti u v\u0161ech dod\u00e1vek.<\/li>\n<li>Spln\u011bn\u00ed v\u0161ech aktu\u00e1ln\u00edch po\u017eadavk\u016f na kvalitu.<\/li>\n<li>Schopnost aktualizovat \u00fadaje v mezin\u00e1rodn\u00edm syst\u00e9mu \u00fadaj\u016f o materi\u00e1lech (Material Data System \u2013 IMDS).<\/li>\n<li>Elektronick\u00e1 v\u00fdm\u011bna dat kompatibiln\u00ed s organizac\u00ed APAG.<\/li>\n<li>Ochota fakturovat za dod\u00e1vky \/ slu\u017eby pomoc\u00ed postupu samofakturace.<\/li>\n<li>Ohledy na spole\u010denskou odpov\u011bdnost i na ekonomick\u00e9 a ekologick\u00e9 chov\u00e1n\u00ed, pokud jde o udr\u017eitelnost, zejm\u00e9na v souvislosti s \u010distotou ovzdu\u0161\u00ed, spot\u0159ebou energie, emisemi sklen\u00edkov\u00fdch plyn\u016f, zach\u00e1zen\u00edm s p\u0159\u00edrodn\u00edmi zdroji, sni\u017eov\u00e1n\u00edm mno\u017estv\u00ed odpad\u016f a s kvalitou a spot\u0159ebou vody.<\/li>\n<li>Dodr\u017eov\u00e1n\u00ed v\u0161ech p\u0159\u00edslu\u0161n\u00fdch z\u00e1kon\u016f a p\u0159edpis\u016f, kter\u00e9 je nutno vz\u00edt v potaz p\u0159i pln\u011bn\u00ed dodavatelsk\u00fdch zak\u00e1zek \u2013 zejm\u00e9na jde o z\u00e1kony nam\u00ed\u0159en\u00e9 proti korupci a pran\u00ed \u0161pinav\u00fdch pen\u011bz, z\u00e1kony o hospod\u00e1\u0159sk\u00e9 sout\u011b\u017ei a protitrustov\u00e9 z\u00e1kony, pr\u00e1vn\u00ed p\u0159edpisy t\u00fdkaj\u00edc\u00ed se kontroly dovozu a o da\u0148ovou legislativu.<\/li>\n<li>Dodavatel nesm\u00ed v\u011bdom\u011b nab\u00edzet v\u00fdrobky obsahuj\u00edc\u00ed suroviny, p\u0159i jejich\u017e z\u00edsk\u00e1v\u00e1n\u00ed do\u0161lo k poru\u0161ov\u00e1n\u00ed lidsk\u00fdch pr\u00e1v, korupci nebo etnick\u00e9mu n\u00e1sil\u00ed nebo kter\u00e9 maj\u00ed negativn\u00ed dopad na \u017eivotn\u00ed prost\u0159ed\u00ed.<\/li>\n<li>P\u0159i z\u00edsk\u00e1v\u00e1n\u00ed surovin, jako jsou c\u00edn, wolfram, tantal nebo zlato, mus\u00ed dodavatel spolupracovat s prov\u011b\u0159en\u00fdm a bezkonfliktn\u00edmi v\u00fdrobci surovin a rafineriemi.<\/li>\n<\/ul>\n<p><strong> APAG od sv\u00fdch dodavatel\u016f obecn\u011b o\u010dek\u00e1v\u00e1, \u017ee v\u0161echny v\u00fd\u0161e zm\u00edn\u011bn\u00e9 z\u00e1sady vezmou v potaz v cel\u00e9m sv\u00e9m hodnotov\u00e9m \u0159et\u011bzci. <\/strong><\/p>\n","protected":false},"excerpt":{"rendered":"<p>Celosv\u011btov\u00fd objem n\u00e1kup\u016f spole\u010dnost\u00ed skupiny APAG \u010din\u00ed v pr\u016fm\u011bru v\u00edce ne\u017e 40 milion\u016f eur. Nejv\u011bt\u0161\u00ed \u010d\u00e1st n\u00e1le\u017e\u00ed v\u00fdrobn\u00edm materi\u00e1l\u016fm a r\u016fzn\u00fdm d\u016fle\u017eit\u00fdm materi\u00e1l\u016fm, k nim\u017e pat\u0159\u00ed polovodi\u010de, pasivn\u00ed komponenty, desky plo\u0161n\u00fdch spoj\u016f, plastov\u00e9 a optick\u00e9 d\u00edly, kabely a kabelov\u00e9 svazky. Po\u017eadavky na dodavatele Sv\u00e9 dodavatele u\u017e v ran\u00e9 f\u00e1zi zapojujeme do sv\u00fdch v\u00fdvojov\u00fdch, v\u00fdrobn\u00edch a [&hellip;]<\/p>\n","protected":false},"author":12,"featured_media":0,"parent":0,"menu_order":0,"comment_status":"closed","ping_status":"closed","template":"","meta":{"inline_featured_image":false},"acf":[],"yoast_head":"<!-- This site is optimized with the Yoast SEO plugin v19.11 - https:\/\/yoast.com\/wordpress\/plugins\/seo\/ -->\n<title>Pro dodavatele - APAGCoSyst<\/title>\n<meta name=\"robots\" content=\"index, follow, max-snippet:-1, max-image-preview:large, max-video-preview:-1\" \/>\n<link rel=\"canonical\" href=\"https:\/\/www.apagcosyst.com\/cs\/pro-dodavatele\/\" \/>\n<meta property=\"og:locale\" content=\"cs_CZ\" \/>\n<meta property=\"og:type\" content=\"article\" \/>\n<meta property=\"og:title\" content=\"Pro dodavatele - APAGCoSyst\" \/>\n<meta property=\"og:description\" content=\"Celosv\u011btov\u00fd objem n\u00e1kup\u016f spole\u010dnost\u00ed skupiny APAG \u010din\u00ed v pr\u016fm\u011bru v\u00edce ne\u017e 40 milion\u016f eur. Nejv\u011bt\u0161\u00ed \u010d\u00e1st n\u00e1le\u017e\u00ed v\u00fdrobn\u00edm materi\u00e1l\u016fm a r\u016fzn\u00fdm d\u016fle\u017eit\u00fdm materi\u00e1l\u016fm, k nim\u017e pat\u0159\u00ed polovodi\u010de, pasivn\u00ed komponenty, desky plo\u0161n\u00fdch spoj\u016f, plastov\u00e9 a optick\u00e9 d\u00edly, kabely a kabelov\u00e9 svazky. Po\u017eadavky na dodavatele Sv\u00e9 dodavatele u\u017e v ran\u00e9 f\u00e1zi zapojujeme do sv\u00fdch v\u00fdvojov\u00fdch, v\u00fdrobn\u00edch a [&hellip;]\" \/>\n<meta property=\"og:url\" content=\"https:\/\/www.apagcosyst.com\/cs\/pro-dodavatele\/\" \/>\n<meta property=\"og:site_name\" content=\"APAGCoSyst\" \/>\n<meta property=\"article:modified_time\" content=\"2025-02-19T13:27:37+00:00\" \/>\n<meta name=\"twitter:label1\" content=\"Odhadovan\u00e1 doba \u010dten\u00ed\" \/>\n\t<meta name=\"twitter:data1\" content=\"3 minuty\" \/>\n<!-- \/ Yoast SEO plugin. -->","yoast_head_json":{"title":"Pro dodavatele - APAGCoSyst","robots":{"index":"index","follow":"follow","max-snippet":"max-snippet:-1","max-image-preview":"max-image-preview:large","max-video-preview":"max-video-preview:-1"},"canonical":"https:\/\/www.apagcosyst.com\/cs\/pro-dodavatele\/","og_locale":"cs_CZ","og_type":"article","og_title":"Pro dodavatele - APAGCoSyst","og_description":"Celosv\u011btov\u00fd objem n\u00e1kup\u016f spole\u010dnost\u00ed skupiny APAG \u010din\u00ed v pr\u016fm\u011bru v\u00edce ne\u017e 40 milion\u016f eur. Nejv\u011bt\u0161\u00ed \u010d\u00e1st n\u00e1le\u017e\u00ed v\u00fdrobn\u00edm materi\u00e1l\u016fm a r\u016fzn\u00fdm d\u016fle\u017eit\u00fdm materi\u00e1l\u016fm, k nim\u017e pat\u0159\u00ed polovodi\u010de, pasivn\u00ed komponenty, desky plo\u0161n\u00fdch spoj\u016f, plastov\u00e9 a optick\u00e9 d\u00edly, kabely a kabelov\u00e9 svazky. Po\u017eadavky na dodavatele Sv\u00e9 dodavatele u\u017e v ran\u00e9 f\u00e1zi zapojujeme do sv\u00fdch v\u00fdvojov\u00fdch, v\u00fdrobn\u00edch a [&hellip;]","og_url":"https:\/\/www.apagcosyst.com\/cs\/pro-dodavatele\/","og_site_name":"APAGCoSyst","article_modified_time":"2025-02-19T13:27:37+00:00","twitter_misc":{"Odhadovan\u00e1 doba \u010dten\u00ed":"3 minuty"},"schema":{"@context":"https:\/\/schema.org","@graph":[{"@type":"WebPage","@id":"https:\/\/www.apagcosyst.com\/cs\/pro-dodavatele\/","url":"https:\/\/www.apagcosyst.com\/cs\/pro-dodavatele\/","name":"Pro dodavatele - APAGCoSyst","isPartOf":{"@id":"https:\/\/www.apagcosyst.com\/cs\/#website"},"datePublished":"2021-03-20T05:04:54+00:00","dateModified":"2025-02-19T13:27:37+00:00","breadcrumb":{"@id":"https:\/\/www.apagcosyst.com\/cs\/pro-dodavatele\/#breadcrumb"},"inLanguage":"cs","potentialAction":[{"@type":"ReadAction","target":["https:\/\/www.apagcosyst.com\/cs\/pro-dodavatele\/"]}]},{"@type":"BreadcrumbList","@id":"https:\/\/www.apagcosyst.com\/cs\/pro-dodavatele\/#breadcrumb","itemListElement":[{"@type":"ListItem","position":1,"name":"Home","item":"https:\/\/www.apagcosyst.com\/cs\/"},{"@type":"ListItem","position":2,"name":"Pro dodavatele"}]},{"@type":"WebSite","@id":"https:\/\/www.apagcosyst.com\/cs\/#website","url":"https:\/\/www.apagcosyst.com\/cs\/","name":"APAGCoSyst","description":"","potentialAction":[{"@type":"SearchAction","target":{"@type":"EntryPoint","urlTemplate":"https:\/\/www.apagcosyst.com\/cs\/?s={search_term_string}"},"query-input":"required name=search_term_string"}],"inLanguage":"cs"}]}},"featured_image_src":null,"featured_image_src_square":null,"_links":{"self":[{"href":"https:\/\/www.apagcosyst.com\/cs\/wp-json\/wp\/v2\/pages\/1704"}],"collection":[{"href":"https:\/\/www.apagcosyst.com\/cs\/wp-json\/wp\/v2\/pages"}],"about":[{"href":"https:\/\/www.apagcosyst.com\/cs\/wp-json\/wp\/v2\/types\/page"}],"author":[{"embeddable":true,"href":"https:\/\/www.apagcosyst.com\/cs\/wp-json\/wp\/v2\/users\/12"}],"replies":[{"embeddable":true,"href":"https:\/\/www.apagcosyst.com\/cs\/wp-json\/wp\/v2\/comments?post=1704"}],"version-history":[{"count":0,"href":"https:\/\/www.apagcosyst.com\/cs\/wp-json\/wp\/v2\/pages\/1704\/revisions"}],"wp:attachment":[{"href":"https:\/\/www.apagcosyst.com\/cs\/wp-json\/wp\/v2\/media?parent=1704"}],"curies":[{"name":"wp","href":"https:\/\/api.w.org\/{rel}","templated":true}]}}