{"id":1701,"date":"2021-03-20T05:02:52","date_gmt":"2021-03-20T05:02:52","guid":{"rendered":"https:\/\/www.medagcosyst.cz\/?page_id=1701"},"modified":"2021-03-22T10:39:19","modified_gmt":"2021-03-22T10:39:19","slug":"sdilejte-svuj-pozadavek","status":"publish","type":"page","link":"https:\/\/www.apagcosyst.com\/cs\/sdilejte-svuj-pozadavek\/","title":{"rendered":"Sd\u00edlejte sv\u016fj po\u017eadavek"},"content":{"rendered":"<script type=\"text\/javascript\">var gform;gform||(document.addEventListener(\"gform_main_scripts_loaded\",function(){gform.scriptsLoaded=!0}),window.addEventListener(\"DOMContentLoaded\",function(){gform.domLoaded=!0}),gform={domLoaded:!1,scriptsLoaded:!1,initializeOnLoaded:function(o){gform.domLoaded&&gform.scriptsLoaded?o():!gform.domLoaded&&gform.scriptsLoaded?window.addEventListener(\"DOMContentLoaded\",o):document.addEventListener(\"gform_main_scripts_loaded\",o)},hooks:{action:{},filter:{}},addAction:function(o,n,r,t){gform.addHook(\"action\",o,n,r,t)},addFilter:function(o,n,r,t){gform.addHook(\"filter\",o,n,r,t)},doAction:function(o){gform.doHook(\"action\",o,arguments)},applyFilters:function(o){return gform.doHook(\"filter\",o,arguments)},removeAction:function(o,n){gform.removeHook(\"action\",o,n)},removeFilter:function(o,n,r){gform.removeHook(\"filter\",o,n,r)},addHook:function(o,n,r,t,i){null==gform.hooks[o][n]&&(gform.hooks[o][n]=[]);var e=gform.hooks[o][n];null==i&&(i=n+\"_\"+e.length),gform.hooks[o][n].push({tag:i,callable:r,priority:t=null==t?10:t})},doHook:function(n,o,r){var t;if(r=Array.prototype.slice.call(r,1),null!=gform.hooks[n][o]&&((o=gform.hooks[n][o]).sort(function(o,n){return o.priority-n.priority}),o.forEach(function(o){\"function\"!=typeof(t=o.callable)&&(t=window[t]),\"action\"==n?t.apply(null,r):r[0]=t.apply(null,r)})),\"filter\"==n)return r[0]},removeHook:function(o,n,t,i){var r;null!=gform.hooks[o][n]&&(r=(r=gform.hooks[o][n]).filter(function(o,n,r){return!!(null!=i&&i!=o.tag||null!=t&&t!=o.priority)}),gform.hooks[o][n]=r)}});<\/script>\n                <div class='gf_browser_gecko gform_wrapper gform_legacy_markup_wrapper' id='gform_wrapper_10' >\n                        <div class='gform_heading'>\n                            <span class='gform_description'><\/span>\n                        <\/div><form method='post' enctype='multipart\/form-data'  id='gform_10'  action='\/cs\/wp-json\/wp\/v2\/pages\/1701' >\n                        <div class='gform_body gform-body'><ul id='gform_fields_10' class='gform_fields top_label form_sublabel_below description_below'><li id=\"field_10_1\"  class=\"gfield gfield_contains_required field_sublabel_below field_description_below gfield_visibility_visible\"  data-js-reload=\"field_10_1\"><label class='gfield_label gfield_label_before_complex'  >Jm\u00e9no<span class=\"gfield_required\"><span class=\"gfield_required gfield_required_asterisk\">*<\/span><\/span><\/label><div class='ginput_complex ginput_container no_prefix has_first_name no_middle_name has_last_name no_suffix gf_name_has_2 ginput_container_name' id='input_10_1'>\n                            \n                            <span id='input_10_1_3_container' class='name_first' >\n                                                    <input type='text' name='input_1.3' id='input_10_1_3' value=''   aria-required='true'     \/>\n                                                    <label for='input_10_1_3' >K\u0159estn\u00ed jm\u00e9no<\/label>\n                                                <\/span>\n                            \n                            <span id='input_10_1_6_container' class='name_last' >\n                                                    <input type='text' name='input_1.6' id='input_10_1_6' value=''   aria-required='true'     \/>\n                                                    <label for='input_10_1_6' >P\u0159\u00edjmen\u00ed<\/label>\n                                                <\/span>\n                            \n                        <\/div><\/li><li id=\"field_10_2\"  class=\"gfield gf_left_half gfield_contains_required field_sublabel_below field_description_below gfield_visibility_visible\"  data-js-reload=\"field_10_2\"><label class='gfield_label' for='input_10_2' >E-mail<span class=\"gfield_required\"><span class=\"gfield_required gfield_required_asterisk\">*<\/span><\/span><\/label><div class='ginput_container ginput_container_email'>\n                            <input name='input_2' id='input_10_2' type='text' value='' class='large'    aria-required=\"true\" aria-invalid=\"false\"  \/>\n                        <\/div><\/li><li id=\"field_10_7\"  class=\"gfield gf_right_half field_sublabel_below field_description_below gfield_visibility_visible\"  data-js-reload=\"field_10_7\"><label class='gfield_label' for='input_10_7' >Telefon<\/label><div class='ginput_container ginput_container_phone'><input name='input_7' id='input_10_7' type='text' value='' class='large'    aria-invalid=\"false\"   \/><\/div><\/li><li id=\"field_10_3\"  class=\"gfield gfield_contains_required field_sublabel_below field_description_below gfield_visibility_visible\"  data-js-reload=\"field_10_3\"><label class='gfield_label' for='input_10_3' >Spole\u010dnost<span class=\"gfield_required\"><span class=\"gfield_required gfield_required_asterisk\">*<\/span><\/span><\/label><div class='ginput_container ginput_container_text'><input name='input_3' id='input_10_3' type='text' value='' class='large'     aria-required=\"true\" aria-invalid=\"false\"   \/> <\/div><\/li><li id=\"field_10_4\"  class=\"gfield gfield_contains_required field_sublabel_below field_description_below gfield_visibility_visible\"  data-js-reload=\"field_10_4\"><label class='gfield_label' for='input_10_4' >Pracovn\u00ed pozice<span class=\"gfield_required\"><span class=\"gfield_required gfield_required_asterisk\">*<\/span><\/span><\/label><div class='ginput_container ginput_container_text'><input name='input_4' id='input_10_4' type='text' value='' class='large'     aria-required=\"true\" aria-invalid=\"false\"   \/> <\/div><\/li><li id=\"field_10_5\"  class=\"gfield gfield_contains_required field_sublabel_below field_description_below gfield_visibility_visible\"  data-js-reload=\"field_10_5\"><label class='gfield_label' for='input_10_5' >Jak v\u00e1m m\u016f\u017eeme pomoci?<span class=\"gfield_required\"><span class=\"gfield_required gfield_required_asterisk\">*<\/span><\/span><\/label><div class='ginput_container ginput_container_textarea'><textarea name='input_5' id='input_10_5' class='textarea medium'     aria-required=\"true\" aria-invalid=\"false\"   rows='10' cols='50'><\/textarea><\/div><\/li><li id=\"field_10_6\"  class=\"gfield field_sublabel_below field_description_below gfield_visibility_visible\"  data-js-reload=\"field_10_6\"><label class='gfield_label' for='input_10_6' >Nahr\u00e1t soubor<\/label><div class='ginput_container ginput_container_fileupload'><input type='hidden' name='MAX_FILE_SIZE' value='33554432' \/><input name='input_6' id='input_10_6' type='file' class='medium' aria-describedby=\"gfield_upload_rules_10_6\" onchange='javascript:gformValidateFileSize( this, 33554432 );'  \/><span class='gform_fileupload_rules' id='gfield_upload_rules_10_6'>Max. file size: 32 MB.<\/span><div class='validation_message validation_message--hidden-on-empty' id='live_validation_message_10_6'><\/div><\/div><\/li><li id=\"field_10_8\"  class=\"gfield field_sublabel_below field_description_below gfield_visibility_visible\"  data-js-reload=\"field_10_8\"><label class='gfield_label' for='input_10_8' >Captcha<\/label><div id='input_10_8' class='ginput_container ginput_recaptcha' data-sitekey='6LcMOY4aAAAAAHPTqYtotLLjwNzNp_W3Xq3a4-ga'  data-theme='light' data-tabindex='0'  data-badge=''><\/div><\/li><\/ul><\/div>\n        <div class='gform_footer top_label'> <input type='submit' id='gform_submit_button_10' class='gform_button button' value='Odeslat'  onclick='if(window[\"gf_submitting_10\"]){return false;}  window[\"gf_submitting_10\"]=true;  ' onkeypress='if( event.keyCode == 13 ){ if(window[\"gf_submitting_10\"]){return false;} window[\"gf_submitting_10\"]=true;  jQuery(\"#gform_10\").trigger(\"submit\",[true]); }' \/> \n            <input type='hidden' class='gform_hidden' name='is_submit_10' value='1' \/>\n            <input type='hidden' class='gform_hidden' name='gform_submit' value='10' \/>\n            \n            <input type='hidden' class='gform_hidden' name='gform_unique_id' value='' \/>\n            <input type='hidden' class='gform_hidden' name='state_10' value='WyJbXSIsImE2NWIwYzRiY2ZhOWFjMzg2OWVlNDJiMWI1ZDM5NjJmIl0=' \/>\n            <input type='hidden' class='gform_hidden' name='gform_target_page_number_10' id='gform_target_page_number_10' value='0' \/>\n            <input type='hidden' class='gform_hidden' name='gform_source_page_number_10' id='gform_source_page_number_10' value='1' \/>\n            <input type='hidden' name='gform_field_values' value='' \/>\n            \n        <\/div>\n                        <p style=\"display: none !important;\"><label>&#916;<textarea name=\"ak_hp_textarea\" cols=\"45\" rows=\"8\" maxlength=\"100\"><\/textarea><\/label><input type=\"hidden\" id=\"ak_js_1\" name=\"ak_js\" value=\"212\"\/><script>document.getElementById( \"ak_js_1\" ).setAttribute( \"value\", ( new Date() ).getTime() );<\/script><\/p><\/form>\n                        <\/div>\n","protected":false},"excerpt":{"rendered":"","protected":false},"author":12,"featured_media":0,"parent":0,"menu_order":0,"comment_status":"closed","ping_status":"closed","template":"","meta":{"inline_featured_image":false},"acf":[],"yoast_head":"<!-- This site is optimized with the Yoast SEO plugin v19.11 - https:\/\/yoast.com\/wordpress\/plugins\/seo\/ -->\n<title>Sd\u00edlejte sv\u016fj po\u017eadavek - APAGCoSyst<\/title>\n<meta name=\"robots\" content=\"index, follow, max-snippet:-1, max-image-preview:large, max-video-preview:-1\" \/>\n<link rel=\"canonical\" href=\"https:\/\/www.apagcosyst.com\/cs\/sdilejte-svuj-pozadavek\/\" \/>\n<meta property=\"og:locale\" content=\"cs_CZ\" \/>\n<meta property=\"og:type\" content=\"article\" \/>\n<meta property=\"og:title\" content=\"Sd\u00edlejte sv\u016fj po\u017eadavek - APAGCoSyst\" \/>\n<meta property=\"og:url\" content=\"https:\/\/www.apagcosyst.com\/cs\/sdilejte-svuj-pozadavek\/\" \/>\n<meta property=\"og:site_name\" content=\"APAGCoSyst\" \/>\n<meta property=\"article:modified_time\" content=\"2021-03-22T10:39:19+00:00\" \/>\n<!-- \/ Yoast SEO plugin. -->","yoast_head_json":{"title":"Sd\u00edlejte sv\u016fj po\u017eadavek - APAGCoSyst","robots":{"index":"index","follow":"follow","max-snippet":"max-snippet:-1","max-image-preview":"max-image-preview:large","max-video-preview":"max-video-preview:-1"},"canonical":"https:\/\/www.apagcosyst.com\/cs\/sdilejte-svuj-pozadavek\/","og_locale":"cs_CZ","og_type":"article","og_title":"Sd\u00edlejte sv\u016fj po\u017eadavek - APAGCoSyst","og_url":"https:\/\/www.apagcosyst.com\/cs\/sdilejte-svuj-pozadavek\/","og_site_name":"APAGCoSyst","article_modified_time":"2021-03-22T10:39:19+00:00","schema":{"@context":"https:\/\/schema.org","@graph":[{"@type":"WebPage","@id":"https:\/\/www.apagcosyst.com\/cs\/sdilejte-svuj-pozadavek\/","url":"https:\/\/www.apagcosyst.com\/cs\/sdilejte-svuj-pozadavek\/","name":"Sd\u00edlejte sv\u016fj po\u017eadavek - APAGCoSyst","isPartOf":{"@id":"https:\/\/www.apagcosyst.com\/cs\/#website"},"datePublished":"2021-03-20T05:02:52+00:00","dateModified":"2021-03-22T10:39:19+00:00","breadcrumb":{"@id":"https:\/\/www.apagcosyst.com\/cs\/sdilejte-svuj-pozadavek\/#breadcrumb"},"inLanguage":"cs","potentialAction":[{"@type":"ReadAction","target":["https:\/\/www.apagcosyst.com\/cs\/sdilejte-svuj-pozadavek\/"]}]},{"@type":"BreadcrumbList","@id":"https:\/\/www.apagcosyst.com\/cs\/sdilejte-svuj-pozadavek\/#breadcrumb","itemListElement":[{"@type":"ListItem","position":1,"name":"Home","item":"https:\/\/www.apagcosyst.com\/cs\/"},{"@type":"ListItem","position":2,"name":"Sd\u00edlejte sv\u016fj po\u017eadavek"}]},{"@type":"WebSite","@id":"https:\/\/www.apagcosyst.com\/cs\/#website","url":"https:\/\/www.apagcosyst.com\/cs\/","name":"APAGCoSyst","description":"","potentialAction":[{"@type":"SearchAction","target":{"@type":"EntryPoint","urlTemplate":"https:\/\/www.apagcosyst.com\/cs\/?s={search_term_string}"},"query-input":"required name=search_term_string"}],"inLanguage":"cs"}]}},"featured_image_src":null,"featured_image_src_square":null,"_links":{"self":[{"href":"https:\/\/www.apagcosyst.com\/cs\/wp-json\/wp\/v2\/pages\/1701"}],"collection":[{"href":"https:\/\/www.apagcosyst.com\/cs\/wp-json\/wp\/v2\/pages"}],"about":[{"href":"https:\/\/www.apagcosyst.com\/cs\/wp-json\/wp\/v2\/types\/page"}],"author":[{"embeddable":true,"href":"https:\/\/www.apagcosyst.com\/cs\/wp-json\/wp\/v2\/users\/12"}],"replies":[{"embeddable":true,"href":"https:\/\/www.apagcosyst.com\/cs\/wp-json\/wp\/v2\/comments?post=1701"}],"version-history":[{"count":0,"href":"https:\/\/www.apagcosyst.com\/cs\/wp-json\/wp\/v2\/pages\/1701\/revisions"}],"wp:attachment":[{"href":"https:\/\/www.apagcosyst.com\/cs\/wp-json\/wp\/v2\/media?parent=1701"}],"curies":[{"name":"wp","href":"https:\/\/api.w.org\/{rel}","templated":true}]}}