{"id":1697,"date":"2021-03-20T05:00:48","date_gmt":"2021-03-20T05:00:48","guid":{"rendered":"https:\/\/www.medagcosyst.cz\/?page_id=1697"},"modified":"2021-10-27T13:57:12","modified_gmt":"2021-10-27T13:57:12","slug":"zasady-ochrany-osobnich-udaju","status":"publish","type":"page","link":"https:\/\/www.apagcosyst.com\/cs\/zasady-ochrany-osobnich-udaju\/","title":{"rendered":"Z\u00e1sady pro ochranu soukrom\u00ed"},"content":{"rendered":"<p>Spole\u010dnost APAGCoSyst ct\u00ed va\u0161e soukrom\u00ed i \u00fa\u010del, za kter\u00fdm n\u00e1m jako\u017eto n\u00e1v\u0161t\u011bvn\u00edk na\u0161ich internetov\u00fdch str\u00e1nek poskytujete \u00fadaje. Shrom\u00e1\u017ed\u011bn\u00e9 \u00fadaje nesd\u00edl\u00edme se t\u0159et\u00edmi stranami, ani jim je neprod\u00e1v\u00e1me a nepronaj\u00edm\u00e1me, ani to nem\u00e1me v \u00famyslu.<\/p>\n<h3>Shroma\u017e\u010fovan\u00e9 \u00fadaje<\/h3>\n<p>Pokud od n\u00e1s po\u017eadujete informace nebo n\u00e1m je p\u0159ed\u00e1v\u00e1te e-mailem prost\u0159ednictv\u00edm funkce \u201email to: info@apagcosyst.com\u201c nebo p\u0159i vypln\u011bn\u00ed kontaktn\u00edho formul\u00e1\u0159e, m\u016f\u017eeme va\u0161i e-mailovou adresu a p\u0159\u00edpadn\u00e9 dal\u0161\u00ed v\u00e1mi poskytnut\u00e9 \u00fadaje ulo\u017eit. Tyto informace sm\u00edme pou\u017e\u00edt k tomu, abychom v\u00e1s mohli v budoucnu kontaktovat po\u0161tou, e-mailem nebo po telefonu a p\u0159edat v\u00e1m informace o na\u0161ich \u0159e\u0161en\u00edch \u010di slu\u017eb\u00e1ch, kter\u00e9 by podle na\u0161eho n\u00e1zoru mohly b\u00fdt pro v\u00e1s p\u0159\u00ednosn\u00e9. Va\u0161e e-mailov\u00e1 adresa a dal\u0161\u00ed \u00fadaje, kter\u00e9 n\u00e1m poskytnete, nebudou prod\u00e1ny \u017e\u00e1dn\u00e9 t\u0159et\u00ed stran\u011b.<\/p>\n<h3>\u00dadaje shroma\u017e\u010fovan\u00e9 jin\u00fdmi stranami<\/h3>\n<p>Toto ozn\u00e1men\u00ed se t\u00fdk\u00e1 pouze z\u00e1sad platn\u00fdch na internetov\u00fdch str\u00e1nk\u00e1ch spole\u010dnosti APAGCoSyst, a nikoli na internetov\u00fdch str\u00e1nk\u00e1ch, na n\u011b\u017e se u\u017eivatel dostane prost\u0159ednictv\u00edm odkaz\u016f na na\u0161ich str\u00e1nk\u00e1ch. Spole\u010dnost APAGCoSyst nenese odpov\u011bdnost za z\u00e1sady shroma\u017e\u010fov\u00e1n\u00ed \u00fadaj\u016f platn\u00e9 na jin\u00fdch internetov\u00fdch str\u00e1nk\u00e1ch ani za postupy pou\u017e\u00edvan\u00e9 internetov\u00fdmi str\u00e1nkami, kter\u00e9 odkazuj\u00ed na na\u0161e str\u00e1nky nebo na n\u011b\u017e odkazuj\u00ed na\u0161e str\u00e1nky, ani za informace a obsah takov\u00fdch internetov\u00fdch str\u00e1nek. Odkazy na jin\u00e9 internetov\u00e9 str\u00e1nky jsou \u010dasto poskytov\u00e1ny v\u00fdhradn\u011b za \u00fa\u010delem upozorn\u011bn\u00ed na informace o t\u00e9matech, kter\u00e1 mohou u\u017eivatele zaj\u00edmat. U\u017eivatel\u016fm doporu\u010dujeme, aby se sezn\u00e1mili se z\u00e1sady pro ochranu soukrom\u00ed jin\u00fdch webov\u00fdch str\u00e1nek.<\/p>\n<h3>Cookies<\/h3>\n<p>Internetov\u00e9 str\u00e1nky spole\u010dnosti APAGCoSyst nepou\u017e\u00edvaj\u00ed cookies. Aktualizace, opravy a vymaz\u00e1n\u00ed osobn\u00edch \u00fadaj\u016f. Chcete-li, aby byl va\u0161e osobn\u00ed \u00fadaje z na\u0161ich z\u00e1znam\u016f vymaz\u00e1ny, po\u0161lete n\u00e1m pros\u00edm e-mail s p\u0159edm\u011btem \u201eOdstranit osobn\u00ed \u00fadaje\u201c.<\/p>\n<h3>Poskytnut\u00ed \u00fadaj\u016f vy\u017eadovan\u00e9 z\u00e1konem<\/h3>\n<p>Spole\u010dnost APAGCoSyst sm\u00ed poskytnout \u00fadaje, pokud j\u00ed to ukl\u00e1d\u00e1 z\u00e1kon \u2013 jin\u00fdmi slovy, jestli\u017ee se v dobr\u00e9 v\u00ed\u0159e domn\u00edv\u00e1me, \u017ee to vy\u017eaduje z\u00e1kon nebo \u017ee je to v z\u00e1jmu ochrany na\u0161ich z\u00e1konn\u00fdch pr\u00e1v.<\/p>\n<h3>Pravideln\u00e9 zm\u011bny z\u00e1sad<\/h3>\n<p>Spole\u010dnost APAGCoSyst sv\u00e9 postupy v oblasti ochrany soukrom\u00ed \u010das od \u010dasu upravuje (nap\u0159. za \u00fa\u010delem sledov\u00e1n\u00ed technologi\u00ed anebo kv\u016fli zm\u011bn\u00e1m z\u00e1kona), a tyto postupy se tedy mohou zm\u011bnit. Abyste byli obezn\u00e1meni s nejnov\u011bj\u0161\u00ed verz\u00ed na\u0161ich z\u00e1sady pro ochranu soukrom\u00ed, p\u0159idejte si pros\u00edm tuto str\u00e1nku k z\u00e1lo\u017ek\u00e1m v prohl\u00ed\u017ee\u010di a pravideln\u011b si ji znovu pro\u010d\u00edtejte.<\/p>\n<p>Toto prohl\u00e1\u0161en\u00ed o z\u00e1sad\u00e1ch ochrany osobn\u00edch \u00fadaj\u016f je u\u010din\u011bno jm\u00e9nem spole\u010dnosti APAGCoSyst a plat\u00ed od 22. 3. 2021. T\u00edmto prohl\u00e1\u0161en\u00edm nevznik\u00e1 \u017e\u00e1dn\u00e1 dohoda mezi spole\u010dnost\u00ed APAGCoSyst a u\u017eivateli, a \u017e\u00e1dn\u00e9 stran\u011b t\u00edm tedy nevznikaj\u00ed \u017e\u00e1dn\u00e1 pr\u00e1va.<\/p>\n<p><strong>Kontakty:<\/strong><br \/>\nEvropa: <a href=\"tel:41448026700\">+41.44.802.67.00<\/a><br \/>\nSevern\u00ed Amerika: <a href=\"tel:15867441994\">+1.586.744.1994<\/a><\/p>\n<p><strong>APAGCoSyst<\/strong><br \/>\nZentrum Staldenbach 13<br \/>\n8808 Pf\u00e4ffikon<br \/>\n\u0160v\u00fdcarsko<\/p>\n<p>E-mail: <a href=\"mailto:info@apagcosyst.com\">info@apagcosyst.com<\/a><br \/>\nInternetov\u00e1 str\u00e1nka:: <a href=\"\/\/www.apagcosyst.com\/cs\">www.apagcosyst.com<\/a><\/p>\n","protected":false},"excerpt":{"rendered":"<p>Spole\u010dnost APAGCoSyst ct\u00ed va\u0161e soukrom\u00ed i \u00fa\u010del, za kter\u00fdm n\u00e1m jako\u017eto n\u00e1v\u0161t\u011bvn\u00edk na\u0161ich internetov\u00fdch str\u00e1nek poskytujete \u00fadaje. Shrom\u00e1\u017ed\u011bn\u00e9 \u00fadaje nesd\u00edl\u00edme se t\u0159et\u00edmi stranami, ani jim je neprod\u00e1v\u00e1me a nepronaj\u00edm\u00e1me, ani to nem\u00e1me v \u00famyslu. Shroma\u017e\u010fovan\u00e9 \u00fadaje Pokud od n\u00e1s po\u017eadujete informace nebo n\u00e1m je p\u0159ed\u00e1v\u00e1te e-mailem prost\u0159ednictv\u00edm funkce \u201email to: info@apagcosyst.com\u201c nebo p\u0159i vypln\u011bn\u00ed kontaktn\u00edho [&hellip;]<\/p>\n","protected":false},"author":12,"featured_media":0,"parent":0,"menu_order":0,"comment_status":"open","ping_status":"open","template":"","meta":{"inline_featured_image":false},"acf":[],"yoast_head":"<!-- This site is optimized with the Yoast SEO plugin v19.11 - https:\/\/yoast.com\/wordpress\/plugins\/seo\/ -->\n<title>Z\u00e1sady pro ochranu soukrom\u00ed - APAGCoSyst<\/title>\n<meta name=\"robots\" content=\"index, follow, max-snippet:-1, max-image-preview:large, max-video-preview:-1\" \/>\n<link rel=\"canonical\" href=\"https:\/\/www.apagcosyst.com\/cs\/zasady-ochrany-osobnich-udaju\/\" \/>\n<meta property=\"og:locale\" content=\"cs_CZ\" \/>\n<meta property=\"og:type\" content=\"article\" \/>\n<meta property=\"og:title\" content=\"Z\u00e1sady pro ochranu soukrom\u00ed - APAGCoSyst\" \/>\n<meta property=\"og:description\" content=\"Spole\u010dnost APAGCoSyst ct\u00ed va\u0161e soukrom\u00ed i \u00fa\u010del, za kter\u00fdm n\u00e1m jako\u017eto n\u00e1v\u0161t\u011bvn\u00edk na\u0161ich internetov\u00fdch str\u00e1nek poskytujete \u00fadaje. Shrom\u00e1\u017ed\u011bn\u00e9 \u00fadaje nesd\u00edl\u00edme se t\u0159et\u00edmi stranami, ani jim je neprod\u00e1v\u00e1me a nepronaj\u00edm\u00e1me, ani to nem\u00e1me v \u00famyslu. Shroma\u017e\u010fovan\u00e9 \u00fadaje Pokud od n\u00e1s po\u017eadujete informace nebo n\u00e1m je p\u0159ed\u00e1v\u00e1te e-mailem prost\u0159ednictv\u00edm funkce \u201email to: info@apagcosyst.com\u201c nebo p\u0159i vypln\u011bn\u00ed kontaktn\u00edho [&hellip;]\" \/>\n<meta property=\"og:url\" content=\"https:\/\/www.apagcosyst.com\/cs\/zasady-ochrany-osobnich-udaju\/\" \/>\n<meta property=\"og:site_name\" content=\"APAGCoSyst\" \/>\n<meta property=\"article:modified_time\" content=\"2021-10-27T13:57:12+00:00\" \/>\n<meta name=\"twitter:label1\" content=\"Odhadovan\u00e1 doba \u010dten\u00ed\" \/>\n\t<meta name=\"twitter:data1\" content=\"3 minuty\" \/>\n<!-- \/ Yoast SEO plugin. -->","yoast_head_json":{"title":"Z\u00e1sady pro ochranu soukrom\u00ed - APAGCoSyst","robots":{"index":"index","follow":"follow","max-snippet":"max-snippet:-1","max-image-preview":"max-image-preview:large","max-video-preview":"max-video-preview:-1"},"canonical":"https:\/\/www.apagcosyst.com\/cs\/zasady-ochrany-osobnich-udaju\/","og_locale":"cs_CZ","og_type":"article","og_title":"Z\u00e1sady pro ochranu soukrom\u00ed - APAGCoSyst","og_description":"Spole\u010dnost APAGCoSyst ct\u00ed va\u0161e soukrom\u00ed i \u00fa\u010del, za kter\u00fdm n\u00e1m jako\u017eto n\u00e1v\u0161t\u011bvn\u00edk na\u0161ich internetov\u00fdch str\u00e1nek poskytujete \u00fadaje. Shrom\u00e1\u017ed\u011bn\u00e9 \u00fadaje nesd\u00edl\u00edme se t\u0159et\u00edmi stranami, ani jim je neprod\u00e1v\u00e1me a nepronaj\u00edm\u00e1me, ani to nem\u00e1me v \u00famyslu. Shroma\u017e\u010fovan\u00e9 \u00fadaje Pokud od n\u00e1s po\u017eadujete informace nebo n\u00e1m je p\u0159ed\u00e1v\u00e1te e-mailem prost\u0159ednictv\u00edm funkce \u201email to: info@apagcosyst.com\u201c nebo p\u0159i vypln\u011bn\u00ed kontaktn\u00edho [&hellip;]","og_url":"https:\/\/www.apagcosyst.com\/cs\/zasady-ochrany-osobnich-udaju\/","og_site_name":"APAGCoSyst","article_modified_time":"2021-10-27T13:57:12+00:00","twitter_misc":{"Odhadovan\u00e1 doba \u010dten\u00ed":"3 minuty"},"schema":{"@context":"https:\/\/schema.org","@graph":[{"@type":"WebPage","@id":"https:\/\/www.apagcosyst.com\/cs\/zasady-ochrany-osobnich-udaju\/","url":"https:\/\/www.apagcosyst.com\/cs\/zasady-ochrany-osobnich-udaju\/","name":"Z\u00e1sady pro ochranu soukrom\u00ed - APAGCoSyst","isPartOf":{"@id":"https:\/\/www.apagcosyst.com\/cs\/#website"},"datePublished":"2021-03-20T05:00:48+00:00","dateModified":"2021-10-27T13:57:12+00:00","breadcrumb":{"@id":"https:\/\/www.apagcosyst.com\/cs\/zasady-ochrany-osobnich-udaju\/#breadcrumb"},"inLanguage":"cs","potentialAction":[{"@type":"ReadAction","target":["https:\/\/www.apagcosyst.com\/cs\/zasady-ochrany-osobnich-udaju\/"]}]},{"@type":"BreadcrumbList","@id":"https:\/\/www.apagcosyst.com\/cs\/zasady-ochrany-osobnich-udaju\/#breadcrumb","itemListElement":[{"@type":"ListItem","position":1,"name":"Home","item":"https:\/\/www.apagcosyst.com\/cs\/"},{"@type":"ListItem","position":2,"name":"Z\u00e1sady pro ochranu soukrom\u00ed"}]},{"@type":"WebSite","@id":"https:\/\/www.apagcosyst.com\/cs\/#website","url":"https:\/\/www.apagcosyst.com\/cs\/","name":"APAGCoSyst","description":"","potentialAction":[{"@type":"SearchAction","target":{"@type":"EntryPoint","urlTemplate":"https:\/\/www.apagcosyst.com\/cs\/?s={search_term_string}"},"query-input":"required name=search_term_string"}],"inLanguage":"cs"}]}},"featured_image_src":null,"featured_image_src_square":null,"_links":{"self":[{"href":"https:\/\/www.apagcosyst.com\/cs\/wp-json\/wp\/v2\/pages\/1697"}],"collection":[{"href":"https:\/\/www.apagcosyst.com\/cs\/wp-json\/wp\/v2\/pages"}],"about":[{"href":"https:\/\/www.apagcosyst.com\/cs\/wp-json\/wp\/v2\/types\/page"}],"author":[{"embeddable":true,"href":"https:\/\/www.apagcosyst.com\/cs\/wp-json\/wp\/v2\/users\/12"}],"replies":[{"embeddable":true,"href":"https:\/\/www.apagcosyst.com\/cs\/wp-json\/wp\/v2\/comments?post=1697"}],"version-history":[{"count":0,"href":"https:\/\/www.apagcosyst.com\/cs\/wp-json\/wp\/v2\/pages\/1697\/revisions"}],"wp:attachment":[{"href":"https:\/\/www.apagcosyst.com\/cs\/wp-json\/wp\/v2\/media?parent=1697"}],"curies":[{"name":"wp","href":"https:\/\/api.w.org\/{rel}","templated":true}]}}