{"id":1665,"date":"2021-03-20T04:57:00","date_gmt":"2021-03-20T04:57:00","guid":{"rendered":"https:\/\/www.medagcosyst.cz\/?page_id=1665"},"modified":"2022-01-03T09:43:30","modified_gmt":"2022-01-03T09:43:30","slug":"nasi-zakaznici","status":"publish","type":"page","link":"https:\/\/www.apagcosyst.com\/cs\/o-nas\/nasi-zakaznici\/","title":{"rendered":"Na\u0161i z\u00e1kazn\u00edci"},"content":{"rendered":"<p>Skupina APAGCoSyst spolupracuje na v\u00fdvojov\u00fdch projektech a na v\u00fdrob\u011b se zna\u010dkami a z\u00e1kazn\u00edky z pr\u016fmyslov\u00fdch obor\u016f z cel\u00e9ho sv\u011bta.<\/p>\n","protected":false},"excerpt":{"rendered":"<p>Skupina APAGCoSyst spolupracuje na v\u00fdvojov\u00fdch projektech a na v\u00fdrob\u011b se zna\u010dkami a z\u00e1kazn\u00edky z pr\u016fmyslov\u00fdch obor\u016f z cel\u00e9ho sv\u011bta.<\/p>\n","protected":false},"author":12,"featured_media":0,"parent":1659,"menu_order":0,"comment_status":"closed","ping_status":"closed","template":"","meta":{"inline_featured_image":false},"acf":[],"yoast_head":"<!-- This site is optimized with the Yoast SEO plugin v19.11 - https:\/\/yoast.com\/wordpress\/plugins\/seo\/ -->\n<title>Na\u0161i z\u00e1kazn\u00edci - APAGCoSyst<\/title>\n<meta name=\"robots\" content=\"index, follow, max-snippet:-1, max-image-preview:large, max-video-preview:-1\" \/>\n<link rel=\"canonical\" href=\"https:\/\/www.apagcosyst.com\/cs\/o-nas\/nasi-zakaznici\/\" \/>\n<meta property=\"og:locale\" content=\"cs_CZ\" \/>\n<meta property=\"og:type\" content=\"article\" \/>\n<meta property=\"og:title\" content=\"Na\u0161i z\u00e1kazn\u00edci - APAGCoSyst\" \/>\n<meta property=\"og:description\" content=\"Skupina APAGCoSyst spolupracuje na v\u00fdvojov\u00fdch projektech a na v\u00fdrob\u011b se zna\u010dkami a z\u00e1kazn\u00edky z pr\u016fmyslov\u00fdch obor\u016f z cel\u00e9ho sv\u011bta.\" \/>\n<meta property=\"og:url\" content=\"https:\/\/www.apagcosyst.com\/cs\/o-nas\/nasi-zakaznici\/\" \/>\n<meta property=\"og:site_name\" content=\"APAGCoSyst\" \/>\n<meta property=\"article:modified_time\" content=\"2022-01-03T09:43:30+00:00\" \/>\n<meta name=\"twitter:label1\" content=\"Odhadovan\u00e1 doba \u010dten\u00ed\" \/>\n\t<meta name=\"twitter:data1\" content=\"1 minuta\" \/>\n<!-- \/ Yoast SEO plugin. -->","yoast_head_json":{"title":"Na\u0161i z\u00e1kazn\u00edci - APAGCoSyst","robots":{"index":"index","follow":"follow","max-snippet":"max-snippet:-1","max-image-preview":"max-image-preview:large","max-video-preview":"max-video-preview:-1"},"canonical":"https:\/\/www.apagcosyst.com\/cs\/o-nas\/nasi-zakaznici\/","og_locale":"cs_CZ","og_type":"article","og_title":"Na\u0161i z\u00e1kazn\u00edci - APAGCoSyst","og_description":"Skupina APAGCoSyst spolupracuje na v\u00fdvojov\u00fdch projektech a na v\u00fdrob\u011b se zna\u010dkami a z\u00e1kazn\u00edky z pr\u016fmyslov\u00fdch obor\u016f z cel\u00e9ho sv\u011bta.","og_url":"https:\/\/www.apagcosyst.com\/cs\/o-nas\/nasi-zakaznici\/","og_site_name":"APAGCoSyst","article_modified_time":"2022-01-03T09:43:30+00:00","twitter_misc":{"Odhadovan\u00e1 doba \u010dten\u00ed":"1 minuta"},"schema":{"@context":"https:\/\/schema.org","@graph":[{"@type":"WebPage","@id":"https:\/\/www.apagcosyst.com\/cs\/o-nas\/nasi-zakaznici\/","url":"https:\/\/www.apagcosyst.com\/cs\/o-nas\/nasi-zakaznici\/","name":"Na\u0161i z\u00e1kazn\u00edci - APAGCoSyst","isPartOf":{"@id":"https:\/\/www.apagcosyst.com\/cs\/#website"},"datePublished":"2021-03-20T04:57:00+00:00","dateModified":"2022-01-03T09:43:30+00:00","breadcrumb":{"@id":"https:\/\/www.apagcosyst.com\/cs\/o-nas\/nasi-zakaznici\/#breadcrumb"},"inLanguage":"cs","potentialAction":[{"@type":"ReadAction","target":["https:\/\/www.apagcosyst.com\/cs\/o-nas\/nasi-zakaznici\/"]}]},{"@type":"BreadcrumbList","@id":"https:\/\/www.apagcosyst.com\/cs\/o-nas\/nasi-zakaznici\/#breadcrumb","itemListElement":[{"@type":"ListItem","position":1,"name":"Home","item":"https:\/\/www.apagcosyst.com\/cs\/"},{"@type":"ListItem","position":2,"name":"O n\u00e1s","item":"https:\/\/www.apagcosyst.com\/cs\/o-nas\/"},{"@type":"ListItem","position":3,"name":"Na\u0161i z\u00e1kazn\u00edci"}]},{"@type":"WebSite","@id":"https:\/\/www.apagcosyst.com\/cs\/#website","url":"https:\/\/www.apagcosyst.com\/cs\/","name":"APAGCoSyst","description":"","potentialAction":[{"@type":"SearchAction","target":{"@type":"EntryPoint","urlTemplate":"https:\/\/www.apagcosyst.com\/cs\/?s={search_term_string}"},"query-input":"required name=search_term_string"}],"inLanguage":"cs"}]}},"featured_image_src":null,"featured_image_src_square":null,"_links":{"self":[{"href":"https:\/\/www.apagcosyst.com\/cs\/wp-json\/wp\/v2\/pages\/1665"}],"collection":[{"href":"https:\/\/www.apagcosyst.com\/cs\/wp-json\/wp\/v2\/pages"}],"about":[{"href":"https:\/\/www.apagcosyst.com\/cs\/wp-json\/wp\/v2\/types\/page"}],"author":[{"embeddable":true,"href":"https:\/\/www.apagcosyst.com\/cs\/wp-json\/wp\/v2\/users\/12"}],"replies":[{"embeddable":true,"href":"https:\/\/www.apagcosyst.com\/cs\/wp-json\/wp\/v2\/comments?post=1665"}],"version-history":[{"count":0,"href":"https:\/\/www.apagcosyst.com\/cs\/wp-json\/wp\/v2\/pages\/1665\/revisions"}],"up":[{"embeddable":true,"href":"https:\/\/www.apagcosyst.com\/cs\/wp-json\/wp\/v2\/pages\/1659"}],"wp:attachment":[{"href":"https:\/\/www.apagcosyst.com\/cs\/wp-json\/wp\/v2\/media?parent=1665"}],"curies":[{"name":"wp","href":"https:\/\/api.w.org\/{rel}","templated":true}]}}