{"id":1660,"date":"2021-03-20T04:56:40","date_gmt":"2021-03-20T04:56:40","guid":{"rendered":"https:\/\/www.medagcosyst.cz\/?page_id=1660"},"modified":"2026-01-29T15:30:03","modified_gmt":"2026-01-29T14:30:03","slug":"skupina-spolecnosti","status":"publish","type":"page","link":"https:\/\/www.apagcosyst.com\/cs\/o-nas\/skupina-spolecnosti\/","title":{"rendered":"Skupina spole\u010dnosti"},"content":{"rendered":"<p>Spole\u010dnost APAGCoSyst byla pos\u00edlena strategickou investic\u00ed spole\u010dnosti ANEVOLVE, \u010dlena ANAND Group se s\u00eddlem v Indii, kter\u00e1 z\u00edskala v\u011bt\u0161inov\u00fd pod\u00edl ve spole\u010dnosti APAGCoSyst. Kanoria Group nad\u00e1le dr\u017e\u00ed v\u00fdznamn\u00fd men\u0161inov\u00fd pod\u00edl, \u010d\u00edm\u017e je zaji\u0161t\u011bna kontinuita, stabilita a zachov\u00e1n\u00ed hodnot, kter\u00e9 spole\u010dnost po desetilet\u00ed utv\u00e1\u0159ely. Tato vlastnick\u00e1 struktura podporuje dlouhodobou strategii spole\u010dnosti APAGCoSyst p\u0159i sou\u010dasn\u00e9m zachov\u00e1n\u00ed jej\u00ed nez\u00e1vislosti, firemn\u00ed kultury a orientace na z\u00e1kazn\u00edka.<\/p>\n","protected":false},"excerpt":{"rendered":"<p>Spole\u010dnost APAGCoSyst byla pos\u00edlena strategickou investic\u00ed spole\u010dnosti ANEVOLVE, \u010dlena ANAND Group se s\u00eddlem v Indii, kter\u00e1 z\u00edskala v\u011bt\u0161inov\u00fd pod\u00edl ve spole\u010dnosti APAGCoSyst. Kanoria Group nad\u00e1le dr\u017e\u00ed v\u00fdznamn\u00fd men\u0161inov\u00fd pod\u00edl, \u010d\u00edm\u017e je zaji\u0161t\u011bna kontinuita, stabilita a zachov\u00e1n\u00ed hodnot, kter\u00e9 spole\u010dnost po desetilet\u00ed utv\u00e1\u0159ely. Tato vlastnick\u00e1 struktura podporuje dlouhodobou strategii spole\u010dnosti APAGCoSyst p\u0159i sou\u010dasn\u00e9m zachov\u00e1n\u00ed jej\u00ed nez\u00e1vislosti, [&hellip;]<\/p>\n","protected":false},"author":12,"featured_media":0,"parent":1659,"menu_order":0,"comment_status":"closed","ping_status":"closed","template":"","meta":{"inline_featured_image":false},"acf":[],"yoast_head":"<!-- This site is optimized with the Yoast SEO plugin v19.11 - https:\/\/yoast.com\/wordpress\/plugins\/seo\/ -->\n<title>Skupina spole\u010dnosti - APAGCoSyst<\/title>\n<meta name=\"robots\" content=\"index, follow, max-snippet:-1, max-image-preview:large, max-video-preview:-1\" \/>\n<link rel=\"canonical\" href=\"https:\/\/www.apagcosyst.com\/cs\/o-nas\/skupina-spolecnosti\/\" \/>\n<meta property=\"og:locale\" content=\"cs_CZ\" \/>\n<meta property=\"og:type\" content=\"article\" \/>\n<meta property=\"og:title\" content=\"Skupina spole\u010dnosti - APAGCoSyst\" \/>\n<meta property=\"og:description\" content=\"Spole\u010dnost APAGCoSyst byla pos\u00edlena strategickou investic\u00ed spole\u010dnosti ANEVOLVE, \u010dlena ANAND Group se s\u00eddlem v Indii, kter\u00e1 z\u00edskala v\u011bt\u0161inov\u00fd pod\u00edl ve spole\u010dnosti APAGCoSyst. Kanoria Group nad\u00e1le dr\u017e\u00ed v\u00fdznamn\u00fd men\u0161inov\u00fd pod\u00edl, \u010d\u00edm\u017e je zaji\u0161t\u011bna kontinuita, stabilita a zachov\u00e1n\u00ed hodnot, kter\u00e9 spole\u010dnost po desetilet\u00ed utv\u00e1\u0159ely. Tato vlastnick\u00e1 struktura podporuje dlouhodobou strategii spole\u010dnosti APAGCoSyst p\u0159i sou\u010dasn\u00e9m zachov\u00e1n\u00ed jej\u00ed nez\u00e1vislosti, [&hellip;]\" \/>\n<meta property=\"og:url\" content=\"https:\/\/www.apagcosyst.com\/cs\/o-nas\/skupina-spolecnosti\/\" \/>\n<meta property=\"og:site_name\" content=\"APAGCoSyst\" \/>\n<meta property=\"article:modified_time\" content=\"2026-01-29T14:30:03+00:00\" \/>\n<meta name=\"twitter:label1\" content=\"Odhadovan\u00e1 doba \u010dten\u00ed\" \/>\n\t<meta name=\"twitter:data1\" content=\"1 minuta\" \/>\n<!-- \/ Yoast SEO plugin. -->","yoast_head_json":{"title":"Skupina spole\u010dnosti - APAGCoSyst","robots":{"index":"index","follow":"follow","max-snippet":"max-snippet:-1","max-image-preview":"max-image-preview:large","max-video-preview":"max-video-preview:-1"},"canonical":"https:\/\/www.apagcosyst.com\/cs\/o-nas\/skupina-spolecnosti\/","og_locale":"cs_CZ","og_type":"article","og_title":"Skupina spole\u010dnosti - APAGCoSyst","og_description":"Spole\u010dnost APAGCoSyst byla pos\u00edlena strategickou investic\u00ed spole\u010dnosti ANEVOLVE, \u010dlena ANAND Group se s\u00eddlem v Indii, kter\u00e1 z\u00edskala v\u011bt\u0161inov\u00fd pod\u00edl ve spole\u010dnosti APAGCoSyst. Kanoria Group nad\u00e1le dr\u017e\u00ed v\u00fdznamn\u00fd men\u0161inov\u00fd pod\u00edl, \u010d\u00edm\u017e je zaji\u0161t\u011bna kontinuita, stabilita a zachov\u00e1n\u00ed hodnot, kter\u00e9 spole\u010dnost po desetilet\u00ed utv\u00e1\u0159ely. Tato vlastnick\u00e1 struktura podporuje dlouhodobou strategii spole\u010dnosti APAGCoSyst p\u0159i sou\u010dasn\u00e9m zachov\u00e1n\u00ed jej\u00ed nez\u00e1vislosti, [&hellip;]","og_url":"https:\/\/www.apagcosyst.com\/cs\/o-nas\/skupina-spolecnosti\/","og_site_name":"APAGCoSyst","article_modified_time":"2026-01-29T14:30:03+00:00","twitter_misc":{"Odhadovan\u00e1 doba \u010dten\u00ed":"1 minuta"},"schema":{"@context":"https:\/\/schema.org","@graph":[{"@type":"WebPage","@id":"https:\/\/www.apagcosyst.com\/cs\/o-nas\/skupina-spolecnosti\/","url":"https:\/\/www.apagcosyst.com\/cs\/o-nas\/skupina-spolecnosti\/","name":"Skupina spole\u010dnosti - APAGCoSyst","isPartOf":{"@id":"https:\/\/www.apagcosyst.com\/cs\/#website"},"datePublished":"2021-03-20T04:56:40+00:00","dateModified":"2026-01-29T14:30:03+00:00","breadcrumb":{"@id":"https:\/\/www.apagcosyst.com\/cs\/o-nas\/skupina-spolecnosti\/#breadcrumb"},"inLanguage":"cs","potentialAction":[{"@type":"ReadAction","target":["https:\/\/www.apagcosyst.com\/cs\/o-nas\/skupina-spolecnosti\/"]}]},{"@type":"BreadcrumbList","@id":"https:\/\/www.apagcosyst.com\/cs\/o-nas\/skupina-spolecnosti\/#breadcrumb","itemListElement":[{"@type":"ListItem","position":1,"name":"Home","item":"https:\/\/www.apagcosyst.com\/cs\/"},{"@type":"ListItem","position":2,"name":"O n\u00e1s","item":"https:\/\/www.apagcosyst.com\/cs\/o-nas\/"},{"@type":"ListItem","position":3,"name":"Skupina spole\u010dnosti"}]},{"@type":"WebSite","@id":"https:\/\/www.apagcosyst.com\/cs\/#website","url":"https:\/\/www.apagcosyst.com\/cs\/","name":"APAGCoSyst","description":"","potentialAction":[{"@type":"SearchAction","target":{"@type":"EntryPoint","urlTemplate":"https:\/\/www.apagcosyst.com\/cs\/?s={search_term_string}"},"query-input":"required name=search_term_string"}],"inLanguage":"cs"}]}},"featured_image_src":null,"featured_image_src_square":null,"_links":{"self":[{"href":"https:\/\/www.apagcosyst.com\/cs\/wp-json\/wp\/v2\/pages\/1660"}],"collection":[{"href":"https:\/\/www.apagcosyst.com\/cs\/wp-json\/wp\/v2\/pages"}],"about":[{"href":"https:\/\/www.apagcosyst.com\/cs\/wp-json\/wp\/v2\/types\/page"}],"author":[{"embeddable":true,"href":"https:\/\/www.apagcosyst.com\/cs\/wp-json\/wp\/v2\/users\/12"}],"replies":[{"embeddable":true,"href":"https:\/\/www.apagcosyst.com\/cs\/wp-json\/wp\/v2\/comments?post=1660"}],"version-history":[{"count":0,"href":"https:\/\/www.apagcosyst.com\/cs\/wp-json\/wp\/v2\/pages\/1660\/revisions"}],"up":[{"embeddable":true,"href":"https:\/\/www.apagcosyst.com\/cs\/wp-json\/wp\/v2\/pages\/1659"}],"wp:attachment":[{"href":"https:\/\/www.apagcosyst.com\/cs\/wp-json\/wp\/v2\/media?parent=1660"}],"curies":[{"name":"wp","href":"https:\/\/api.w.org\/{rel}","templated":true}]}}